{"id":2507801,"date":"2022-03-09T17:22:59","date_gmt":"2022-03-09T16:22:59","guid":{"rendered":"https:\/\/cherry-publishing.com\/?post_type=product&#038;p=2507801"},"modified":"2022-05-11T10:49:49","modified_gmt":"2022-05-11T09:49:49","slug":"la-insumisa-de-las-highlands-el-clan-macleod-1","status":"publish","type":"product","link":"https:\/\/cherry-publishing.com\/es\/novelas\/romance\/historico\/la-insumisa-de-las-highlands-el-clan-macleod-1\/","title":{"rendered":"La insumisa de las Highlands : El clan Macleod 1"},"content":{"rendered":"<div class=\"su-button-center\"><a href=\"https:\/\/amzn.to\/3igVXOz\" class=\"su-button su-button-style-flat su-button-wide\" style=\"color:#FFFFFF;background-color:#b00909;border-color:#8d0808;border-radius:0px;-moz-border-radius:0px;-webkit-border-radius:0px\" target=\"_self\"><span style=\"color:#FFFFFF;padding:7px 20px;font-size:16px;line-height:24px;border-color:#c85353;border-radius:0px;-moz-border-radius:0px;-webkit-border-radius:0px;text-shadow:none;-moz-text-shadow:none;-webkit-text-shadow:none\"><i class=\"sui sui-mouse-pointer\" style=\"font-size:16px;color:#FFFFFF\"><\/i> Leer en e-book<\/span><\/a><\/div>\n<div class=\"su-button-center\"><a href=\"https:\/\/amzn.to\/3In2MbG\" class=\"su-button su-button-style-flat su-button-wide\" style=\"color:#FFFFFF;background-color:#b00909;border-color:#8d0808;border-radius:0px;-moz-border-radius:0px;-webkit-border-radius:0px\" target=\"_blank\" rel=\"noopener noreferrer\"><span style=\"color:#FFFFFF;padding:7px 20px;font-size:16px;line-height:24px;border-color:#c85353;border-radius:0px;-moz-border-radius:0px;-webkit-border-radius:0px;text-shadow:none;-moz-text-shadow:none;-webkit-text-shadow:none\"><i class=\"sui sui-mouse-pointer\" style=\"font-size:16px;color:#FFFFFF\"><\/i> Leer en tapa blanda<\/span><\/a><\/div>\n<div class=\"su-youtube su-u-responsive-media-yes\"><iframe width=\"500\" height=\"400\" src=\"https:\/\/www.youtube.com\/embed\/IZNzfqy0wOQ?\" frameborder=\"0\" allowfullscreen allow=\"autoplay; encrypted-media; picture-in-picture\" title=\"\"><\/iframe><\/div>\n<div class=\"font_preload\" style=\"opacity: 0;\"><\/div>\n","protected":false},"excerpt":{"rendered":"<p>Es una de esas rebeldes que te hechizan y por las que est\u00e1s dispuesto a afrontar todos los peligros&#8230;<\/p>\n<p>Escocia, siglo XV.<\/p>\n<p>Hu\u00e9rfana desde peque\u00f1a, \u00c9lisabeth MacDonald ha sido educada por su t\u00edo, Georg MacDonald, laird de uno de los clanes m\u00e1s poderosos de las Highlands. Cuando decide casarla contra su voluntad, Lizzie no tiene otra elecci\u00f3n que huir, llev\u00e1ndose con ella a un joven ladr\u00f3n que su t\u00edo ten\u00eda encarcelado y que ella salva de una muerte segura.<\/p>\n<p>Ella acepta su hospitalidad y lo sigue hasta sus tierras. Sin embargo, el hermano mayor del joven, Alexander MacLeod, ve en ella la soluci\u00f3n a todos sus problemas y la ocasi\u00f3n de vengarse del hombre que mat\u00f3 a su padre y quiso exterminar a todo su clan. Cuando decide tomarla como reh\u00e9n, Lizzie se rebela contra ese feroz hombre de impresionante belleza. el odio que se tienen da paso a una atracci\u00f3n rec\u00edproca e irresistible hasta que Lizzie deja de desear huir y Alexander ve su plan inicial perturbado por sus propios sentimientos.<\/p>\n<p>Pero pronto, Dougal Campbell, el hombre con quien el t\u00edo de Lizzie la hab\u00eda prometido, llega a las puertas del territorio MacLeod, decidido a recuperar lo que se le hab\u00eda prometido y a aplastar a quien se ponga en su camino.<\/p>\n","protected":false},"featured_media":2507802,"comment_status":"closed","ping_status":"closed","template":"","meta":[],"_links":{"self":[{"href":"https:\/\/cherry-publishing.com\/es\/wp-json\/wp\/v2\/product\/2507801"}],"collection":[{"href":"https:\/\/cherry-publishing.com\/es\/wp-json\/wp\/v2\/product"}],"about":[{"href":"https:\/\/cherry-publishing.com\/es\/wp-json\/wp\/v2\/types\/product"}],"replies":[{"embeddable":true,"href":"https:\/\/cherry-publishing.com\/es\/wp-json\/wp\/v2\/comments?post=2507801"}],"wp:featuredmedia":[{"embeddable":true,"href":"https:\/\/cherry-publishing.com\/es\/wp-json\/wp\/v2\/media\/2507802"}],"wp:attachment":[{"href":"https:\/\/cherry-publishing.com\/es\/wp-json\/wp\/v2\/media?parent=2507801"}],"curies":[{"name":"wp","href":"https:\/\/api.w.org\/{rel}","templated":true}]}}