{"id":2507987,"date":"2022-03-23T09:37:50","date_gmt":"2022-03-23T08:37:50","guid":{"rendered":"https:\/\/cherry-publishing.com\/?post_type=product&#038;p=2507987"},"modified":"2022-05-11T10:49:59","modified_gmt":"2022-05-11T09:49:59","slug":"con-tres-gotitas-de-azahar","status":"publish","type":"product","link":"https:\/\/cherry-publishing.com\/es\/novelas\/romance\/young-adult\/con-tres-gotitas-de-azahar\/","title":{"rendered":"Con tres gotitas de azahar"},"content":{"rendered":"<div class=\"su-button-center\"><a href=\"https:\/\/amzn.to\/3wHxlHb\" class=\"su-button su-button-style-flat su-button-wide\" style=\"color:#FFFFFF;background-color:#b00909;border-color:#8d0808;border-radius:0px;-moz-border-radius:0px;-webkit-border-radius:0px\" target=\"_self\"><span style=\"color:#FFFFFF;padding:7px 20px;font-size:16px;line-height:24px;border-color:#c85353;border-radius:0px;-moz-border-radius:0px;-webkit-border-radius:0px;text-shadow:none;-moz-text-shadow:none;-webkit-text-shadow:none\"><i class=\"sui sui-mouse-pointer\" style=\"font-size:16px;color:#FFFFFF\"><\/i> Leer en e-book<\/span><\/a><\/div>\n<div class=\"su-button-center\"><a href=\"https:\/\/amzn.to\/3wHxlHb\" class=\"su-button su-button-style-flat su-button-wide\" style=\"color:#FFFFFF;background-color:#b00909;border-color:#8d0808;border-radius:0px;-moz-border-radius:0px;-webkit-border-radius:0px\" target=\"_blank\" rel=\"noopener noreferrer\"><span style=\"color:#FFFFFF;padding:7px 20px;font-size:16px;line-height:24px;border-color:#c85353;border-radius:0px;-moz-border-radius:0px;-webkit-border-radius:0px;text-shadow:none;-moz-text-shadow:none;-webkit-text-shadow:none\"><i class=\"sui sui-mouse-pointer\" style=\"font-size:16px;color:#FFFFFF\"><\/i> Leer en tapa blanda<\/span><\/a><\/div>\n<div class=\"su-youtube su-u-responsive-media-yes\"><iframe width=\"500\" height=\"400\" src=\"https:\/\/www.youtube.com\/embed\/taWdOhJ9p5o?\" frameborder=\"0\" allowfullscreen allow=\"autoplay; encrypted-media; picture-in-picture\" title=\"\"><\/iframe><\/div>\n<div class=\"font_preload\" style=\"opacity: 0;\"><\/div>\n","protected":false},"excerpt":{"rendered":"<p><em>Todos recordamos la primera vez que conocimos el amor. Miradas que chocan, mejillas sonrojadas, miradas que se evaden, sonrisas que se hacen c\u00f3mplices de secretos, alegr\u00eda sin razones y una sana pizca de desconfianza, como efecto colateral.<\/em><\/p>\n<p>As\u00ed es c\u00f3mo nuestra protagonista nos llevar\u00e1 a la Argentina de los a\u00f1os 90, nos llevar\u00e1 de la mano para contarnos sus primeros romances y nos ilustrar\u00e1 sobre c\u00f3mo las experiencias amorosas fueron molde\u00e1ndola hasta convertirla en la mujer que es hoy.<\/p>\n<p>Ad\u00e9ntrate con ella al barrio de Vicente L\u00f3pez para descubrir sus primeros pasos en el largo, y a veces arduo, camino del amor.<\/p>\n","protected":false},"featured_media":2507988,"comment_status":"closed","ping_status":"closed","template":"","meta":[],"_links":{"self":[{"href":"https:\/\/cherry-publishing.com\/es\/wp-json\/wp\/v2\/product\/2507987"}],"collection":[{"href":"https:\/\/cherry-publishing.com\/es\/wp-json\/wp\/v2\/product"}],"about":[{"href":"https:\/\/cherry-publishing.com\/es\/wp-json\/wp\/v2\/types\/product"}],"replies":[{"embeddable":true,"href":"https:\/\/cherry-publishing.com\/es\/wp-json\/wp\/v2\/comments?post=2507987"}],"wp:featuredmedia":[{"embeddable":true,"href":"https:\/\/cherry-publishing.com\/es\/wp-json\/wp\/v2\/media\/2507988"}],"wp:attachment":[{"href":"https:\/\/cherry-publishing.com\/es\/wp-json\/wp\/v2\/media?parent=2507987"}],"curies":[{"name":"wp","href":"https:\/\/api.w.org\/{rel}","templated":true}]}}