{"id":2508196,"date":"2022-04-11T13:35:34","date_gmt":"2022-04-11T12:35:34","guid":{"rendered":"https:\/\/cherry-publishing.com\/?post_type=product&#038;p=2508196"},"modified":"2022-05-11T10:50:09","modified_gmt":"2022-05-11T09:50:09","slug":"la-boda-de-mi-mejor-amiga","status":"publish","type":"product","link":"https:\/\/cherry-publishing.com\/es\/novelas\/romance\/new-adult\/la-boda-de-mi-mejor-amiga\/","title":{"rendered":"La boda de mi mejor amiga"},"content":{"rendered":"<div class=\"su-button-center\"><a href=\"https:\/\/amzn.to\/3jMieUQ\" class=\"su-button su-button-style-flat su-button-wide\" style=\"color:#FFFFFF;background-color:#b00909;border-color:#8d0808;border-radius:0px;-moz-border-radius:0px;-webkit-border-radius:0px\" target=\"_blank\" rel=\"noopener noreferrer\"><span style=\"color:#FFFFFF;padding:7px 20px;font-size:16px;line-height:24px;border-color:#c85353;border-radius:0px;-moz-border-radius:0px;-webkit-border-radius:0px;text-shadow:none;-moz-text-shadow:none;-webkit-text-shadow:none\"><i class=\"sui sui-mouse-pointer\" style=\"font-size:16px;color:#FFFFFF\"><\/i> Leer en e-book<\/span><\/a><\/div>\n<div class=\"su-button-center\"><a href=\"https:\/\/amzn.to\/3jMieUQ\" class=\"su-button su-button-style-flat su-button-wide\" style=\"color:#FFFFFF;background-color:#b00909;border-color:#8d0808;border-radius:0px;-moz-border-radius:0px;-webkit-border-radius:0px\" target=\"_blank\" rel=\"noopener noreferrer\"><span style=\"color:#FFFFFF;padding:7px 20px;font-size:16px;line-height:24px;border-color:#c85353;border-radius:0px;-moz-border-radius:0px;-webkit-border-radius:0px;text-shadow:none;-moz-text-shadow:none;-webkit-text-shadow:none\"><i class=\"sui sui-mouse-pointer\" style=\"font-size:16px;color:#FFFFFF\"><\/i> Leer en tapa blanda<\/span><\/a><\/div>\n<div class=\"font_preload\" style=\"opacity: 0;\"><\/div>\n","protected":false},"excerpt":{"rendered":"<p>Jessica Roth ama su vida en la ciudad de Nueva York. Ser promotora de fiestas en una de las compa\u00f1\u00edas m\u00e1s famosas del pa\u00eds la hab\u00eda llenado de experiencias, pero tras su inesperado despido, queda destrozada y a merced de su propia suerte.<br \/>\nPor vueltas del destino, una de sus mejores amigas termina contrat\u00e1ndola para que organice su boda, lo que hace que vuelva a su antiguo pueblo en el sur de Inglaterra y la convierte en una <em>wedding planner<\/em>. Lo que no quiere Jess es reencontrarse con su antiguo amor de la secundaria: Arthur Wheeler, el due\u00f1o del \u00fanico bar del pueblo y el hermano de su mejor amiga.<\/p>\n<p><em>\u00bfLograr\u00e1 Jess hacer que la boda de su amiga sea especial?<\/em><br \/>\n<em>\u00bfPodr\u00e1 hacerse un nombre en el mundo de las fiestas?<\/em><br \/>\n<em>\u00bfSer\u00e1 correspondido esta vez su amor?<\/em><\/p>\n<p>Descubramos juntos lo que es planear la boda de tu mejor amiga.<\/p>\n","protected":false},"featured_media":2508219,"comment_status":"closed","ping_status":"closed","template":"","meta":[],"_links":{"self":[{"href":"https:\/\/cherry-publishing.com\/es\/wp-json\/wp\/v2\/product\/2508196"}],"collection":[{"href":"https:\/\/cherry-publishing.com\/es\/wp-json\/wp\/v2\/product"}],"about":[{"href":"https:\/\/cherry-publishing.com\/es\/wp-json\/wp\/v2\/types\/product"}],"replies":[{"embeddable":true,"href":"https:\/\/cherry-publishing.com\/es\/wp-json\/wp\/v2\/comments?post=2508196"}],"wp:featuredmedia":[{"embeddable":true,"href":"https:\/\/cherry-publishing.com\/es\/wp-json\/wp\/v2\/media\/2508219"}],"wp:attachment":[{"href":"https:\/\/cherry-publishing.com\/es\/wp-json\/wp\/v2\/media?parent=2508196"}],"curies":[{"name":"wp","href":"https:\/\/api.w.org\/{rel}","templated":true}]}}