{"id":2508354,"date":"2022-04-19T10:01:50","date_gmt":"2022-04-19T09:01:50","guid":{"rendered":"https:\/\/cherry-publishing.com\/?post_type=product&#038;p=2508354"},"modified":"2022-05-11T10:47:40","modified_gmt":"2022-05-11T09:47:40","slug":"la-rebelde-de-las-highlands-el-clan-macleod-2","status":"publish","type":"product","link":"https:\/\/cherry-publishing.com\/es\/novelas\/romance\/historico\/la-rebelde-de-las-highlands-el-clan-macleod-2\/","title":{"rendered":"La rebelde de las Highlands (El clan MacLeod 2)"},"content":{"rendered":"<div class=\"su-button-center\"><a href=\"ebook\" class=\"su-button su-button-style-flat su-button-wide\" style=\"color:#FFFFFF;background-color:#b00909;border-color:#8d0808;border-radius:0px;-moz-border-radius:0px;-webkit-border-radius:0px\" target=\"_blank\" rel=\"noopener noreferrer\"><span style=\"color:#FFFFFF;padding:7px 20px;font-size:16px;line-height:24px;border-color:#c85353;border-radius:0px;-moz-border-radius:0px;-webkit-border-radius:0px;text-shadow:none;-moz-text-shadow:none;-webkit-text-shadow:none\"><i class=\"sui sui-mouse-pointer\" style=\"font-size:16px;color:#FFFFFF\"><\/i> Leer en e-book<\/span><\/a><\/div>\n<div class=\"su-button-center\"><a href=\"broch\u00e9\" class=\"su-button su-button-style-flat su-button-wide\" style=\"color:#FFFFFF;background-color:#b00909;border-color:#8d0808;border-radius:0px;-moz-border-radius:0px;-webkit-border-radius:0px\" target=\"_blank\" rel=\"noopener noreferrer\"><span style=\"color:#FFFFFF;padding:7px 20px;font-size:16px;line-height:24px;border-color:#c85353;border-radius:0px;-moz-border-radius:0px;-webkit-border-radius:0px;text-shadow:none;-moz-text-shadow:none;-webkit-text-shadow:none\"><i class=\"sui sui-mouse-pointer\" style=\"font-size:16px;color:#FFFFFF\"><\/i> Leer en tapa blanda<\/span><\/a><\/div>\n<div class=\"font_preload\" style=\"opacity: 0;\"><\/div>\n","protected":false},"excerpt":{"rendered":"<p>Es de esas rebeldes que empuja la pasi\u00f3n de un hombre hacia todos los sacrificios&#8230;<\/p>\n<p>Escocia, siglo XV.<\/p>\n<p>La joven Mary Kinkaid tiene que oficiar como doncella de la princesa Annabelle. Al visitar a su t\u00edo de camino al palacio real no se espera caer del caballo cuando se escapa para cabalgar sola. Todav\u00eda menos desmayarse y despertar en una caba\u00f1a aislada con la \u00fanica compa\u00f1\u00eda del guap\u00edsimo y carism\u00e1tico Craig MacLeod, quien tiene una reputaci\u00f3n sulfurosa. Entre ellos nace una atracci\u00f3n inmediata e irrepresible, pero Craig tiene que casarse con otra mujer&#8230;<\/p>\n","protected":false},"featured_media":2508452,"comment_status":"closed","ping_status":"closed","template":"","meta":[],"_links":{"self":[{"href":"https:\/\/cherry-publishing.com\/es\/wp-json\/wp\/v2\/product\/2508354"}],"collection":[{"href":"https:\/\/cherry-publishing.com\/es\/wp-json\/wp\/v2\/product"}],"about":[{"href":"https:\/\/cherry-publishing.com\/es\/wp-json\/wp\/v2\/types\/product"}],"replies":[{"embeddable":true,"href":"https:\/\/cherry-publishing.com\/es\/wp-json\/wp\/v2\/comments?post=2508354"}],"wp:featuredmedia":[{"embeddable":true,"href":"https:\/\/cherry-publishing.com\/es\/wp-json\/wp\/v2\/media\/2508452"}],"wp:attachment":[{"href":"https:\/\/cherry-publishing.com\/es\/wp-json\/wp\/v2\/media?parent=2508354"}],"curies":[{"name":"wp","href":"https:\/\/api.w.org\/{rel}","templated":true}]}}