{"id":2508474,"date":"2022-04-25T08:55:39","date_gmt":"2022-04-25T07:55:39","guid":{"rendered":"https:\/\/cherry-publishing.com\/?post_type=product&#038;p=2508474"},"modified":"2022-04-29T10:00:32","modified_gmt":"2022-04-29T09:00:32","slug":"reinas","status":"publish","type":"product","link":"https:\/\/cherry-publishing.com\/es\/novelas\/romance\/lgbtq\/reinas\/","title":{"rendered":"Reinas"},"content":{"rendered":"<div class=\"su-button-center\"><a href=\"https:\/\/amzn.to\/3F1CPON\" class=\"su-button su-button-style-flat su-button-wide\" style=\"color:#FFFFFF;background-color:#b00909;border-color:#8d0808;border-radius:0px;-moz-border-radius:0px;-webkit-border-radius:0px\" target=\"_blank\" rel=\"noopener noreferrer\"><span style=\"color:#FFFFFF;padding:7px 20px;font-size:16px;line-height:24px;border-color:#c85353;border-radius:0px;-moz-border-radius:0px;-webkit-border-radius:0px;text-shadow:none;-moz-text-shadow:none;-webkit-text-shadow:none\"><i class=\"sui sui-mouse-pointer\" style=\"font-size:16px;color:#FFFFFF\"><\/i> Leer en e-book<\/span><\/a><\/div>\n<div class=\"su-button-center\"><a href=\"https:\/\/amzn.to\/3y1ZwAX\" class=\"su-button su-button-style-flat su-button-wide\" style=\"color:#FFFFFF;background-color:#b00909;border-color:#8d0808;border-radius:0px;-moz-border-radius:0px;-webkit-border-radius:0px\" target=\"_blank\" rel=\"noopener noreferrer\"><span style=\"color:#FFFFFF;padding:7px 20px;font-size:16px;line-height:24px;border-color:#c85353;border-radius:0px;-moz-border-radius:0px;-webkit-border-radius:0px;text-shadow:none;-moz-text-shadow:none;-webkit-text-shadow:none\"><i class=\"sui sui-mouse-pointer\" style=\"font-size:16px;color:#FFFFFF\"><\/i> Leer en tapa blanda<\/span><\/a><\/div>\n<div class=\"font_preload\" style=\"opacity: 0;\"><\/div>\n","protected":false},"excerpt":{"rendered":"<p>_\u00bfSe puede olvidar un amor de juventud en otros brazos? \u00bfSe puede moldear un coraz\u00f3n para satisfacer los est\u00e1ndares de la sociedad?_<br \/>\nMadrid, 1991.<br \/>\nCata, asturiana, diecisiete a\u00f1os, a\u00fan no sabe qu\u00e9 hacer con su vida. Apabullada por su restrictiva familia y el calor de sus vacaciones en Madrid, comienza una amistad por correspondencia.<br \/>\nAl otro lado de sus cartas, Nata. Madrile\u00f1a, diecinueve a\u00f1os y las ideas muy claras. No teme expresarlas ante cualquiera.<br \/>\nUn mundo las separa, pero su amor por la m\u00fasica de Queen las unir\u00e1 de manera inocente y juvenil. Sin que se den cuenta, fin de a\u00f1o tras fin de a\u00f1o, Natalia y Catalina siguen la una al lado de la otra, pese a que todo a su alrededor parece cambiar.<br \/>\nUn paso en falso de Cata pone a prueba su relaci\u00f3n, y cuando la vida te sacude hasta los cimientos y el amor se tambalea, \u00bfqu\u00e9 queda despu\u00e9s?<\/p>\n","protected":false},"featured_media":2508475,"comment_status":"closed","ping_status":"closed","template":"","meta":[],"_links":{"self":[{"href":"https:\/\/cherry-publishing.com\/es\/wp-json\/wp\/v2\/product\/2508474"}],"collection":[{"href":"https:\/\/cherry-publishing.com\/es\/wp-json\/wp\/v2\/product"}],"about":[{"href":"https:\/\/cherry-publishing.com\/es\/wp-json\/wp\/v2\/types\/product"}],"replies":[{"embeddable":true,"href":"https:\/\/cherry-publishing.com\/es\/wp-json\/wp\/v2\/comments?post=2508474"}],"wp:featuredmedia":[{"embeddable":true,"href":"https:\/\/cherry-publishing.com\/es\/wp-json\/wp\/v2\/media\/2508475"}],"wp:attachment":[{"href":"https:\/\/cherry-publishing.com\/es\/wp-json\/wp\/v2\/media?parent=2508474"}],"curies":[{"name":"wp","href":"https:\/\/api.w.org\/{rel}","templated":true}]}}