{"id":3008584,"date":"2022-05-11T10:44:04","date_gmt":"2022-05-11T09:44:04","guid":{"rendered":"https:\/\/cherry-publishing.com\/?post_type=product&#038;p=3008584"},"modified":"2022-05-13T19:27:40","modified_gmt":"2022-05-13T18:27:40","slug":"el-precio-del-engano","status":"publish","type":"product","link":"https:\/\/cherry-publishing.com\/es\/novelas\/romance\/thriller-romantico\/el-precio-del-engano\/","title":{"rendered":"EL precio del enga\u00f1o"},"content":{"rendered":"<div class=\"su-button-center\"><a href=\"https:\/\/amzn.to\/3LaCmvh\" class=\"su-button su-button-style-flat su-button-wide\" style=\"color:#FFFFFF;background-color:#b00909;border-color:#8d0808;border-radius:0px;-moz-border-radius:0px;-webkit-border-radius:0px\" target=\"_blank\" rel=\"noopener noreferrer\"><span style=\"color:#FFFFFF;padding:7px 20px;font-size:16px;line-height:24px;border-color:#c85353;border-radius:0px;-moz-border-radius:0px;-webkit-border-radius:0px;text-shadow:none;-moz-text-shadow:none;-webkit-text-shadow:none\"><i class=\"sui sui-mouse-pointer\" style=\"font-size:16px;color:#FFFFFF\"><\/i> Leer en e-book<\/span><\/a><\/div>\n<div class=\"su-button-center\"><a href=\"https:\/\/amzn.to\/3LaCmvh\" class=\"su-button su-button-style-flat su-button-wide\" style=\"color:#FFFFFF;background-color:#b00909;border-color:#8d0808;border-radius:0px;-moz-border-radius:0px;-webkit-border-radius:0px\" target=\"_blank\" rel=\"noopener noreferrer\"><span style=\"color:#FFFFFF;padding:7px 20px;font-size:16px;line-height:24px;border-color:#c85353;border-radius:0px;-moz-border-radius:0px;-webkit-border-radius:0px;text-shadow:none;-moz-text-shadow:none;-webkit-text-shadow:none\"><i class=\"sui sui-mouse-pointer\" style=\"font-size:16px;color:#FFFFFF\"><\/i> Leer en tapa blanda<\/span><\/a><\/div>\n<div class=\"font_preload\" style=\"opacity: 0;\"><\/div>\n","protected":false},"excerpt":{"rendered":"<p>Durante los a\u00f1os que Mar\u00eda Elena y Raimundo estuvieron juntos, \u00e9l era irreconocible. Atr\u00e1s quedaron su amargura, su forma despiadada de tratar a la gente. Parec\u00eda el hombre m\u00e1s feliz del mundo.<br \/>\nLuego Carlota, la ni\u00f1a m\u00e1s querida y deseada por madre alguna anunci\u00f3 su llegada al mundo. Lleg\u00f3 el d\u00eda del parto, y ah\u00ed comenz\u00f3 la odisea de Carlota. Rechazada por su padre, malquerida, y con una fragilidad emocional afinada al m\u00e1ximo, cae presa de un ser sin escr\u00fapulos, que la hunde hasta el fondo de su miseria. Es entonces cuando Carlota comienza a luchar para rescatar su vida, para encontrar su lugar en el mundo. El sol que ilumina su meta es el recuerdo de un amor a primera vista imposible: Tiziano Montenegro.<\/p>\n<p>Pero \u00bfexiste la palabra imposible cuando de amor se trata? \u00bfQu\u00e9 le espera a la joven al final de su camino?<\/p>\n","protected":false},"featured_media":3008585,"comment_status":"closed","ping_status":"closed","template":"","meta":[],"_links":{"self":[{"href":"https:\/\/cherry-publishing.com\/es\/wp-json\/wp\/v2\/product\/3008584"}],"collection":[{"href":"https:\/\/cherry-publishing.com\/es\/wp-json\/wp\/v2\/product"}],"about":[{"href":"https:\/\/cherry-publishing.com\/es\/wp-json\/wp\/v2\/types\/product"}],"replies":[{"embeddable":true,"href":"https:\/\/cherry-publishing.com\/es\/wp-json\/wp\/v2\/comments?post=3008584"}],"wp:featuredmedia":[{"embeddable":true,"href":"https:\/\/cherry-publishing.com\/es\/wp-json\/wp\/v2\/media\/3008585"}],"wp:attachment":[{"href":"https:\/\/cherry-publishing.com\/es\/wp-json\/wp\/v2\/media?parent=3008584"}],"curies":[{"name":"wp","href":"https:\/\/api.w.org\/{rel}","templated":true}]}}