{"id":3008624,"date":"2022-05-17T09:31:00","date_gmt":"2022-05-17T08:31:00","guid":{"rendered":"https:\/\/cherry-publishing.com\/?post_type=product&#038;p=3008624"},"modified":"2022-05-20T14:04:03","modified_gmt":"2022-05-20T13:04:03","slug":"la-cautiva-del-highlander-el-clan-macleod-3","status":"publish","type":"product","link":"https:\/\/cherry-publishing.com\/es\/novelas\/romance\/historico\/la-cautiva-del-highlander-el-clan-macleod-3\/","title":{"rendered":"La cautiva del highlander : El clan Macleod 3"},"content":{"rendered":"<div class=\"su-button-center\"><a href=\"https:\/\/amzn.to\/3wue0bU\" class=\"su-button su-button-style-flat su-button-wide\" style=\"color:#FFFFFF;background-color:#b00909;border-color:#8d0808;border-radius:0px;-moz-border-radius:0px;-webkit-border-radius:0px\" target=\"_self\"><span style=\"color:#FFFFFF;padding:7px 20px;font-size:16px;line-height:24px;border-color:#c85353;border-radius:0px;-moz-border-radius:0px;-webkit-border-radius:0px;text-shadow:none;-moz-text-shadow:none;-webkit-text-shadow:none\"><i class=\"sui sui-mouse-pointer\" style=\"font-size:16px;color:#FFFFFF\"><\/i> Leer en e-book<\/span><\/a><\/div>\n<div class=\"su-button-center\"><a href=\"https:\/\/amzn.to\/3LyOmqL\" class=\"su-button su-button-style-flat su-button-wide\" style=\"color:#FFFFFF;background-color:#b00909;border-color:#8d0808;border-radius:0px;-moz-border-radius:0px;-webkit-border-radius:0px\" target=\"_blank\" rel=\"noopener noreferrer\"><span style=\"color:#FFFFFF;padding:7px 20px;font-size:16px;line-height:24px;border-color:#c85353;border-radius:0px;-moz-border-radius:0px;-webkit-border-radius:0px;text-shadow:none;-moz-text-shadow:none;-webkit-text-shadow:none\"><i class=\"sui sui-mouse-pointer\" style=\"font-size:16px;color:#FFFFFF\"><\/i> Leer en tapa blanda<\/span><\/a><\/div>\n<div class=\"font_preload\" style=\"opacity: 0;\"><\/div>\n","protected":false},"excerpt":{"rendered":"<p>Es una de esas rebeldes por las que un hombre est\u00e1 dispuesto a enfrentarse a todo, incluso a sus mayores miedos.<\/p>\n<p>Escocia, siglo XV.<\/p>\n<p>Ewen MacLeod, con el coraz\u00f3n roto, deja su clan y las Highlands para alistarse en el ej\u00e9rcito del rey. Pronto es enviado a la frontera con el reino de Inglaterra, donde se convierte en el capit\u00e1n del fuerte.<\/p>\n<p>Desde entonces, no tiene otra cosa en la cabeza: mantener la paz y evitar que hordas de ingleses entren en las tierras escocesas.<\/p>\n<p>Cuando da caza a una de ellas, no se espera que le cueste tanto capturar al hombre que la dirige, y mucho menos que resulte ser una mujer. No tiene otra elecci\u00f3n que hacerla prisionera para asegurarse de que su padre se mantiene tranquilo y abandone la idea de invadir sus tierras.<\/p>\n<p>Terry Carlisle odia a los escoceses con toda su alma y solo sue\u00f1a con vengarse para hacerles pagar lo que le hicieron a su madre diez a\u00f1os atr\u00e1s. As\u00ed que, cuando ese escoc\u00e9s decide retenerla en su fuerte, solo tiene un \u00fanico deseo: matarlo y luego escapar. Solo que Ewen MacLeod no es un hombre como los dem\u00e1s y Terry, muy a su pesar, se siente irresistiblemente atra\u00edda por ese joven capit\u00e1n tan misterioso como irritante que parece esconder profundas heridas. Se da cuenta entonces de que el enemigo no es quien cre\u00eda ser&#8230;<\/p>\n","protected":false},"featured_media":3008632,"comment_status":"closed","ping_status":"closed","template":"","meta":[],"_links":{"self":[{"href":"https:\/\/cherry-publishing.com\/es\/wp-json\/wp\/v2\/product\/3008624"}],"collection":[{"href":"https:\/\/cherry-publishing.com\/es\/wp-json\/wp\/v2\/product"}],"about":[{"href":"https:\/\/cherry-publishing.com\/es\/wp-json\/wp\/v2\/types\/product"}],"replies":[{"embeddable":true,"href":"https:\/\/cherry-publishing.com\/es\/wp-json\/wp\/v2\/comments?post=3008624"}],"wp:featuredmedia":[{"embeddable":true,"href":"https:\/\/cherry-publishing.com\/es\/wp-json\/wp\/v2\/media\/3008632"}],"wp:attachment":[{"href":"https:\/\/cherry-publishing.com\/es\/wp-json\/wp\/v2\/media?parent=3008624"}],"curies":[{"name":"wp","href":"https:\/\/api.w.org\/{rel}","templated":true}]}}