{"id":3008654,"date":"2022-05-23T08:59:28","date_gmt":"2022-05-23T07:59:28","guid":{"rendered":"https:\/\/cherry-publishing.com\/?post_type=product&#038;p=3008654"},"modified":"2022-05-27T15:11:19","modified_gmt":"2022-05-27T14:11:19","slug":"el-poder-de-la-tentacion","status":"publish","type":"product","link":"https:\/\/cherry-publishing.com\/es\/novelas\/romance\/novela-erotica\/el-poder-de-la-tentacion\/","title":{"rendered":"El poder de la tentacion"},"content":{"rendered":"<div class=\"su-button-center\"><a href=\"https:\/\/www.amazon.es\/dp\/B0B2K8ZZBB?&amp;linkCode=sl1&amp;tag=kdp2es-21&amp;linkId=595ed56b24d794c0ab1eca9743254fa8&amp;language=es_ES&amp;ref_=as_li_ss_tl\" class=\"su-button su-button-style-flat su-button-wide\" style=\"color:#FFFFFF;background-color:#b00909;border-color:#8d0808;border-radius:0px;-moz-border-radius:0px;-webkit-border-radius:0px\" target=\"_self\"><span style=\"color:#FFFFFF;padding:7px 20px;font-size:16px;line-height:24px;border-color:#c85353;border-radius:0px;-moz-border-radius:0px;-webkit-border-radius:0px;text-shadow:none;-moz-text-shadow:none;-webkit-text-shadow:none\"><i class=\"sui sui-mouse-pointer\" style=\"font-size:16px;color:#FFFFFF\"><\/i> Leer en e-book<\/span><\/a><\/div>\n<div class=\"su-button-center\"><a href=\"https:\/\/www.amazon.es\/dp\/B0B2K8ZZBB?&amp;linkCode=sl1&amp;tag=kdp2es-21&amp;linkId=595ed56b24d794c0ab1eca9743254fa8&amp;language=es_ES&amp;ref_=as_li_ss_tl\" class=\"su-button su-button-style-flat su-button-wide\" style=\"color:#FFFFFF;background-color:#b00909;border-color:#8d0808;border-radius:0px;-moz-border-radius:0px;-webkit-border-radius:0px\" target=\"_blank\" rel=\"noopener noreferrer\"><span style=\"color:#FFFFFF;padding:7px 20px;font-size:16px;line-height:24px;border-color:#c85353;border-radius:0px;-moz-border-radius:0px;-webkit-border-radius:0px;text-shadow:none;-moz-text-shadow:none;-webkit-text-shadow:none\"><i class=\"sui sui-mouse-pointer\" style=\"font-size:16px;color:#FFFFFF\"><\/i> Leer en tapa blanda<\/span><\/a><\/div>\n<div class=\"su-youtube su-u-responsive-media-yes\"><iframe width=\"500\" height=\"400\" src=\"https:\/\/www.youtube.com\/embed\/kK25-LVueG0?\" frameborder=\"0\" allowfullscreen allow=\"autoplay; encrypted-media; picture-in-picture\" title=\"\"><\/iframe><\/div>\n<div class=\"font_preload\" style=\"opacity: 0;\"><\/div>\n","protected":false},"excerpt":{"rendered":"<div class=\"a-expander-content a-expander-partial-collapse-content a-expander-content-expanded\" aria-expanded=\"true\">\n<p>Persigue la continuaci\u00f3n de la historia de una de las mejores amigas de Ginebra del bestseller El despertar de la pasi\u00f3n: el amor de Nana que vimos nacer entre sus p\u00e1ginas comienza a arder en este tomo.<\/p>\n<p>\u00bfQu\u00e9 tienen en com\u00fan una costurera de alto dise\u00f1o y un boxeador reacio a enamorarse? La manera en que se reh\u00fayen para no caer en la tentaci\u00f3n de pecar en los brazos del otro.<\/p>\n<p>Cuando Reyes decidi\u00f3 no volver a enamorarse, dos a\u00f1os atr\u00e1s, lo hizo a sabiendas de que se cerraba a rehacer su vida y dejar ir el pasado: esta vez lanz\u00e1ndose con Nana. Pero un hombre como \u00e9l, entregado a su trabajo y a su hija, no quer\u00eda perder el norte por alguien que no mereciera la pena. O simplemente ten\u00eda miedo a intimar con la mujer que estuvo a punto de robarle la cordura.<\/p>\n<p>Que Nana aparezca de nuevo en su vida pondr\u00e1 de manifiesto que donde hubo fuego, cenizas quedan. Y que cualquier m\u00ednimo roce har\u00e1 que el mundo alrededor de ellos arda por completo. De ah\u00ed que Reyes est\u00e9 dispuesto a intentar salvar las distancias, sin perder el coraz\u00f3n en el proceso.<\/p>\n<p>Pero Nana es dulce, es atrevida y ya le ha estado esperando demasiado tiempo. \u00bfPodr\u00e1 Reyes alejarse una vez m\u00e1s de la tentaci\u00f3n o decidir\u00e1 caer de pleno en ella?<\/p>\n<\/div>\n","protected":false},"featured_media":3008655,"comment_status":"closed","ping_status":"closed","template":"","meta":[],"_links":{"self":[{"href":"https:\/\/cherry-publishing.com\/es\/wp-json\/wp\/v2\/product\/3008654"}],"collection":[{"href":"https:\/\/cherry-publishing.com\/es\/wp-json\/wp\/v2\/product"}],"about":[{"href":"https:\/\/cherry-publishing.com\/es\/wp-json\/wp\/v2\/types\/product"}],"replies":[{"embeddable":true,"href":"https:\/\/cherry-publishing.com\/es\/wp-json\/wp\/v2\/comments?post=3008654"}],"wp:featuredmedia":[{"embeddable":true,"href":"https:\/\/cherry-publishing.com\/es\/wp-json\/wp\/v2\/media\/3008655"}],"wp:attachment":[{"href":"https:\/\/cherry-publishing.com\/es\/wp-json\/wp\/v2\/media?parent=3008654"}],"curies":[{"name":"wp","href":"https:\/\/api.w.org\/{rel}","templated":true}]}}