{"id":3008709,"date":"2022-05-30T08:52:33","date_gmt":"2022-05-30T07:52:33","guid":{"rendered":"https:\/\/cherry-publishing.com\/?post_type=product&#038;p=3008709"},"modified":"2022-06-03T10:36:34","modified_gmt":"2022-06-03T09:36:34","slug":"la-magia-prohibida","status":"publish","type":"product","link":"https:\/\/cherry-publishing.com\/es\/novelas\/romance\/fantasia\/la-magia-prohibida\/","title":{"rendered":"La magia prohibida"},"content":{"rendered":"<div class=\"su-button-center\"><a href=\"https:\/\/amzn.to\/3zeSiu9\" class=\"su-button su-button-style-flat su-button-wide\" style=\"color:#FFFFFF;background-color:#b00909;border-color:#8d0808;border-radius:0px;-moz-border-radius:0px;-webkit-border-radius:0px\" target=\"_self\"><span style=\"color:#FFFFFF;padding:7px 20px;font-size:16px;line-height:24px;border-color:#c85353;border-radius:0px;-moz-border-radius:0px;-webkit-border-radius:0px;text-shadow:none;-moz-text-shadow:none;-webkit-text-shadow:none\"><i class=\"sui sui-mouse-pointer\" style=\"font-size:16px;color:#FFFFFF\"><\/i> Leer en e-book<\/span><\/a><\/div>\n<div class=\"su-button-center\"><a href=\"https:\/\/amzn.to\/3GK2X1H\" class=\"su-button su-button-style-flat su-button-wide\" style=\"color:#FFFFFF;background-color:#b00909;border-color:#8d0808;border-radius:0px;-moz-border-radius:0px;-webkit-border-radius:0px\" target=\"_blank\" rel=\"noopener noreferrer\"><span style=\"color:#FFFFFF;padding:7px 20px;font-size:16px;line-height:24px;border-color:#c85353;border-radius:0px;-moz-border-radius:0px;-webkit-border-radius:0px;text-shadow:none;-moz-text-shadow:none;-webkit-text-shadow:none\"><i class=\"sui sui-mouse-pointer\" style=\"font-size:16px;color:#FFFFFF\"><\/i> Leer en tapa blanda<\/span><\/a><\/div>\n<div class=\"font_preload\" style=\"opacity: 0;\"><\/div>\n","protected":false},"excerpt":{"rendered":"<p>Alexandra ha conseguido huir de la ciudad de los brujos despu\u00e9s de a\u00f1os prepar\u00e1ndose para este momento. Sin embargo, se ve obligada a vivir tras una fachada, pues sabe que el Rey no descansar\u00e1 hasta traerla de vuelta.<\/p>\n<p>Una obsesi\u00f3n irracional se apodera del Rey.<\/p>\n<p>Un profundo deseo de venganza motiva a Alex.<\/p>\n<p>Oscuridad contra Fuego, ambos dispuestos a consumirse con tal de poner fin a su rival. \u00bfQui\u00e9n vencer\u00e1?<\/p>\n<p>Acompa\u00f1a a Alex en esta historia llena de traiciones, nuevas alianzas y magia que te atrapar\u00e1 desde la primera p\u00e1gina y te har\u00e1 desear que la magia fuese real.<\/p>\n","protected":false},"featured_media":3008723,"comment_status":"closed","ping_status":"closed","template":"","meta":[],"_links":{"self":[{"href":"https:\/\/cherry-publishing.com\/es\/wp-json\/wp\/v2\/product\/3008709"}],"collection":[{"href":"https:\/\/cherry-publishing.com\/es\/wp-json\/wp\/v2\/product"}],"about":[{"href":"https:\/\/cherry-publishing.com\/es\/wp-json\/wp\/v2\/types\/product"}],"replies":[{"embeddable":true,"href":"https:\/\/cherry-publishing.com\/es\/wp-json\/wp\/v2\/comments?post=3008709"}],"wp:featuredmedia":[{"embeddable":true,"href":"https:\/\/cherry-publishing.com\/es\/wp-json\/wp\/v2\/media\/3008723"}],"wp:attachment":[{"href":"https:\/\/cherry-publishing.com\/es\/wp-json\/wp\/v2\/media?parent=3008709"}],"curies":[{"name":"wp","href":"https:\/\/api.w.org\/{rel}","templated":true}]}}