{"id":3008961,"date":"2022-06-15T06:32:10","date_gmt":"2022-06-15T05:32:10","guid":{"rendered":"https:\/\/cherry-publishing.com\/?post_type=product&#038;p=3008961"},"modified":"2022-06-17T07:35:11","modified_gmt":"2022-06-17T06:35:11","slug":"secretos-y-mentiras","status":"publish","type":"product","link":"https:\/\/cherry-publishing.com\/es\/novelas\/romance\/new-adult\/secretos-y-mentiras\/","title":{"rendered":"Secretos y mentiras"},"content":{"rendered":"<div class=\"su-button-center\"><a href=\"https:\/\/amzn.to\/3u4kJb1\" class=\"su-button su-button-style-flat su-button-wide\" style=\"color:#FFFFFF;background-color:#b00909;border-color:#8d0808;border-radius:0px;-moz-border-radius:0px;-webkit-border-radius:0px\" target=\"_self\"><span style=\"color:#FFFFFF;padding:7px 20px;font-size:16px;line-height:24px;border-color:#c85353;border-radius:0px;-moz-border-radius:0px;-webkit-border-radius:0px;text-shadow:none;-moz-text-shadow:none;-webkit-text-shadow:none\"><i class=\"sui sui-mouse-pointer\" style=\"font-size:16px;color:#FFFFFF\"><\/i> Leer en e-book<\/span><\/a><\/div>\n<div class=\"su-button-center\"><a href=\"https:\/\/amzn.to\/3OfEG60\" class=\"su-button su-button-style-flat su-button-wide\" style=\"color:#FFFFFF;background-color:#b00909;border-color:#8d0808;border-radius:0px;-moz-border-radius:0px;-webkit-border-radius:0px\" target=\"_blank\" rel=\"noopener noreferrer\"><span style=\"color:#FFFFFF;padding:7px 20px;font-size:16px;line-height:24px;border-color:#c85353;border-radius:0px;-moz-border-radius:0px;-webkit-border-radius:0px;text-shadow:none;-moz-text-shadow:none;-webkit-text-shadow:none\"><i class=\"sui sui-mouse-pointer\" style=\"font-size:16px;color:#FFFFFF\"><\/i> Leer en tapa blanda<\/span><\/a><\/div>\n<div class=\"font_preload\" style=\"opacity: 0;\"><\/div>\n","protected":false},"excerpt":{"rendered":"<p>Hannah y Rose acaban de empezar su primer a\u00f1o en la universidad, donde descubrir\u00e1n el significado del amor, de los corazones rotos y de los giros que puede dar la vida en un solo instante.<\/p>\n<p>Tyler Myers ser\u00e1 el rsponsable de sus mariposas en el est\u00f3mago, de las aventuras que recorrer\u00e1n juntos a medida que se descubra la verdad y de los altibajos emocionales que sufrir\u00e1 a causa de ese chico de ojos verdes.<\/p>\n<p>\u00bfCu\u00e1ntos secretos ser\u00edas capaz de esconder para proteger a aquellos que m\u00e1s amas?<\/p>\n<p>Hannah Pemberton lo descubrir\u00e1 en esta novela llena de romance, corazones rotos y misteriosos secretos que har\u00e1n que su vida sea sacudida en m\u00e1s de una ocasi\u00f3n.<\/p>\n","protected":false},"featured_media":3008962,"comment_status":"closed","ping_status":"closed","template":"","meta":[],"_links":{"self":[{"href":"https:\/\/cherry-publishing.com\/es\/wp-json\/wp\/v2\/product\/3008961"}],"collection":[{"href":"https:\/\/cherry-publishing.com\/es\/wp-json\/wp\/v2\/product"}],"about":[{"href":"https:\/\/cherry-publishing.com\/es\/wp-json\/wp\/v2\/types\/product"}],"replies":[{"embeddable":true,"href":"https:\/\/cherry-publishing.com\/es\/wp-json\/wp\/v2\/comments?post=3008961"}],"wp:featuredmedia":[{"embeddable":true,"href":"https:\/\/cherry-publishing.com\/es\/wp-json\/wp\/v2\/media\/3008962"}],"wp:attachment":[{"href":"https:\/\/cherry-publishing.com\/es\/wp-json\/wp\/v2\/media?parent=3008961"}],"curies":[{"name":"wp","href":"https:\/\/api.w.org\/{rel}","templated":true}]}}