{"id":3009057,"date":"2022-06-27T03:41:52","date_gmt":"2022-06-27T02:41:52","guid":{"rendered":"https:\/\/cherry-publishing.com\/?post_type=product&#038;p=3009057"},"modified":"2022-08-08T09:08:03","modified_gmt":"2022-08-08T08:08:03","slug":"el-lugar-donde-pertenezco-parte-2","status":"publish","type":"product","link":"https:\/\/cherry-publishing.com\/es\/novelas\/romance\/new-adult\/el-lugar-donde-pertenezco-parte-2\/","title":{"rendered":"El lugar donde pertenezco parte 2"},"content":{"rendered":"<div class=\"su-button-center\"><a href=\"https:\/\/cherry-publishing.com\" class=\"su-button su-button-style-flat su-button-wide\" style=\"color:#FFFFFF;background-color:#b00909;border-color:#8d0808;border-radius:0px;-moz-border-radius:0px;-webkit-border-radius:0px\" target=\"_self\"><span style=\"color:#FFFFFF;padding:7px 20px;font-size:16px;line-height:24px;border-color:#c85353;border-radius:0px;-moz-border-radius:0px;-webkit-border-radius:0px;text-shadow:none;-moz-text-shadow:none;-webkit-text-shadow:none\"><i class=\"sui sui-mouse-pointer\" style=\"font-size:16px;color:#FFFFFF\"><\/i> Leer en e-book<\/span><\/a><\/div>\n<div class=\"su-button-center\"><a href=\"https:\/\/amzn.to\/3p4vBTk\" class=\"su-button su-button-style-flat su-button-wide\" style=\"color:#FFFFFF;background-color:#b00909;border-color:#8d0808;border-radius:0px;-moz-border-radius:0px;-webkit-border-radius:0px\" target=\"_blank\" rel=\"noopener noreferrer\"><span style=\"color:#FFFFFF;padding:7px 20px;font-size:16px;line-height:24px;border-color:#c85353;border-radius:0px;-moz-border-radius:0px;-webkit-border-radius:0px;text-shadow:none;-moz-text-shadow:none;-webkit-text-shadow:none\"><i class=\"sui sui-mouse-pointer\" style=\"font-size:16px;color:#FFFFFF\"><\/i> Leer en tapa blanda<\/span><\/a><\/div>\n<div class=\"font_preload\" style=\"opacity: 0;\"><\/div>\n","protected":false},"excerpt":{"rendered":"<p>Tras terminar sus estudios, Roxanne vuelve a su pueblo natal y empieza a trabajar en una cl\u00ednica veterinaria.<br \/>\nAll\u00ed vuelve a estar al lado de West, su mejor amigo de la infancia y con quien tiene sentimientos que no se atreve a reconocer.<br \/>\nSabe que West quiere algo m\u00e1s con ella, pero ella no est\u00e1 lista para empezar una relaci\u00f3n con el hombre que la ha conocido desde que ambos usaban pa\u00f1ales.<\/p>\n<p>\u00bfLa raz\u00f3n? El miedo que siente al pensar que algo podr\u00eda salir mal la paraliza.<\/p>\n<p>\u00bfSer\u00e1 capaz de enfrentarse a ese miedo o elegir\u00e1 encerrarse en s\u00ed misma para proteger la amistad que teme perder?<\/p>\n","protected":false},"featured_media":3009058,"comment_status":"closed","ping_status":"closed","template":"","meta":[],"_links":{"self":[{"href":"https:\/\/cherry-publishing.com\/es\/wp-json\/wp\/v2\/product\/3009057"}],"collection":[{"href":"https:\/\/cherry-publishing.com\/es\/wp-json\/wp\/v2\/product"}],"about":[{"href":"https:\/\/cherry-publishing.com\/es\/wp-json\/wp\/v2\/types\/product"}],"replies":[{"embeddable":true,"href":"https:\/\/cherry-publishing.com\/es\/wp-json\/wp\/v2\/comments?post=3009057"}],"wp:featuredmedia":[{"embeddable":true,"href":"https:\/\/cherry-publishing.com\/es\/wp-json\/wp\/v2\/media\/3009058"}],"wp:attachment":[{"href":"https:\/\/cherry-publishing.com\/es\/wp-json\/wp\/v2\/media?parent=3009057"}],"curies":[{"name":"wp","href":"https:\/\/api.w.org\/{rel}","templated":true}]}}