{"id":3009319,"date":"2022-08-29T09:15:35","date_gmt":"2022-08-29T08:15:35","guid":{"rendered":"https:\/\/cherry-publishing.com\/?post_type=product&#038;p=3009319"},"modified":"2022-08-29T09:18:21","modified_gmt":"2022-08-29T08:18:21","slug":"hijos-de-la-revolucion","status":"publish","type":"product","link":"https:\/\/cherry-publishing.com\/es\/novelas\/romance\/historico\/hijos-de-la-revolucion\/","title":{"rendered":"Hijos de la revoluci\u00f3n"},"content":{"rendered":"<div class=\"su-button-center\"><a href=\"https:\/\/cherry-publishing.com\" class=\"su-button su-button-style-flat su-button-wide\" style=\"color:#FFFFFF;background-color:#b00909;border-color:#8d0808;border-radius:0px;-moz-border-radius:0px;-webkit-border-radius:0px\" target=\"_self\"><span style=\"color:#FFFFFF;padding:7px 20px;font-size:16px;line-height:24px;border-color:#c85353;border-radius:0px;-moz-border-radius:0px;-webkit-border-radius:0px;text-shadow:none;-moz-text-shadow:none;-webkit-text-shadow:none\"><i class=\"sui sui-mouse-pointer\" style=\"font-size:16px;color:#FFFFFF\"><\/i> Leer en e-book<\/span><\/a><\/div>\n<div class=\"su-button-center\"><a href=\"https:\/\/amzn.to\/3dSX0VK\" class=\"su-button su-button-style-flat su-button-wide\" style=\"color:#FFFFFF;background-color:#b00909;border-color:#8d0808;border-radius:0px;-moz-border-radius:0px;-webkit-border-radius:0px\" target=\"_blank\" rel=\"noopener noreferrer\"><span style=\"color:#FFFFFF;padding:7px 20px;font-size:16px;line-height:24px;border-color:#c85353;border-radius:0px;-moz-border-radius:0px;-webkit-border-radius:0px;text-shadow:none;-moz-text-shadow:none;-webkit-text-shadow:none\"><i class=\"sui sui-mouse-pointer\" style=\"font-size:16px;color:#FFFFFF\"><\/i> Leer en tapa blanda<\/span><\/a><\/div>\n<div class=\"font_preload\" style=\"opacity: 0;\"><\/div>\n","protected":false},"excerpt":{"rendered":"<p>A su corta edad, Lucien y Reine tienen que robar para sobrevivir en los Bajos Fondos de Par\u00eds.<br \/>\nEs entonces cuando Reine conoce a Christophe, un ni\u00f1o que nada tiene que envidiarles y que pide que le devuelva la moneda de oro que le ha robado.<\/p>\n<p>A\u00f1os m\u00e1s tarde, Lucien trabaja como tabernero en Les Meilleurs, donde se re\u00fanen todos los revolucionarios. Reine sigue robando para sobrevivir mientras sue\u00f1an con una revoluci\u00f3n que cambiar\u00e1 el futuro de Francia.<\/p>\n<p>Tiempo despu\u00e9s, cuando la estalla la Revoluci\u00f3n Francesa, Lucien y Reine se distanciar\u00e1n, en parte por su relaci\u00f3n con Christophe y, por otra, por las ideas radicales del muchacho.<\/p>\n<p>Christophe y Reine seguir\u00e1n su camino unidos, pero las visitas cada vez m\u00e1s amenazadoras de Lucien har\u00e1n que acaben por huir del pa\u00eds cuando sus vidas corren peligro.<\/p>\n<p>A Lucien nunca le ha gustado Christophe, y eso har\u00e1 que la relaci\u00f3n que tiene con Reine se vea afectada. \u00bfDejar\u00e1n de lado sus ideales pol\u00edticos para recuperar su relaci\u00f3n o se mantendr\u00e1n en ellos hasta que eso haga estallar el amor que sienten por el otro?<\/p>\n","protected":false},"featured_media":3009320,"comment_status":"closed","ping_status":"closed","template":"","meta":[],"_links":{"self":[{"href":"https:\/\/cherry-publishing.com\/es\/wp-json\/wp\/v2\/product\/3009319"}],"collection":[{"href":"https:\/\/cherry-publishing.com\/es\/wp-json\/wp\/v2\/product"}],"about":[{"href":"https:\/\/cherry-publishing.com\/es\/wp-json\/wp\/v2\/types\/product"}],"replies":[{"embeddable":true,"href":"https:\/\/cherry-publishing.com\/es\/wp-json\/wp\/v2\/comments?post=3009319"}],"wp:featuredmedia":[{"embeddable":true,"href":"https:\/\/cherry-publishing.com\/es\/wp-json\/wp\/v2\/media\/3009320"}],"wp:attachment":[{"href":"https:\/\/cherry-publishing.com\/es\/wp-json\/wp\/v2\/media?parent=3009319"}],"curies":[{"name":"wp","href":"https:\/\/api.w.org\/{rel}","templated":true}]}}