{"id":1061,"date":"2020-11-17T14:12:14","date_gmt":"2020-11-17T13:12:14","guid":{"rendered":"https:\/\/cherry-publishing.com\/?page_id=1061"},"modified":"2022-01-25T16:13:05","modified_gmt":"2022-01-25T15:13:05","slug":"manoscritto","status":"publish","type":"page","link":"https:\/\/cherry-publishing.com\/it\/manoscritto\/","title":{"rendered":"Presentazione del manoscritto"},"content":{"rendered":"\t\t<div data-elementor-type=\"wp-post\" data-elementor-id=\"1061\" class=\"elementor elementor-1061 elementor-19\" data-elementor-settings=\"[]\">\n\t\t\t\t\t\t<div class=\"elementor-inner\">\n\t\t\t\t\t\t\t<div class=\"elementor-section-wrap\">\n\t\t\t\t\t\t\t<section class=\"elementor-section elementor-top-section elementor-element elementor-element-2ebe34e elementor-section-boxed elementor-section-height-default elementor-section-height-default\" data-id=\"2ebe34e\" data-element_type=\"section\">\n\t\t\t\t\t\t<div class=\"elementor-container elementor-column-gap-default\">\n\t\t\t\t\t\t\t<div class=\"elementor-row\">\n\t\t\t\t\t<div class=\"elementor-column elementor-col-100 elementor-top-column elementor-element elementor-element-cc161c3\" data-id=\"cc161c3\" data-element_type=\"column\">\n\t\t\t<div class=\"elementor-column-wrap elementor-element-populated\">\n\t\t\t\t\t\t\t<div class=\"elementor-widget-wrap\">\n\t\t\t\t\t\t<div class=\"elementor-element elementor-element-0c17e72 elementor-widget elementor-widget-heading\" data-id=\"0c17e72\" data-element_type=\"widget\" data-widget_type=\"heading.default\">\n\t\t\t\t<div class=\"elementor-widget-container\">\n\t\t\t<h2 class=\"elementor-heading-title elementor-size-default\">Perch\u00e9 affidarci il vostro manoscritto?<\/h2>\t\t<\/div>\n\t\t\t\t<\/div>\n\t\t\t\t\t\t<\/div>\n\t\t\t\t\t<\/div>\n\t\t<\/div>\n\t\t\t\t\t\t\t\t<\/div>\n\t\t\t\t\t<\/div>\n\t\t<\/section>\n\t\t\t\t<section class=\"elementor-section elementor-top-section elementor-element elementor-element-89473d0 elementor-section-content-middle elementor-section-boxed elementor-section-height-default elementor-section-height-default\" data-id=\"89473d0\" data-element_type=\"section\">\n\t\t\t\t\t\t<div class=\"elementor-container elementor-column-gap-default\">\n\t\t\t\t\t\t\t<div class=\"elementor-row\">\n\t\t\t\t\t<div class=\"elementor-column elementor-col-33 elementor-top-column elementor-element elementor-element-1e22a9f\" data-id=\"1e22a9f\" data-element_type=\"column\">\n\t\t\t<div class=\"elementor-column-wrap elementor-element-populated\">\n\t\t\t\t\t\t\t<div class=\"elementor-widget-wrap\">\n\t\t\t\t\t\t<div class=\"elementor-element elementor-element-bcf5d90 elementor-widget elementor-widget-heading\" data-id=\"bcf5d90\" data-element_type=\"widget\" data-widget_type=\"heading.default\">\n\t\t\t\t<div class=\"elementor-widget-container\">\n\t\t\t<h2 class=\"elementor-heading-title elementor-size-default\">Accettiamo :\n<\/h2>\t\t<\/div>\n\t\t\t\t<\/div>\n\t\t\t\t<div class=\"elementor-element elementor-element-6715d20 elementor-widget elementor-widget-text-editor\" data-id=\"6715d20\" data-element_type=\"widget\" data-widget_type=\"text-editor.default\">\n\t\t\t\t<div class=\"elementor-widget-container\">\n\t\t\t\t\t<div class=\"elementor-text-editor elementor-clearfix\"><p>Qualsiasi tipo di romanticismo (da notare che stiamo solo considerando il soft dark romance e siamo molto cauti su questo genere. Si applica caso per caso). In particolar modo, in questo periodo riceveranno la precedenza nelle valutazioni:<\/p><ul><li>Sport Romance<\/li><li>Urban\/Paranormal fantasy<\/li><li>Royal Romance (romanzi di ambientazione contemporanea con protagoniste famiglie nobili e\/o reali)<\/li><li>Romanzi storici (particolarmente apprezzato il periodo Regency ma valuteremo con interesse qualsiasi rosa storico)<\/li><li>File in formato .pdf, .doc o .docx CON SINOSSI COMPLETA DI UNA PAGINA (incluso il finale)<\/li><li>Lingua francese \/ italiano \/ inglese (per i manoscritti in italiano, scrivere direttamente a : cherrypublishingitalia(a)gmail.com e sostituire (a) con @.)<\/li><\/ul><p>Non vengono considerati i manoscritti che <strong>contengono dichiarazioni ingiustificate di violenza, razziste, sessiste o diffamatorie<\/strong>. Sono escluse anche le relazioni tossiche. Vogliamo promuovere una letteratura inclusiva con valori moderni.<\/p><p>Si prega di includere una <strong><span style=\"text-decoration: underline;\">SINOSSI MASSIMO DI UNA PAGINA<\/span><\/strong> con la vostra presentazione (a proposito del romanzo \u2013 per la vostra persona, avremo tutto il tempo per conoscerci meglio se collaboriamo insieme). In caso di problemi di invio, potete inviare il vostro manoscritto direttamente a cherrypublishingco[@]gmail.com (togliendo le parentesi attorno alla chiocciola al momento dell\u2019invio.)<\/p><\/div>\n\t\t\t\t<\/div>\n\t\t\t\t<\/div>\n\t\t\t\t\t\t<\/div>\n\t\t\t\t\t<\/div>\n\t\t<\/div>\n\t\t\t\t<div class=\"elementor-column elementor-col-66 elementor-top-column elementor-element elementor-element-2e8cca3\" data-id=\"2e8cca3\" data-element_type=\"column\">\n\t\t\t<div class=\"elementor-column-wrap elementor-element-populated\">\n\t\t\t\t\t\t\t<div class=\"elementor-widget-wrap\">\n\t\t\t\t\t\t<div class=\"elementor-element elementor-element-541aaa1 elementor-widget elementor-widget-image\" data-id=\"541aaa1\" data-element_type=\"widget\" data-widget_type=\"image.default\">\n\t\t\t\t<div class=\"elementor-widget-container\">\n\t\t\t\t\t<div class=\"elementor-image\">\n\t\t\t\t\t\t\t\t\t\t<img width=\"980\" height=\"700\" src=\"https:\/\/cherry-publishing.com\/wp-content\/uploads\/2020\/10\/Hot-romance.png\" class=\"attachment-large size-large\" alt=\"\" srcset=\"https:\/\/cherry-publishing.com\/wp-content\/uploads\/2020\/10\/Hot-romance.png 980w, https:\/\/cherry-publishing.com\/wp-content\/uploads\/2020\/10\/Hot-romance-300x214.png 300w, https:\/\/cherry-publishing.com\/wp-content\/uploads\/2020\/10\/Hot-romance-599x428.png 599w, https:\/\/cherry-publishing.com\/wp-content\/uploads\/2020\/10\/Hot-romance-768x549.png 768w\" sizes=\"(max-width: 980px) 100vw, 980px\" \/>\t\t\t\t\t\t\t\t\t\t\t<\/div>\n\t\t\t\t<\/div>\n\t\t\t\t<\/div>\n\t\t\t\t<div class=\"elementor-element elementor-element-21899a4 elementor-widget elementor-widget-image\" data-id=\"21899a4\" data-element_type=\"widget\" data-widget_type=\"image.default\">\n\t\t\t\t<div class=\"elementor-widget-container\">\n\t\t\t\t\t<div class=\"elementor-image\">\n\t\t\t\t\t\t\t\t\t\t<img width=\"980\" height=\"700\" src=\"https:\/\/cherry-publishing.com\/wp-content\/uploads\/2020\/11\/Hot-romance-1.png\" class=\"attachment-large size-large\" alt=\"\" srcset=\"https:\/\/cherry-publishing.com\/wp-content\/uploads\/2020\/11\/Hot-romance-1.png 980w, https:\/\/cherry-publishing.com\/wp-content\/uploads\/2020\/11\/Hot-romance-1-300x214.png 300w, https:\/\/cherry-publishing.com\/wp-content\/uploads\/2020\/11\/Hot-romance-1-599x428.png 599w, https:\/\/cherry-publishing.com\/wp-content\/uploads\/2020\/11\/Hot-romance-1-768x549.png 768w\" sizes=\"(max-width: 980px) 100vw, 980px\" \/>\t\t\t\t\t\t\t\t\t\t\t<\/div>\n\t\t\t\t<\/div>\n\t\t\t\t<\/div>\n\t\t\t\t\t\t<\/div>\n\t\t\t\t\t<\/div>\n\t\t<\/div>\n\t\t\t\t\t\t\t\t<\/div>\n\t\t\t\t\t<\/div>\n\t\t<\/section>\n\t\t\t\t<section class=\"elementor-section elementor-top-section elementor-element elementor-element-cdced4d elementor-section-boxed elementor-section-height-default elementor-section-height-default\" data-id=\"cdced4d\" data-element_type=\"section\">\n\t\t\t\t\t\t<div class=\"elementor-container elementor-column-gap-default\">\n\t\t\t\t\t\t\t<div class=\"elementor-row\">\n\t\t\t\t\t<div class=\"elementor-column elementor-col-33 elementor-top-column elementor-element elementor-element-2902430\" data-id=\"2902430\" data-element_type=\"column\">\n\t\t\t<div class=\"elementor-column-wrap elementor-element-populated\">\n\t\t\t\t\t\t\t<div class=\"elementor-widget-wrap\">\n\t\t\t\t\t\t<div class=\"elementor-element elementor-element-e56d565 elementor-widget elementor-widget-spacer\" data-id=\"e56d565\" data-element_type=\"widget\" data-widget_type=\"spacer.default\">\n\t\t\t\t<div class=\"elementor-widget-container\">\n\t\t\t\t\t<div class=\"elementor-spacer\">\n\t\t\t<div class=\"elementor-spacer-inner\"><\/div>\n\t\t<\/div>\n\t\t\t\t<\/div>\n\t\t\t\t<\/div>\n\t\t\t\t<div class=\"elementor-element elementor-element-ea49364 elementor-button-align-stretch elementor-widget elementor-widget-form\" data-id=\"ea49364\" data-element_type=\"widget\" data-settings=\"{&quot;step_next_label&quot;:&quot;Suivant&quot;,&quot;step_previous_label&quot;:&quot;Pr\\u00e9c\\u00e9dent&quot;,&quot;button_width&quot;:&quot;100&quot;,&quot;step_type&quot;:&quot;number_text&quot;,&quot;step_icon_shape&quot;:&quot;circle&quot;}\" data-widget_type=\"form.default\">\n\t\t\t\t<div class=\"elementor-widget-container\">\n\t\t\t\t\t<form class=\"elementor-form\" method=\"post\" name=\"New Form\">\n\t\t\t<input type=\"hidden\" name=\"post_id\" value=\"1061\"\/>\n\t\t\t<input type=\"hidden\" name=\"form_id\" value=\"ea49364\"\/>\n\t\t\t<input type=\"hidden\" name=\"referer_title\" value=\"\" \/>\n\n\t\t\t\n\t\t\t<div class=\"elementor-form-fields-wrapper elementor-labels-above\">\n\t\t\t\t\t\t\t\t<div class=\"elementor-field-type-text elementor-field-group elementor-column elementor-field-group-name elementor-col-100\">\n\t\t\t\t\t<label for=\"form-field-name\" class=\"elementor-field-label\">Nome<\/label><input size=\"1\" type=\"text\" name=\"form_fields[name]\" id=\"form-field-name\" class=\"elementor-field elementor-size-md  elementor-field-textual\" placeholder=\"Nome\">\t\t\t\t<\/div>\n\t\t\t\t\t\t\t\t<div class=\"elementor-field-type-email elementor-field-group elementor-column elementor-field-group-email elementor-col-100 elementor-field-required\">\n\t\t\t\t\t<label for=\"form-field-email\" class=\"elementor-field-label\">Email<\/label><input size=\"1\" type=\"email\" name=\"form_fields[email]\" id=\"form-field-email\" class=\"elementor-field elementor-size-md  elementor-field-textual\" placeholder=\"Email\" required=\"required\" aria-required=\"true\">\t\t\t\t<\/div>\n\t\t\t\t\t\t\t\t<div class=\"elementor-field-type-textarea elementor-field-group elementor-column elementor-field-group-message elementor-col-100\">\n\t\t\t\t\t<label for=\"form-field-message\" class=\"elementor-field-label\">Messaggio<\/label><textarea class=\"elementor-field-textual elementor-field  elementor-size-md\" name=\"form_fields[message]\" id=\"form-field-message\" rows=\"4\" placeholder=\"Messaggio\"><\/textarea>\t\t\t\t<\/div>\n\t\t\t\t\t\t\t\t<div class=\"elementor-field-type-upload elementor-field-group elementor-column elementor-field-group-1a3d343 elementor-col-100 elementor-field-required\">\n\t\t\t\t\t<input type=\"file\" name=\"form_fields[1a3d343][]\" id=\"form-field-1a3d343\" class=\"elementor-field elementor-size-md  elementor-upload-field\" required=\"required\" aria-required=\"true\" multiple=\"multiple\" data-maxsize=\"32\" data-maxsize-message=\"Questo file supera la dimensione massima consentita.\">\t\t\t\t<\/div>\n\t\t\t\t\t\t\t\t<div class=\"elementor-field-group elementor-column elementor-field-type-submit elementor-col-100 e-form__buttons\">\n\t\t\t\t\t<button type=\"submit\" class=\"elementor-button elementor-size-md\">\n\t\t\t\t\t\t<span >\n\t\t\t\t\t\t\t\t\t\t\t\t\t\t\t<span class=\" elementor-button-icon\">\n\t\t\t\t\t\t\t\t\t\t\t\t\t\t\t\t\t\t\t\t\t\t\t\t\t\t<\/span>\n\t\t\t\t\t\t\t\t\t\t\t\t\t\t\t\t\t\t\t\t\t\t<span class=\"elementor-button-text\">Inviare<\/span>\n\t\t\t\t\t\t\t\t\t\t\t\t\t<\/span>\n\t\t\t\t\t<\/button>\n\t\t\t\t<\/div>\n\t\t\t<\/div>\n\t\t<\/form>\n\t\t\t\t<\/div>\n\t\t\t\t<\/div>\n\t\t\t\t\t\t<\/div>\n\t\t\t\t\t<\/div>\n\t\t<\/div>\n\t\t\t\t<div class=\"elementor-column elementor-col-66 elementor-top-column elementor-element elementor-element-4d01a85\" data-id=\"4d01a85\" data-element_type=\"column\">\n\t\t\t<div class=\"elementor-column-wrap elementor-element-populated\">\n\t\t\t\t\t\t\t<div class=\"elementor-widget-wrap\">\n\t\t\t\t\t\t<div class=\"elementor-element elementor-element-e91bc0d elementor-widget elementor-widget-spacer\" data-id=\"e91bc0d\" data-element_type=\"widget\" data-widget_type=\"spacer.default\">\n\t\t\t\t<div class=\"elementor-widget-container\">\n\t\t\t\t\t<div class=\"elementor-spacer\">\n\t\t\t<div class=\"elementor-spacer-inner\"><\/div>\n\t\t<\/div>\n\t\t\t\t<\/div>\n\t\t\t\t<\/div>\n\t\t\t\t<div class=\"elementor-element elementor-element-b1ac47d elementor-widget elementor-widget-image\" data-id=\"b1ac47d\" data-element_type=\"widget\" data-widget_type=\"image.default\">\n\t\t\t\t<div class=\"elementor-widget-container\">\n\t\t\t\t\t<div class=\"elementor-image\">\n\t\t\t\t\t\t\t\t\t\t<img width=\"980\" height=\"700\" src=\"https:\/\/cherry-publishing.com\/wp-content\/uploads\/2020\/10\/Hot-romance2.png\" class=\"attachment-large size-large\" alt=\"\" srcset=\"https:\/\/cherry-publishing.com\/wp-content\/uploads\/2020\/10\/Hot-romance2.png 980w, https:\/\/cherry-publishing.com\/wp-content\/uploads\/2020\/10\/Hot-romance2-300x214.png 300w, https:\/\/cherry-publishing.com\/wp-content\/uploads\/2020\/10\/Hot-romance2-599x428.png 599w, https:\/\/cherry-publishing.com\/wp-content\/uploads\/2020\/10\/Hot-romance2-768x549.png 768w\" sizes=\"(max-width: 980px) 100vw, 980px\" \/>\t\t\t\t\t\t\t\t\t\t\t<\/div>\n\t\t\t\t<\/div>\n\t\t\t\t<\/div>\n\t\t\t\t\t\t<\/div>\n\t\t\t\t\t<\/div>\n\t\t<\/div>\n\t\t\t\t\t\t\t\t<\/div>\n\t\t\t\t\t<\/div>\n\t\t<\/section>\n\t\t\t\t<section class=\"elementor-section elementor-top-section elementor-element elementor-element-85b1ade elementor-section-boxed elementor-section-height-default elementor-section-height-default\" data-id=\"85b1ade\" data-element_type=\"section\">\n\t\t\t\t\t\t<div class=\"elementor-container elementor-column-gap-default\">\n\t\t\t\t\t\t\t<div class=\"elementor-row\">\n\t\t\t\t\t<div class=\"elementor-column elementor-col-100 elementor-top-column elementor-element elementor-element-3f19f56\" data-id=\"3f19f56\" data-element_type=\"column\">\n\t\t\t<div class=\"elementor-column-wrap elementor-element-populated\">\n\t\t\t\t\t\t\t<div class=\"elementor-widget-wrap\">\n\t\t\t\t\t\t<div class=\"elementor-element elementor-element-5f21c88 elementor-widget elementor-widget-spacer\" data-id=\"5f21c88\" data-element_type=\"widget\" data-widget_type=\"spacer.default\">\n\t\t\t\t<div class=\"elementor-widget-container\">\n\t\t\t\t\t<div class=\"elementor-spacer\">\n\t\t\t<div class=\"elementor-spacer-inner\"><\/div>\n\t\t<\/div>\n\t\t\t\t<\/div>\n\t\t\t\t<\/div>\n\t\t\t\t<section class=\"elementor-section elementor-inner-section elementor-element elementor-element-d68261c elementor-section-height-min-height elementor-section-content-middle elementor-section-boxed elementor-section-height-default\" data-id=\"d68261c\" data-element_type=\"section\">\n\t\t\t\t\t\t<div class=\"elementor-container elementor-column-gap-default\">\n\t\t\t\t\t\t\t<div class=\"elementor-row\">\n\t\t\t\t\t<div class=\"elementor-column elementor-col-33 elementor-inner-column elementor-element elementor-element-82d1c6f\" data-id=\"82d1c6f\" data-element_type=\"column\">\n\t\t\t<div class=\"elementor-column-wrap elementor-element-populated\">\n\t\t\t\t\t\t\t<div class=\"elementor-widget-wrap\">\n\t\t\t\t\t\t<div class=\"elementor-element elementor-element-7b521d5 elementor-widget elementor-widget-image\" data-id=\"7b521d5\" data-element_type=\"widget\" data-widget_type=\"image.default\">\n\t\t\t\t<div class=\"elementor-widget-container\">\n\t\t\t\t\t<div class=\"elementor-image\">\n\t\t\t\t\t\t\t\t\t\t<img width=\"800\" height=\"800\" src=\"https:\/\/cherry-publishing.com\/wp-content\/uploads\/2020\/11\/lets-celebrate-2.png\" class=\"attachment-large size-large\" alt=\"\" srcset=\"https:\/\/cherry-publishing.com\/wp-content\/uploads\/2020\/11\/lets-celebrate-2.png 800w, https:\/\/cherry-publishing.com\/wp-content\/uploads\/2020\/11\/lets-celebrate-2-599x599.png 599w, https:\/\/cherry-publishing.com\/wp-content\/uploads\/2020\/11\/lets-celebrate-2-150x150.png 150w, https:\/\/cherry-publishing.com\/wp-content\/uploads\/2020\/11\/lets-celebrate-2-300x300.png 300w, https:\/\/cherry-publishing.com\/wp-content\/uploads\/2020\/11\/lets-celebrate-2-768x768.png 768w, https:\/\/cherry-publishing.com\/wp-content\/uploads\/2020\/11\/lets-celebrate-2-100x100.png 100w\" sizes=\"(max-width: 800px) 100vw, 800px\" \/>\t\t\t\t\t\t\t\t\t\t\t<\/div>\n\t\t\t\t<\/div>\n\t\t\t\t<\/div>\n\t\t\t\t\t\t<\/div>\n\t\t\t\t\t<\/div>\n\t\t<\/div>\n\t\t\t\t<div class=\"elementor-column elementor-col-66 elementor-inner-column elementor-element elementor-element-6173126\" data-id=\"6173126\" data-element_type=\"column\">\n\t\t\t<div class=\"elementor-column-wrap elementor-element-populated\">\n\t\t\t\t\t\t\t<div class=\"elementor-widget-wrap\">\n\t\t\t\t\t\t<div class=\"elementor-element elementor-element-fbbeaa9 elementor-widget elementor-widget-heading\" data-id=\"fbbeaa9\" data-element_type=\"widget\" data-widget_type=\"heading.default\">\n\t\t\t\t<div class=\"elementor-widget-container\">\n\t\t\t<h2 class=\"elementor-heading-title elementor-size-default\">Cherry Publishing: una casa editrice unica nel suo genere\n<\/h2>\t\t<\/div>\n\t\t\t\t<\/div>\n\t\t\t\t<div class=\"elementor-element elementor-element-f91704e elementor-widget elementor-widget-text-editor\" data-id=\"f91704e\" data-element_type=\"widget\" data-widget_type=\"text-editor.default\">\n\t\t\t\t<div class=\"elementor-widget-container\">\n\t\t\t\t\t<div class=\"elementor-text-editor elementor-clearfix\"><h3><span style=\"color: #000000; font-family: var( --e-global-typography-text-font-family ), Sans-serif; font-weight: var( --e-global-typography-text-font-weight ); font-size: 16px;\">Fondata nel marzo 2019, <strong>Cherry Publishing<\/strong> si \u00e8 rapidamente affermata come leader nell\u2019editoria digitale. Grazie al nostro team atipico, composto da specialisti del web, autori-redattori, editor e grafici dinamici, immaginiamo strategie innovative che ci permettono di collocare tutti i nostri romanzi nella top 10 delle vendite di Amazon almeno una volta dalla loro pubblicazione. Il nostro approccio ci avvicina agli autori, di cui comprendiamo le domande e i dubbi, permettendoci di anticipare le loro esigenze. Molto pi\u00f9 che un mero slancio alle vendite, la forza di Cherry Publishing consiste proprio nel rapporto che costruiamo coi nostri autori. \u00c8 questo, infatti, il centro del nostro lavoro e il gruppo di autori gi\u00e0 pubblicati costituisce una vera e propria \u201cCherry Family\u201d. I primi editori hanno anche fondato un gruppo su Facebook e Instagram dove possono interagire con lettori e blogger. Oggi siamo orgogliosi di vedere i nostri romanzi veicolati da una rete di blogger europei e dagli autori stessi, i quali difendono i loro romanzi in numerose fiere. Infine, sebbene il romanticismo sia l\u2019essenza originale della casa, siamo felici di sviluppare nuove collezioni, come il New Adult e il Fantasy, ma anche libri Self-Help.<\/span><\/h3><\/div>\n\t\t\t\t<\/div>\n\t\t\t\t<\/div>\n\t\t\t\t\t\t<\/div>\n\t\t\t\t\t<\/div>\n\t\t<\/div>\n\t\t\t\t\t\t\t\t<\/div>\n\t\t\t\t\t<\/div>\n\t\t<\/section>\n\t\t\t\t<div class=\"elementor-element elementor-element-f219749 elementor-widget elementor-widget-text-editor\" data-id=\"f219749\" data-element_type=\"widget\" data-widget_type=\"text-editor.default\">\n\t\t\t\t<div class=\"elementor-widget-container\">\n\t\t\t\t\t<div class=\"elementor-text-editor elementor-clearfix\"><h3 style=\"text-align: center;\"><span style=\"color: #000000; font-family: var( --e-global-typography-text-font-family ), Sans-serif; font-weight: var( --e-global-typography-text-font-weight ); font-size: 16px;\"><br \/><\/span><span style=\"font-family: var( --e-global-typography-text-font-family ), Sans-serif; font-weight: var( --e-global-typography-text-font-weight ); font-size: 16px; color: #800000;\"><em><strong>NB Siamo contro ogni forma di editoria a pagamento, ci prendiamo cura dei romanzi che scegliamo di pubblicare dalla A alla Z, senza chiedere alcun contributo ai nostri autori.<\/strong> <\/em><\/span><\/h3><\/div>\n\t\t\t\t<\/div>\n\t\t\t\t<\/div>\n\t\t\t\t<div class=\"elementor-element elementor-element-b86d218 elementor-widget elementor-widget-heading\" data-id=\"b86d218\" data-element_type=\"widget\" data-widget_type=\"heading.default\">\n\t\t\t\t<div class=\"elementor-widget-container\">\n\t\t\t<h2 class=\"elementor-heading-title elementor-size-default\">Siamo alla ricerca costante di romanzi d'amore inclusivi\/own voice.<\/h2>\t\t<\/div>\n\t\t\t\t<\/div>\n\t\t\t\t<div class=\"elementor-element elementor-element-072d7e1 elementor-widget elementor-widget-spacer\" data-id=\"072d7e1\" data-element_type=\"widget\" data-widget_type=\"spacer.default\">\n\t\t\t\t<div class=\"elementor-widget-container\">\n\t\t\t\t\t<div class=\"elementor-spacer\">\n\t\t\t<div class=\"elementor-spacer-inner\"><\/div>\n\t\t<\/div>\n\t\t\t\t<\/div>\n\t\t\t\t<\/div>\n\t\t\t\t\t\t<\/div>\n\t\t\t\t\t<\/div>\n\t\t<\/div>\n\t\t\t\t\t\t\t\t<\/div>\n\t\t\t\t\t<\/div>\n\t\t<\/section>\n\t\t\t\t<section class=\"elementor-section elementor-top-section elementor-element elementor-element-df4edb2 elementor-section-boxed elementor-section-height-default elementor-section-height-default\" data-id=\"df4edb2\" data-element_type=\"section\">\n\t\t\t\t\t\t<div class=\"elementor-container elementor-column-gap-default\">\n\t\t\t\t\t\t\t<div class=\"elementor-row\">\n\t\t\t\t\t<div class=\"elementor-column elementor-col-100 elementor-top-column elementor-element elementor-element-56dee89\" data-id=\"56dee89\" data-element_type=\"column\">\n\t\t\t<div class=\"elementor-column-wrap elementor-element-populated\">\n\t\t\t\t\t\t\t<div class=\"elementor-widget-wrap\">\n\t\t\t\t\t\t<div class=\"elementor-element elementor-element-4d06b53 elementor-widget elementor-widget-text-editor\" data-id=\"4d06b53\" data-element_type=\"widget\" data-widget_type=\"text-editor.default\">\n\t\t\t\t<div class=\"elementor-widget-container\">\n\t\t\t\t\t<div class=\"elementor-text-editor elementor-clearfix\"><p>A causa del gran numero di invii, i nostri tempi di risposta sono variabili e possono richiedere diversi mesi. Vi preghiamo di non inviarci un promemoria, in quanto ci\u00f2 prolungher\u00e0 l&#8217;elaborazione dei file gi\u00e0 in corso. Facciamo del nostro meglio per fornire una risposta ad ogni autore. L&#8217;invio di una sinossi chiara e completa (compresi tutti i colpi di scena) migliora notevolmente i nostri tempi di risposta. Siamo una piccola squadra e ci prendiamo il tempo di studiare ogni manoscritto, nel rispetto della vostra motivazione e del vostro lavoro. Grazie per la vostra comprensione\u00a0<img class=\"alignnone wp-image-20\" src=\"https:\/\/cherry-publishing.com\/wp-content\/uploads\/2018\/11\/favicon-red.png\" alt=\"\u00e9dition romance\" width=\"13\" height=\"16\" \/>.<\/p><\/div>\n\t\t\t\t<\/div>\n\t\t\t\t<\/div>\n\t\t\t\t\t\t<\/div>\n\t\t\t\t\t<\/div>\n\t\t<\/div>\n\t\t\t\t\t\t\t\t<\/div>\n\t\t\t\t\t<\/div>\n\t\t<\/section>\n\t\t\t\t\t\t<\/div>\n\t\t\t\t\t\t<\/div>\n\t\t\t\t\t<\/div>\n\t\t","protected":false},"excerpt":{"rendered":"<p>Perch\u00e9 affidarci il vostro manoscritto? Accettiamo : Qualsiasi tipo di romanticismo (da notare che stiamo solo considerando il soft dark romance e siamo molto cauti su questo genere. Si applica caso per caso). In particolar modo, in questo periodo riceveranno la precedenza nelle valutazioni: Sport Romance Urban\/Paranormal fantasy Royal Romance (romanzi di ambientazione contemporanea con protagoniste famiglie nobili e\/o reali) Romanzi storici (particolarmente apprezzato il periodo Regency ma valuteremo con interesse qualsiasi rosa storico) File in formato .pdf, .doc o &#8230; <\/p>\n<p class=\"read-more-container\"><a title=\"Presentazione del manoscritto\" class=\"read-more button\" href=\"https:\/\/cherry-publishing.com\/it\/manoscritto\/#more-1061\">Lire la suite<span class=\"screen-reader-text\">Presentazione del manoscritto<\/span><\/a><\/p>\n","protected":false},"author":1,"featured_media":0,"parent":0,"menu_order":0,"comment_status":"closed","ping_status":"closed","template":"","meta":[],"_links":{"self":[{"href":"https:\/\/cherry-publishing.com\/it\/wp-json\/wp\/v2\/pages\/1061"}],"collection":[{"href":"https:\/\/cherry-publishing.com\/it\/wp-json\/wp\/v2\/pages"}],"about":[{"href":"https:\/\/cherry-publishing.com\/it\/wp-json\/wp\/v2\/types\/page"}],"author":[{"embeddable":true,"href":"https:\/\/cherry-publishing.com\/it\/wp-json\/wp\/v2\/users\/1"}],"replies":[{"embeddable":true,"href":"https:\/\/cherry-publishing.com\/it\/wp-json\/wp\/v2\/comments?post=1061"}],"version-history":[{"count":27,"href":"https:\/\/cherry-publishing.com\/it\/wp-json\/wp\/v2\/pages\/1061\/revisions"}],"predecessor-version":[{"id":2507274,"href":"https:\/\/cherry-publishing.com\/it\/wp-json\/wp\/v2\/pages\/1061\/revisions\/2507274"}],"wp:attachment":[{"href":"https:\/\/cherry-publishing.com\/it\/wp-json\/wp\/v2\/media?parent=1061"}],"curies":[{"name":"wp","href":"https:\/\/api.w.org\/{rel}","templated":true}]}}