{"id":2502310,"date":"2021-02-02T19:17:16","date_gmt":"2021-02-02T18:17:16","guid":{"rendered":"https:\/\/cherry-publishing.com\/avviso-legale\/"},"modified":"2021-02-02T19:17:16","modified_gmt":"2021-02-02T18:17:16","slug":"avviso-legale","status":"publish","type":"page","link":"https:\/\/cherry-publishing.com\/it\/avviso-legale\/","title":{"rendered":"Avviso legale"},"content":{"rendered":"\n<p>Ai sensi dell&#8217;articolo 6 della legge n. 2004-575 del 21 giugno 2004 sulla fiducia nell&#8217;economia digitale, gli utenti del sito <a href=\"https:\/\/cherry-publishing.com\/it\/\">https:\/\/cherry-publishing.com\/it\/<\/a> sono informati dell&#8217;identit\u00e0 delle diverse parti coinvolte nella sua attuazione e nel suo controllo:<\/p>\n\n<h2>Presentazione del sito :<\/h2>\n\n<p><strong>Il sito &#8220;www.cherry-publishing.com\/it\/&#8221; \u00e8 ospitato dalla societ\u00e0 wpxhosting.<\/strong><\/p>\n\n<p><strong>Il sito &#8221; www.cherry-publishing.com &#8221; \u00e8 di propriet\u00e0 di GreenTomatoMedia Limited:<\/strong>&#13;\nCompany ID number :\u00a01831883&#13;\nFLAT A, 15\/F Hillier commercial Building 65-67 Bonham&#13;\nStrand East, Sheung Wan, Hong Kong<\/p>\n\n<p><a href=\"https:\/\/www.greentomatomedia.com\/fr\/\">https:\/\/www.greentomatomedia.com\/fr\/<\/a><\/p>\n\n<p>Oggi, Cherry Publishing esiste come entit\u00e0 indipendente registrata a Londra:<\/p>\n\n<p><strong>Cherry Pub LLP<\/strong><strong>&#13;\nCompany&#13;\nAdress: 71-75 Shelton Street, Covent Garden, London, England, WC2H 9JQ&#13;\nCompany&#13;\nnumber : OC431055<\/strong><\/p>\n\n<p>Il sito Cherry Publishing ha un indirizzo di corrispondenza a Tolosa, presso l&#8217;ufficio del direttore. Gli uffici fisici sono attualmente aperti a N\u00eemes (30).<\/p>\n\n<h2>Diritti di riproduzione: <\/h2>\n\n<p>Il nome Cherry Publishing \u00e8 registrato presso l&#8217;INPI. <\/p>\n\n<p>I diritti di diffusione e riproduzione sono interamente riservati. I loghi, i documenti iconografici e i testi disponibili sul sito sono propriet\u00e0 intellettuale di Cherry Publishing e non possono essere riprodotti e\/o utilizzati senza il previo permesso di Cherry Publishing.<\/p>\n","protected":false},"excerpt":{"rendered":"<p>Ai sensi dell&#8217;articolo 6 della legge n. 2004-575 del 21 giugno 2004 sulla fiducia nell&#8217;economia digitale, gli utenti del sito https:\/\/cherry-publishing.com\/it\/ sono informati dell&#8217;identit\u00e0 delle diverse parti coinvolte nella sua attuazione e nel suo controllo: Presentazione del sito : Il sito &#8220;www.cherry-publishing.com\/it\/&#8221; \u00e8 ospitato dalla societ\u00e0 wpxhosting. Il sito &#8221; www.cherry-publishing.com &#8221; \u00e8 di propriet\u00e0 di GreenTomatoMedia Limited:&#13; Company ID number :\u00a01831883&#13; FLAT A, 15\/F Hillier commercial Building 65-67 Bonham&#13; Strand East, Sheung Wan, Hong Kong https:\/\/www.greentomatomedia.com\/fr\/ Oggi, Cherry Publishing &#8230; <\/p>\n<p class=\"read-more-container\"><a title=\"Avviso legale\" class=\"read-more button\" href=\"https:\/\/cherry-publishing.com\/it\/avviso-legale\/#more-2502310\">Lire la suite<span class=\"screen-reader-text\">Avviso legale<\/span><\/a><\/p>\n","protected":false},"author":1,"featured_media":0,"parent":0,"menu_order":0,"comment_status":"closed","ping_status":"closed","template":"","meta":[],"_links":{"self":[{"href":"https:\/\/cherry-publishing.com\/it\/wp-json\/wp\/v2\/pages\/2502310"}],"collection":[{"href":"https:\/\/cherry-publishing.com\/it\/wp-json\/wp\/v2\/pages"}],"about":[{"href":"https:\/\/cherry-publishing.com\/it\/wp-json\/wp\/v2\/types\/page"}],"author":[{"embeddable":true,"href":"https:\/\/cherry-publishing.com\/it\/wp-json\/wp\/v2\/users\/1"}],"replies":[{"embeddable":true,"href":"https:\/\/cherry-publishing.com\/it\/wp-json\/wp\/v2\/comments?post=2502310"}],"version-history":[{"count":1,"href":"https:\/\/cherry-publishing.com\/it\/wp-json\/wp\/v2\/pages\/2502310\/revisions"}],"predecessor-version":[{"id":2502311,"href":"https:\/\/cherry-publishing.com\/it\/wp-json\/wp\/v2\/pages\/2502310\/revisions\/2502311"}],"wp:attachment":[{"href":"https:\/\/cherry-publishing.com\/it\/wp-json\/wp\/v2\/media?parent=2502310"}],"curies":[{"name":"wp","href":"https:\/\/api.w.org\/{rel}","templated":true}]}}