{"id":2502623,"date":"2020-04-03T07:36:12","date_gmt":"2020-04-03T06:36:12","guid":{"rendered":"https:\/\/cherry-publishing.com\/senza-categoria\/lultima-musa-volume-1-rip\/"},"modified":"2021-02-10T16:39:56","modified_gmt":"2021-02-10T15:39:56","slug":"lultima-musa-volume-1-rip","status":"publish","type":"product","link":"https:\/\/cherry-publishing.com\/it\/romanzo\/romanzi\/fantasy\/lultima-musa-volume-1-rip\/","title":{"rendered":"L&#8217;ULTIMA MUSA: VOLUME 1: RIP"},"content":{"rendered":"<table style=\"border-radius: 0px; background-color: #b00909; height: 29px;\" border=\"0\" width=\"269\" cellspacing=\"0\" cellpadding=\"0\" align=\"left\">\n<tbody>\n<tr>\n<td class=\"em_white\" style=\"font-family: 'Open Sans', Arial, sans-serif; font-size: 12px; color: #ffffff; font-weight: bold; padding: 0 30px; height: 40px;\" align=\"center\" valign=\"middle\" height=\"40\"><span style=\"color: #ffffff;\"><a style=\"color: #ffffff;\" href=\"https:\/\/amzn.to\/3a5GNYR\">Copertina Felssibile +<\/a><\/span><\/td>\n<\/tr>\n<\/tbody>\n<\/table>\n<table style=\"border-radius: 0px; background-color: #b00909; height: 29px;\" border=\"0\" width=\"269\" cellspacing=\"0\" cellpadding=\"0\" align=\"left\">\n<tbody>\n<tr>\n<td class=\"em_white\" style=\"font-family: 'Open Sans', Arial, sans-serif; font-size: 12px; color: #ffffff; font-weight: bold; padding: 0 30px; height: 40px;\" align=\"center\" valign=\"middle\" height=\"40\"><a style=\"text-decoration: none; color: #ffffff; display: block; line-height: 40px; background-color: #b00909;\" href=\"https:\/\/amzn.to\/3pgrW2t\" target=\"_blank\" rel=\"noopener\">Leggi in ebook +<\/a><\/td>\n<\/tr>\n<\/tbody>\n<\/table>\n","protected":false},"excerpt":{"rendered":"<h2>[amazon box=\"B08TQQBT1X\" template=\"horizontal\"]<\/h2>\n<p>Per sfuggire al suo passato doloroso, Kataline lascia gli Stati Uniti e va in esilio in Francia, con Jess, una zia che conosce a malapena. Con uno spiccato talento per l\u2019arte, l\u2019aiuta nel suo negozio di tatuaggi, dove disegna schizzi per i clienti quando non frequenta uno dei suoi due corsi all\u2019universit\u00e0. Lontano dai suoi demoni, la ragazza trova gradualmente una vita normale. Almeno cos\u00ec sembrava, finch\u00e9 non ha incontrato Maxime e si \u00e8 tuffata nel suo universo.<\/p>\n<p>Un universo oscuro e pericoloso, dove Rip, leader di The Cursed e spietato combattente di strada, sembra regnare sovrano. Presto i demoni molto pi\u00f9 feroci di quelli del suo passato verranno a perseguitare Kat, e la minaccia che incombe su di lei potrebbe costarle la vita.Riuscir\u00e0 Rip a salvarla? O firmer\u00e0 la sua distruzione una volta per tutte?<\/p>\n","protected":false},"featured_media":2502626,"comment_status":"closed","ping_status":"closed","template":"","meta":[],"_links":{"self":[{"href":"https:\/\/cherry-publishing.com\/it\/wp-json\/wp\/v2\/product\/2502623"}],"collection":[{"href":"https:\/\/cherry-publishing.com\/it\/wp-json\/wp\/v2\/product"}],"about":[{"href":"https:\/\/cherry-publishing.com\/it\/wp-json\/wp\/v2\/types\/product"}],"replies":[{"embeddable":true,"href":"https:\/\/cherry-publishing.com\/it\/wp-json\/wp\/v2\/comments?post=2502623"}],"wp:featuredmedia":[{"embeddable":true,"href":"https:\/\/cherry-publishing.com\/it\/wp-json\/wp\/v2\/media\/2502626"}],"wp:attachment":[{"href":"https:\/\/cherry-publishing.com\/it\/wp-json\/wp\/v2\/media?parent=2502623"}],"curies":[{"name":"wp","href":"https:\/\/api.w.org\/{rel}","templated":true}]}}