{"id":2502674,"date":"2021-02-12T11:22:54","date_gmt":"2021-02-12T10:22:54","guid":{"rendered":"https:\/\/cherry-publishing.com\/?post_type=product&#038;p=2502674"},"modified":"2021-06-01T10:53:41","modified_gmt":"2021-06-01T09:53:41","slug":"indelebile","status":"publish","type":"product","link":"https:\/\/cherry-publishing.com\/it\/romanzo\/indelebile\/","title":{"rendered":"Indelebile"},"content":{"rendered":"<div class=\"su-button-center\"><a href=\"https:\/\/www.amazon.it\/dp\/B08WHGKSZ4?&amp;linkCode=sl1&amp;tag=kdp2it-21&amp;linkId=2aa35de290aaeff7d8d97025759b11fb&amp;language=it_IT&amp;ref_=as_li_ss_tl\" class=\"su-button su-button-style-flat su-button-wide\" style=\"color:#FFFFFF;background-color:#b00909;border-color:#8d0808;border-radius:0px;-moz-border-radius:0px;-webkit-border-radius:0px\" target=\"_blank\" rel=\"noopener noreferrer\"><span style=\"color:#FFFFFF;padding:7px 20px;font-size:16px;line-height:24px;border-color:#c85353;border-radius:0px;-moz-border-radius:0px;-webkit-border-radius:0px;text-shadow:none;-moz-text-shadow:none;-webkit-text-shadow:none\"><i class=\"sui sui-book\" style=\"font-size:16px;color:#FFFFFF\"><\/i> Leggi in e-book<\/span><\/a><\/div>\n<div class=\"su-button-center\"><a href=\"https:\/\/www.amazon.it\/dp\/1801160651?&amp;linkCode=sl1&amp;tag=kdp2it-21&amp;linkId=a78e201c3a57c166fbe6ab3efe8d72c6&amp;language=it_IT&amp;ref_=as_li_ss_tl\" class=\"su-button su-button-style-flat su-button-wide\" style=\"color:#FFFFFF;background-color:#b00909;border-color:#8d0808;border-radius:0px;-moz-border-radius:0px;-webkit-border-radius:0px\" target=\"_blank\" rel=\"noopener noreferrer\"><span style=\"color:#FFFFFF;padding:7px 20px;font-size:16px;line-height:24px;border-color:#c85353;border-radius:0px;-moz-border-radius:0px;-webkit-border-radius:0px;text-shadow:none;-moz-text-shadow:none;-webkit-text-shadow:none\"><i class=\"sui sui-book\" style=\"font-size:16px;color:#FFFFFF\"><\/i> Copertina Felssibile<\/span><\/a><\/div>\n<p>&nbsp;<\/p>\n<p>&nbsp;<\/p>\n","protected":false},"excerpt":{"rendered":"<p><b>Asociale<\/b>. Cos\u00ec viene definita Roxanne Lowell, una ragazza emarginata della piccola quanto pericolosa citt\u00e0 di Glenswood, dove i criminali scorrazzano liberi e le voci di strada importano pi\u00f9 della verit\u00e0 stessa. Sola, con i suoi incubi, Roxanne lavora all\u2019Old Sound con il vecchio proprietario, cercando di mandare avanti la sua vita nonostante le macchie indelebili del passato.<\/p>\n<p>Ma la minaccia di un vecchio debito la costringer\u00e0 a gesta folli, persino a collaborare con il ladro pi\u00f9 temuto della citt\u00e0, Wade Layton. Il magnetismo tra i due \u00e8 palpabile, annebbia i sensi e Roxanne teme questa vicinanza con un criminale che inspiegabilmente brama le sue attenzioni. Sar\u00e0 una trappola o la svolta decisiva della sua vita?<\/p>\n","protected":false},"featured_media":2502675,"comment_status":"closed","ping_status":"closed","template":"","meta":[],"_links":{"self":[{"href":"https:\/\/cherry-publishing.com\/it\/wp-json\/wp\/v2\/product\/2502674"}],"collection":[{"href":"https:\/\/cherry-publishing.com\/it\/wp-json\/wp\/v2\/product"}],"about":[{"href":"https:\/\/cherry-publishing.com\/it\/wp-json\/wp\/v2\/types\/product"}],"replies":[{"embeddable":true,"href":"https:\/\/cherry-publishing.com\/it\/wp-json\/wp\/v2\/comments?post=2502674"}],"wp:featuredmedia":[{"embeddable":true,"href":"https:\/\/cherry-publishing.com\/it\/wp-json\/wp\/v2\/media\/2502675"}],"wp:attachment":[{"href":"https:\/\/cherry-publishing.com\/it\/wp-json\/wp\/v2\/media?parent=2502674"}],"curies":[{"name":"wp","href":"https:\/\/api.w.org\/{rel}","templated":true}]}}