{"id":2502795,"date":"2021-02-27T15:36:46","date_gmt":"2021-02-27T14:36:46","guid":{"rendered":"https:\/\/cherry-publishing.com\/?post_type=product&#038;p=2502795"},"modified":"2021-07-21T15:01:28","modified_gmt":"2021-07-21T14:01:28","slug":"il-diario-di-buenos-aires","status":"publish","type":"product","link":"https:\/\/cherry-publishing.com\/it\/romanzo\/romanzi\/storico\/il-diario-di-buenos-aires\/","title":{"rendered":"Il diario di Buenos Aires"},"content":{"rendered":"<div class=\"su-button-center\"><a href=\"https:\/\/amzn.to\/2O4aocL\" class=\"su-button su-button-style-flat su-button-wide\" style=\"color:#FFFFFF;background-color:#b00909;border-color:#8d0808;border-radius:0px;-moz-border-radius:0px;-webkit-border-radius:0px\" target=\"_blank\" rel=\"noopener noreferrer\"><span style=\"color:#FFFFFF;padding:7px 20px;font-size:16px;line-height:24px;border-color:#c85353;border-radius:0px;-moz-border-radius:0px;-webkit-border-radius:0px;text-shadow:none;-moz-text-shadow:none;-webkit-text-shadow:none\"><i class=\"sui sui-book\" style=\"font-size:16px;color:#FFFFFF\"><\/i> Leggi in e-book<\/span><\/a><\/div>\n<div class=\"su-button-center\"><a href=\"https:\/\/amzn.to\/2O4aocL\" class=\"su-button su-button-style-flat su-button-wide\" style=\"color:#FFFFFF;background-color:#b00909;border-color:#8d0808;border-radius:0px;-moz-border-radius:0px;-webkit-border-radius:0px\" target=\"_blank\" rel=\"noopener noreferrer\"><span style=\"color:#FFFFFF;padding:7px 20px;font-size:16px;line-height:24px;border-color:#c85353;border-radius:0px;-moz-border-radius:0px;-webkit-border-radius:0px;text-shadow:none;-moz-text-shadow:none;-webkit-text-shadow:none\"><i class=\"sui sui-book\" style=\"font-size:16px;color:#FFFFFF\"><\/i> Copertina Felssibile<\/span><\/a><\/div>\n<p>&nbsp;<\/p>\n<p>&nbsp;<\/p>\n","protected":false},"excerpt":{"rendered":"<p>Samuele doveva sposarsi quando una visita inaspettata lo riporta indietro nel tempo, a una vacanza a Buenos Aires e a una giovane argentina che gli ha fatto battere il cuore fin dal primo istante: Mariam.<\/p>\n<p>Nel 1976, Samuele e Mariam erano giovani e spensierati, noncuranti della scenario politico che li circondava e che spingeva i loro amici a scendere in piazza per rivendicare i loro diritti. Una lotta destinata a fallire e a sconvolgere le loro vite.<\/p>\n<p>In un\u2019avvincente storia tra passato e futuro, Samuele ripercorre le pagine di un diario colmo di passione e dolore, e ritorna a Buenos Aires nel 1990 con la promessa di un nuovo inizio. Un viaggio che si prospetta duro e imprevedibile, tra le strade di una citt\u00e0 che, a fatica, cerca di risorgere dalle ceneri della dittatura e che ha lasciato pi\u00f9 vittime che vittoriosi. Ma Samuele non si far\u00e0 trascinare nel vortice del dolore, invece si far\u00e0 portatore di una nuova speranza per il ricordo di una donna che ama ancora alla follia.<\/p>\n","protected":false},"featured_media":2502796,"comment_status":"closed","ping_status":"closed","template":"","meta":[],"_links":{"self":[{"href":"https:\/\/cherry-publishing.com\/it\/wp-json\/wp\/v2\/product\/2502795"}],"collection":[{"href":"https:\/\/cherry-publishing.com\/it\/wp-json\/wp\/v2\/product"}],"about":[{"href":"https:\/\/cherry-publishing.com\/it\/wp-json\/wp\/v2\/types\/product"}],"replies":[{"embeddable":true,"href":"https:\/\/cherry-publishing.com\/it\/wp-json\/wp\/v2\/comments?post=2502795"}],"wp:featuredmedia":[{"embeddable":true,"href":"https:\/\/cherry-publishing.com\/it\/wp-json\/wp\/v2\/media\/2502796"}],"wp:attachment":[{"href":"https:\/\/cherry-publishing.com\/it\/wp-json\/wp\/v2\/media?parent=2502795"}],"curies":[{"name":"wp","href":"https:\/\/api.w.org\/{rel}","templated":true}]}}