{"id":2503421,"date":"2021-04-16T15:53:55","date_gmt":"2021-04-16T14:53:55","guid":{"rendered":"https:\/\/cherry-publishing.com\/?post_type=product&#038;p=2503421"},"modified":"2021-06-01T13:13:06","modified_gmt":"2021-06-01T12:13:06","slug":"amore-a-doppio-filo","status":"publish","type":"product","link":"https:\/\/cherry-publishing.com\/it\/romanzo\/romanzi\/new-adult\/amore-a-doppio-filo\/","title":{"rendered":"Amore a doppio filo"},"content":{"rendered":"<div class=\"su-button-center\"><a href=\"https:\/\/amzn.to\/2Qt1Jll\" class=\"su-button su-button-style-flat su-button-wide\" style=\"color:#FFFFFF;background-color:#b00909;border-color:#8d0808;border-radius:0px;-moz-border-radius:0px;-webkit-border-radius:0px\" target=\"_blank\" rel=\"noopener noreferrer\"><span style=\"color:#FFFFFF;padding:7px 20px;font-size:16px;line-height:24px;border-color:#c85353;border-radius:0px;-moz-border-radius:0px;-webkit-border-radius:0px;text-shadow:none;-moz-text-shadow:none;-webkit-text-shadow:none\"><i class=\"sui sui-book\" style=\"font-size:16px;color:#FFFFFF\"><\/i> Leggi in e-book<\/span><\/a><\/div>\n<div class=\"su-button-center\"><a href=\"https:\/\/amzn.to\/3doKryY\" class=\"su-button su-button-style-flat su-button-wide\" style=\"color:#FFFFFF;background-color:#b00909;border-color:#8d0808;border-radius:0px;-moz-border-radius:0px;-webkit-border-radius:0px\" target=\"_blank\" rel=\"noopener noreferrer\"><span style=\"color:#FFFFFF;padding:7px 20px;font-size:16px;line-height:24px;border-color:#c85353;border-radius:0px;-moz-border-radius:0px;-webkit-border-radius:0px;text-shadow:none;-moz-text-shadow:none;-webkit-text-shadow:none\"><i class=\"sui sui-book\" style=\"font-size:16px;color:#FFFFFF\"><\/i> Copertina Felssibile<\/span><\/a><\/div>\n<p>&nbsp;<\/p>\n<p>&nbsp;<\/p>\n<div>\n<div class=\"font_preload\" style=\"opacity: 0;\"><\/div>\n<\/div>\n","protected":false},"excerpt":{"rendered":"<p>&nbsp;<\/p>\n[amazon box=\"B092MXK38B\" template=\"horizontal\"]\n<p><em>Rinunceresti a una notte con un ex modello per ventimila sterline?<\/em><\/p>\n<p>Arianna, studentessa in Erasmus a Londra e cameriera part time, non ha dubbi di vincere la scommessa: lei non \u00e8 come una di quelle donnette da romanzo rosa e ci vuole ben altro per farle perdere la testa.<\/p>\n<p>Se per\u00f2 il modello in questione \u00e8 anche il tuo capo, hai una strega di coinquilina intenzionata a metterti i bastoni tra le ruote, e ti ritrovi a mentire al ragazzo pi\u00f9 dolce che tu abbia mai incontrato pur di accettare la sfida, la cosa potrebbe non essere cos\u00ec facile. Tra bugie e imprevisti, Arianna si ritrover\u00e0 in un labirinto talmente fitto che un filo d\u2019oro non baster\u00e0 a farla uscire dai guai. Quindi meglio rinunciare alla sfida\u2026 o provare a uccidere il Minotauro?<\/p>\n<div>\n<div class=\"font_preload\" style=\"opacity: 0;\"><\/div>\n<\/div>\n","protected":false},"featured_media":2503422,"comment_status":"closed","ping_status":"closed","template":"","meta":[],"_links":{"self":[{"href":"https:\/\/cherry-publishing.com\/it\/wp-json\/wp\/v2\/product\/2503421"}],"collection":[{"href":"https:\/\/cherry-publishing.com\/it\/wp-json\/wp\/v2\/product"}],"about":[{"href":"https:\/\/cherry-publishing.com\/it\/wp-json\/wp\/v2\/types\/product"}],"replies":[{"embeddable":true,"href":"https:\/\/cherry-publishing.com\/it\/wp-json\/wp\/v2\/comments?post=2503421"}],"wp:featuredmedia":[{"embeddable":true,"href":"https:\/\/cherry-publishing.com\/it\/wp-json\/wp\/v2\/media\/2503422"}],"wp:attachment":[{"href":"https:\/\/cherry-publishing.com\/it\/wp-json\/wp\/v2\/media?parent=2503421"}],"curies":[{"name":"wp","href":"https:\/\/api.w.org\/{rel}","templated":true}]}}