{"id":2503865,"date":"2021-05-24T16:02:36","date_gmt":"2021-05-24T15:02:36","guid":{"rendered":"https:\/\/cherry-publishing.com\/?post_type=product&#038;p=2503865"},"modified":"2021-07-06T14:37:32","modified_gmt":"2021-07-06T13:37:32","slug":"miriam-ragni","status":"publish","type":"product","link":"https:\/\/cherry-publishing.com\/it\/autori\/miriam-ragni\/","title":{"rendered":"Miriam Ragni"},"content":{"rendered":"<p style=\"text-align: center;\"><div class=\"su-youtube su-u-responsive-media-yes\"><iframe width=\"500\" height=\"400\" src=\"https:\/\/www.youtube.com\/embed\/94GHkBvyVOw?\" frameborder=\"0\" allowfullscreen allow=\"autoplay; encrypted-media; picture-in-picture\" title=\"\"><\/iframe><\/div>\n<h2 style=\"text-align: center;\">I suoi romanzi<\/h2>\n<p style=\"text-align: center;\"><div class=\"woocommerce columns-4 \"><ul class=\"products columns-4\">\n<li class=\"sales-flash-overlay woocommerce-text-align-center woocommerce-image-align-center do-quantity-buttons product type-product post-2503864 status-publish first instock product_cat-new-adult product_cat-romanzo has-post-thumbnail shipping-taxable product-type-simple\">\n\t<\/li>\n<\/ul>\n<\/div>\n<p style=\"text-align: center;\">\n<div>\n<div class=\"font_preload\" style=\"opacity: 0;\"><\/div>\n<\/div>\n","protected":false},"excerpt":{"rendered":"<p>Sono Miriam Ragni, nata a Sant\u2019Omero (TE) nel 1997 e, attualmente vivo ad Apiro (MC), sono una studentessa universitaria. Mi sono diplomata in ragioneria nel 2016 e, nel 2019 mi sono laureata in scienze dell\u2019educazione presso l\u2019Universit\u00e0 degli studi di Macerata. Ho sempre avuto un crescente interesse per la lettura fin da bambina, quando trascorrevo i pomeriggi a divorare libri per averne uno nuovo da leggere il giorno dopo. La scrittura \u00e8 stata sempre presente: fin da piccola creavo storie e racconti. Pur non volendo, la mia mente fantastica di continuo. Vorrei premere il tasto \u201coff\u201d per riuscire a non pensare a niente, per riuscire a non viaggiare con l\u2019immaginazione, ma ci\u00f2 non \u00e8 possibile. Vivo nella convinzione che un buon libro possa risollevare l\u2019animo anche nelle giornate pi\u00f9 buie, perch\u00e9 \u00e8 ci\u00f2 che \u00e8 successo a me.<\/p>\n","protected":false},"featured_media":2504060,"comment_status":"closed","ping_status":"closed","template":"","meta":[],"_links":{"self":[{"href":"https:\/\/cherry-publishing.com\/it\/wp-json\/wp\/v2\/product\/2503865"}],"collection":[{"href":"https:\/\/cherry-publishing.com\/it\/wp-json\/wp\/v2\/product"}],"about":[{"href":"https:\/\/cherry-publishing.com\/it\/wp-json\/wp\/v2\/types\/product"}],"replies":[{"embeddable":true,"href":"https:\/\/cherry-publishing.com\/it\/wp-json\/wp\/v2\/comments?post=2503865"}],"wp:featuredmedia":[{"embeddable":true,"href":"https:\/\/cherry-publishing.com\/it\/wp-json\/wp\/v2\/media\/2504060"}],"wp:attachment":[{"href":"https:\/\/cherry-publishing.com\/it\/wp-json\/wp\/v2\/media?parent=2503865"}],"curies":[{"name":"wp","href":"https:\/\/api.w.org\/{rel}","templated":true}]}}