{"id":2504097,"date":"2021-06-01T13:41:29","date_gmt":"2021-06-01T12:41:29","guid":{"rendered":"https:\/\/cherry-publishing.com\/?post_type=product&#038;p=2504097"},"modified":"2021-06-01T14:32:22","modified_gmt":"2021-06-01T13:32:22","slug":"martina-annicelli","status":"publish","type":"product","link":"https:\/\/cherry-publishing.com\/it\/autori\/martina-annicelli\/","title":{"rendered":"Martina Annicelli"},"content":{"rendered":"<h2 style=\"text-align: center;\">I suoi romanzi<\/h2>\n<p style=\"text-align: center;\"><div class=\"woocommerce columns-4 \"><ul class=\"products columns-4\">\n<li class=\"sales-flash-overlay woocommerce-text-align-center woocommerce-image-align-center do-quantity-buttons product type-product post-1926 status-publish first instock product_cat-commedia-romantica has-post-thumbnail shipping-taxable product-type-simple\">\n\t<\/li>\n<\/ul>\n<\/div>\n<div>\n<div class=\"font_preload\" style=\"opacity: 0;\"><\/div>\n<\/div>\n","protected":false},"excerpt":{"rendered":"<p>Io sono Martina, ho 23 anni, sono nata e vivo a Napoli, dove frequento la magistrale di Ingegneria dell&#8217;Automazione e Robotica. Scrivere \u00e8 una passione che ho sempre coltivato ed \u00e8 l&#8217;unica costante che mi accompagner\u00e0 per sempre. Grazie a Chiara e alla Cherry Publishing che hanno creduto in me, ho avuto l&#8217;opportunit\u00e0 di far conoscere le mie storie e di conoscere lettori fantastici! Ho un animo da sognatrice e la testa sempre fra le nuvole, da buon &#8220;nata sotto il segno dei pesci&#8221; quale sono, anche se a ci\u00f2 si contrappone una parte di me molto razionale. Dopotutto, questa dualit\u00e0 si rispecchia in tutto ci\u00f2 che faccio.<\/p>\n","protected":false},"featured_media":500948,"comment_status":"closed","ping_status":"closed","template":"","meta":[],"_links":{"self":[{"href":"https:\/\/cherry-publishing.com\/it\/wp-json\/wp\/v2\/product\/2504097"}],"collection":[{"href":"https:\/\/cherry-publishing.com\/it\/wp-json\/wp\/v2\/product"}],"about":[{"href":"https:\/\/cherry-publishing.com\/it\/wp-json\/wp\/v2\/types\/product"}],"replies":[{"embeddable":true,"href":"https:\/\/cherry-publishing.com\/it\/wp-json\/wp\/v2\/comments?post=2504097"}],"wp:featuredmedia":[{"embeddable":true,"href":"https:\/\/cherry-publishing.com\/it\/wp-json\/wp\/v2\/media\/500948"}],"wp:attachment":[{"href":"https:\/\/cherry-publishing.com\/it\/wp-json\/wp\/v2\/media?parent=2504097"}],"curies":[{"name":"wp","href":"https:\/\/api.w.org\/{rel}","templated":true}]}}