{"id":2504224,"date":"2021-06-08T13:05:48","date_gmt":"2021-06-08T12:05:48","guid":{"rendered":"https:\/\/cherry-publishing.com\/?post_type=product&#038;p=2504224"},"modified":"2021-06-14T18:07:48","modified_gmt":"2021-06-14T17:07:48","slug":"un-mese-per-amare","status":"publish","type":"product","link":"https:\/\/cherry-publishing.com\/it\/romanzo\/romanzi\/new-adult\/un-mese-per-amare\/","title":{"rendered":"Un Mese per Amare"},"content":{"rendered":"<div class=\"su-button-center\"><a href=\"https:\/\/www.amazon.it\/dp\/B0976GRFJT?&amp;linkCode=ll1&amp;tag=kdp2it-21&amp;linkId=419dba6cb59ff520759860a11da4fa14&amp;language=it_IT&amp;ref_=as_li_ss_tl\" class=\"su-button su-button-style-flat su-button-wide\" style=\"color:#FFFFFF;background-color:#b00909;border-color:#8d0808;border-radius:0px;-moz-border-radius:0px;-webkit-border-radius:0px\" target=\"_blank\" rel=\"noopener noreferrer\"><span style=\"color:#FFFFFF;padding:7px 20px;font-size:16px;line-height:24px;border-color:#c85353;border-radius:0px;-moz-border-radius:0px;-webkit-border-radius:0px;text-shadow:none;-moz-text-shadow:none;-webkit-text-shadow:none\"><i class=\"sui sui-book\" style=\"font-size:16px;color:#FFFFFF\"><\/i> Leggi in e-book<\/span><\/a><\/div>\n<div class=\"su-button-center\"><a href=\"https:\/\/www.amazon.it\/dp\/1801161232?&amp;linkCode=ll1&amp;tag=kdp2it-21&amp;linkId=2a6eaf6fa8c3ecfc98b42c6a05d5c9ac&amp;language=it_IT&amp;ref_=as_li_ss_tl\" class=\"su-button su-button-style-flat su-button-wide\" style=\"color:#FFFFFF;background-color:#b00909;border-color:#8d0808;border-radius:0px;-moz-border-radius:0px;-webkit-border-radius:0px\" target=\"_blank\" rel=\"noopener noreferrer\"><span style=\"color:#FFFFFF;padding:7px 20px;font-size:16px;line-height:24px;border-color:#c85353;border-radius:0px;-moz-border-radius:0px;-webkit-border-radius:0px;text-shadow:none;-moz-text-shadow:none;-webkit-text-shadow:none\"><i class=\"sui sui-book\" style=\"font-size:16px;color:#FFFFFF\"><\/i> Copertina Felssibile<\/span><\/a><\/div>\n<div class=\"su-youtube su-u-responsive-media-yes\"><iframe width=\"500\" height=\"400\" src=\"https:\/\/www.youtube.com\/embed\/rk-MDJ-jQV8?\" frameborder=\"0\" allowfullscreen allow=\"autoplay; encrypted-media; picture-in-picture\" title=\"\"><\/iframe><\/div>\n<p>&nbsp;<\/p>\n<p>&nbsp;<\/p>\n<div>\n<div class=\"font_preload\" style=\"opacity: 0;\"><\/div>\n<\/div>\n","protected":false},"excerpt":{"rendered":"[amazon box=\"<span class=\"a-declarative\" data-action=\"jele-click-metric\" data-jele-click-metric=\"{}\"><span id=\"zme-indie-bookshelf-dual-print-price-asin-8X5DT9DDY4T\" class=\"a-color-secondary mt-text-content\">1801161232<\/span><\/span>\" template=\"horizontal\"]\n<p>April vive undici mesi all&#8217;anno in apnea, trattenendo il fiato e aspettando di tornare a respirare nella sua casa a Jacksonville, dove i suoi amici e il suo cuore sono da sempre.<\/p>\n<p>Jaxon, d&#8217;altro canto, ha sempre cercato di tenere la mente occupata, mentre nel profondo attende che le vacanze arrivino il prima possibile. Il loro \u00e8 un legame particolare. Hanno un mese su dodici per amarsi. Un mese che vale pi\u00f9 di un intero anno.<br \/>\nMa le et\u00e0 diverse, le gelosie e verit\u00e0 nascoste li travolgeranno in un turbine di sentimenti che metter\u00e0 in dubbio tutta la loro relazione. Una storia che vi trasciner\u00e0 non solo nelle vicende di April e Jaxon, ma anche dei loro amici, scatenati e assetati d\u2019amore come loro ma pronti ad affrontare tutto pur di rimanere uniti.<\/p>\n<div>\n<div class=\"font_preload\" style=\"opacity: 0;\"><\/div>\n<\/div>\n","protected":false},"featured_media":2504225,"comment_status":"closed","ping_status":"closed","template":"","meta":[],"_links":{"self":[{"href":"https:\/\/cherry-publishing.com\/it\/wp-json\/wp\/v2\/product\/2504224"}],"collection":[{"href":"https:\/\/cherry-publishing.com\/it\/wp-json\/wp\/v2\/product"}],"about":[{"href":"https:\/\/cherry-publishing.com\/it\/wp-json\/wp\/v2\/types\/product"}],"replies":[{"embeddable":true,"href":"https:\/\/cherry-publishing.com\/it\/wp-json\/wp\/v2\/comments?post=2504224"}],"wp:featuredmedia":[{"embeddable":true,"href":"https:\/\/cherry-publishing.com\/it\/wp-json\/wp\/v2\/media\/2504225"}],"wp:attachment":[{"href":"https:\/\/cherry-publishing.com\/it\/wp-json\/wp\/v2\/media?parent=2504224"}],"curies":[{"name":"wp","href":"https:\/\/api.w.org\/{rel}","templated":true}]}}