{"id":2504931,"date":"2021-07-13T16:07:35","date_gmt":"2021-07-13T15:07:35","guid":{"rendered":"https:\/\/cherry-publishing.com\/?post_type=product&#038;p=2504931"},"modified":"2021-07-17T11:53:53","modified_gmt":"2021-07-17T10:53:53","slug":"non-giocare-con-il-fuoco","status":"publish","type":"product","link":"https:\/\/cherry-publishing.com\/it\/romanzo\/romanzi\/lgbtq\/non-giocare-con-il-fuoco\/","title":{"rendered":"Non giocare con il fuoco"},"content":{"rendered":"<div class=\"su-button-center\"><a href=\"https:\/\/www.amazon.it\/dp\/B099ML8MCN?&amp;linkCode=ll1&amp;tag=kdp2it-21&amp;linkId=656abc36a2d8282d5adf39c00eef60f5&amp;language=it_IT&amp;ref_=as_li_ss_tl\" class=\"su-button su-button-style-flat su-button-wide\" style=\"color:#FFFFFF;background-color:#b00909;border-color:#8d0808;border-radius:0px;-moz-border-radius:0px;-webkit-border-radius:0px\" target=\"_self\"><span style=\"color:#FFFFFF;padding:7px 20px;font-size:16px;line-height:24px;border-color:#c85353;border-radius:0px;-moz-border-radius:0px;-webkit-border-radius:0px;text-shadow:none;-moz-text-shadow:none;-webkit-text-shadow:none\"><i class=\"sui sui-book\" style=\"font-size:16px;color:#FFFFFF\"><\/i> Leggi in e-book<\/span><\/a><\/div>\n<div class=\"su-button-center\"><a href=\"https:\/\/www.amazon.it\/Non-giocare-fuoco-Lostinhereyess\/dp\/1801161321?_encoding=UTF8&amp;qid=&amp;sr=&amp;linkCode=ll1&amp;tag=kdp2it-21&amp;linkId=c9efb5a09e1c629b2c17d7e34bc41d1e&amp;language=it_IT&amp;ref_=as_li_ss_tl\" class=\"su-button su-button-style-flat su-button-wide\" style=\"color:#FFFFFF;background-color:#b00909;border-color:#8d0808;border-radius:0px;-moz-border-radius:0px;-webkit-border-radius:0px\" target=\"_blank\" rel=\"noopener noreferrer\"><span style=\"color:#FFFFFF;padding:7px 20px;font-size:16px;line-height:24px;border-color:#c85353;border-radius:0px;-moz-border-radius:0px;-webkit-border-radius:0px;text-shadow:none;-moz-text-shadow:none;-webkit-text-shadow:none\"><i class=\"sui sui-book\" style=\"font-size:16px;color:#FFFFFF\"><\/i> Copertina Felssibile<\/span><\/a><\/div>\n<div class=\"su-youtube su-u-responsive-media-yes\"><iframe width=\"500\" height=\"400\" src=\"https:\/\/www.youtube.com\/embed\/8kMcDLHqKHo?\" frameborder=\"0\" allowfullscreen allow=\"autoplay; encrypted-media; picture-in-picture\" title=\"\"><\/iframe><\/div>\n<p>&nbsp;<\/p>\n<p>&nbsp;<\/p>\n<p>&nbsp;<\/p>\n<div>\n<div class=\"font_preload\" style=\"opacity: 0;\"><\/div>\n<\/div>\n","protected":false},"excerpt":{"rendered":"[amazon box=\"<span class=\"a-list-item\">B099ML8MCN<\/span>\" template=\"horizontal\"]\n<div>Arianna \u00e8 una foglia. Fragile e timida fino al punto di sentirsi quasi insignificante. Soffre di crisi d\u2019ansia, un mostro con cui convive da quando ha memoria, rendendole difficile stabilire legami con gli altri. Ma quando si ritrova a ricominciare da zero il suo quarto anno di liceo in una nuova scuola, Arianna \u00e8 pronta a ribaltare la sua vita. Stringe amicizia con un nuovo gruppo di compagni e incontra Adam, il primo ragazzo che l\u2019abbia mai notata: bello, premuroso e soprattutto interessato a lei. Tutto sembra procedere come sperato, eppure quel nome sussurrato nei corridoi della scuola non smette di tormentarla. Chi \u00e8 quella pericolosa Fiamma di cui tutti parlano? E perch\u00e9 lei ne \u00e8 incondizionatamente e completamente attratta?<br \/>\nArianna \u00e8 una foglia. E una foglia vicino a una fiamma rischia di bruciarsi.<\/div>\n<div>\n<div class=\"font_preload\" style=\"opacity: 0;\"><\/div>\n<\/div>\n","protected":false},"featured_media":2504932,"comment_status":"closed","ping_status":"closed","template":"","meta":[],"_links":{"self":[{"href":"https:\/\/cherry-publishing.com\/it\/wp-json\/wp\/v2\/product\/2504931"}],"collection":[{"href":"https:\/\/cherry-publishing.com\/it\/wp-json\/wp\/v2\/product"}],"about":[{"href":"https:\/\/cherry-publishing.com\/it\/wp-json\/wp\/v2\/types\/product"}],"replies":[{"embeddable":true,"href":"https:\/\/cherry-publishing.com\/it\/wp-json\/wp\/v2\/comments?post=2504931"}],"wp:featuredmedia":[{"embeddable":true,"href":"https:\/\/cherry-publishing.com\/it\/wp-json\/wp\/v2\/media\/2504932"}],"wp:attachment":[{"href":"https:\/\/cherry-publishing.com\/it\/wp-json\/wp\/v2\/media?parent=2504931"}],"curies":[{"name":"wp","href":"https:\/\/api.w.org\/{rel}","templated":true}]}}