{"id":2505161,"date":"2021-07-26T20:35:44","date_gmt":"2021-07-26T19:35:44","guid":{"rendered":"https:\/\/cherry-publishing.com\/?post_type=product&#038;p=2505161"},"modified":"2021-08-10T20:07:19","modified_gmt":"2021-08-10T19:07:19","slug":"dragons-legacy-tra-luce-e-tenebra","status":"publish","type":"product","link":"https:\/\/cherry-publishing.com\/it\/romanzo\/romanzi\/fantasy\/dragons-legacy-tra-luce-e-tenebra\/","title":{"rendered":"Dragon&#8217;s Legacy : Tra luce e tenebra"},"content":{"rendered":"<div class=\"su-button-center\"><a href=\"https:\/\/amzn.to\/3lQu4j3\" class=\"su-button su-button-style-flat su-button-wide\" style=\"color:#FFFFFF;background-color:#b00909;border-color:#8d0808;border-radius:0px;-moz-border-radius:0px;-webkit-border-radius:0px\" target=\"_self\"><span style=\"color:#FFFFFF;padding:7px 20px;font-size:16px;line-height:24px;border-color:#c85353;border-radius:0px;-moz-border-radius:0px;-webkit-border-radius:0px;text-shadow:none;-moz-text-shadow:none;-webkit-text-shadow:none\"><i class=\"sui sui-book\" style=\"font-size:16px;color:#FFFFFF\"><\/i> Leggi in e-book<\/span><\/a><\/div>\n<div class=\"su-button-center\"><a href=\"https:\/\/amzn.to\/3lQu4j3\" class=\"su-button su-button-style-flat su-button-wide\" style=\"color:#FFFFFF;background-color:#b00909;border-color:#8d0808;border-radius:0px;-moz-border-radius:0px;-webkit-border-radius:0px\" target=\"_blank\" rel=\"noopener noreferrer\"><span style=\"color:#FFFFFF;padding:7px 20px;font-size:16px;line-height:24px;border-color:#c85353;border-radius:0px;-moz-border-radius:0px;-webkit-border-radius:0px;text-shadow:none;-moz-text-shadow:none;-webkit-text-shadow:none\"><i class=\"sui sui-book\" style=\"font-size:16px;color:#FFFFFF\"><\/i> Copertina Felssibile<\/span><\/a><\/div>\n<div class=\"su-youtube su-u-responsive-media-yes\"><iframe width=\"500\" height=\"400\" src=\"https:\/\/www.youtube.com\/embed\/a4IN3J4gPvQ?\" frameborder=\"0\" allowfullscreen allow=\"autoplay; encrypted-media; picture-in-picture\" title=\"\"><\/iframe><\/div>\n<p>&nbsp;<\/p>\n<p>&nbsp;<\/p>\n<p>&nbsp;<\/p>\n<div>\n<div class=\"font_preload\" style=\"opacity: 0;\"><\/div>\n<\/div>\n","protected":false},"excerpt":{"rendered":"[amazon box=\"<span class=\"a-list-item\">B09C2TPFJZ<\/span>\" template=\"horizontal\"]\n<p>Alexandra \u00e8 un&#8217;istruttrice militare fiera e ribelle che nasconde un oscuro segreto: ombre rivoltanti uscite dal buio rendono la sua vita un inferno perseguitandola senza tregua, cos\u00ec vive la sua vita chiusa in se stessa combattendo giorno e notte guidata da un infallibile istinto.<\/p>\n<p>Il destino, per\u00f2, le riserva una nuova lotta che far\u00e0 vacillare la sua tenacia. Lucian, un vampiro centenario che raccoglie la forza del drago nelle sue vene, risveglier\u00e0 in lei poteri, ricordi e sentimenti dimenticati dalla sua anima antica e un magnetismo, quasi fatale, che offusca la ragione di entrambi e da cui dipenderanno le sorti del mondo.<br \/>\nCondannato da una profezia, Lucian dovr\u00e0 scegliere tra due donne, la prescelta o l\u2019usurpatrice, Drago o Viverna, luce o tenebra. <i>Il cuore sar\u00e0 la sua guida, il passato la sua mappa, la morte il suo risveglio<\/i>, ma come scegliere per amore quando lo stesso \u00e8 stato il principio della fine?<\/p>\n<p>&nbsp;<\/p>\n<p>&nbsp;<\/p>\n<div><\/div>\n<div>\n<div class=\"font_preload\" style=\"opacity: 0;\"><\/div>\n<\/div>\n","protected":false},"featured_media":2505162,"comment_status":"closed","ping_status":"closed","template":"","meta":[],"_links":{"self":[{"href":"https:\/\/cherry-publishing.com\/it\/wp-json\/wp\/v2\/product\/2505161"}],"collection":[{"href":"https:\/\/cherry-publishing.com\/it\/wp-json\/wp\/v2\/product"}],"about":[{"href":"https:\/\/cherry-publishing.com\/it\/wp-json\/wp\/v2\/types\/product"}],"replies":[{"embeddable":true,"href":"https:\/\/cherry-publishing.com\/it\/wp-json\/wp\/v2\/comments?post=2505161"}],"wp:featuredmedia":[{"embeddable":true,"href":"https:\/\/cherry-publishing.com\/it\/wp-json\/wp\/v2\/media\/2505162"}],"wp:attachment":[{"href":"https:\/\/cherry-publishing.com\/it\/wp-json\/wp\/v2\/media?parent=2505161"}],"curies":[{"name":"wp","href":"https:\/\/api.w.org\/{rel}","templated":true}]}}