{"id":2505559,"date":"2021-09-15T15:21:19","date_gmt":"2021-09-15T14:21:19","guid":{"rendered":"https:\/\/cherry-publishing.com\/?post_type=product&#038;p=2505559"},"modified":"2022-06-28T08:50:28","modified_gmt":"2022-06-28T07:50:28","slug":"biscotti-al-cacao-2","status":"publish","type":"product","link":"https:\/\/cherry-publishing.com\/it\/romanzo\/romanzi\/new-adult\/biscotti-al-cacao-2\/","title":{"rendered":"Biscotti al Cacao 2"},"content":{"rendered":"<div class=\"su-button-center\"><a href=\"https:\/\/www.amazon.it\/dp\/B09GKMBCC1?&amp;linkCode=ll1&amp;tag=kdp2it-21&amp;linkId=f3a3ac4156452e8e675af154dae0728e&amp;language=it_IT&amp;ref_=as_li_ss_tl\" class=\"su-button su-button-style-flat su-button-wide\" style=\"color:#FFFFFF;background-color:#b00909;border-color:#8d0808;border-radius:0px;-moz-border-radius:0px;-webkit-border-radius:0px\" target=\"_blank\" rel=\"noopener noreferrer\"><span style=\"color:#FFFFFF;padding:7px 20px;font-size:16px;line-height:24px;border-color:#c85353;border-radius:0px;-moz-border-radius:0px;-webkit-border-radius:0px;text-shadow:none;-moz-text-shadow:none;-webkit-text-shadow:none\"><i class=\"sui sui-book\" style=\"font-size:16px;color:#FFFFFF\"><\/i> Leggi in e-book<\/span><\/a><\/div>\n<div class=\"su-button-center\"><a href=\"https:\/\/www.amazon.it\/dp\/1801161828?_encoding=UTF8&amp;qid=&amp;sr=&amp;linkCode=ll1&amp;tag=kdp2it-21&amp;linkId=325d687b5ee62d5365bbe7c9c773334d&amp;language=it_IT&amp;ref_=as_li_ss_tl\" class=\"su-button su-button-style-flat su-button-wide\" style=\"color:#FFFFFF;background-color:#b00909;border-color:#8d0808;border-radius:0px;-moz-border-radius:0px;-webkit-border-radius:0px\" target=\"_blank\" rel=\"noopener noreferrer\"><span style=\"color:#FFFFFF;padding:7px 20px;font-size:16px;line-height:24px;border-color:#c85353;border-radius:0px;-moz-border-radius:0px;-webkit-border-radius:0px;text-shadow:none;-moz-text-shadow:none;-webkit-text-shadow:none\"><i class=\"sui sui-book\" style=\"font-size:16px;color:#FFFFFF\"><\/i> Copertina Felssibile<\/span><\/a><\/div>\n<p>&nbsp;<\/p>\n<p>&nbsp;<\/p>\n<p>&nbsp;<\/p>\n<div>\n<div class=\"font_preload\" style=\"opacity: 0;\"><\/div>\n<\/div>\n","protected":false},"excerpt":{"rendered":"[amazon box=\"<span class=\"a-list-item\">B09GKMBCC1<\/span>\" template=\"horizontal\"]\n<p>Raccogliere e rattoppare ci\u00f2 che si \u00e8 frantumato non \u00e8 facile, \u00e8 molto pi\u00f9 semplice lasciare tutto a terra e ricominciare da capo. Kassandra l\u2019ha imparato sulla sua pelle e ha costruito una corazza fatta di cenere e spine per proteggersi dalla vita. Andare a ballare ogni sera e tornare a casa ogni notte con uno sconosciuto diverso sembra il metodo pi\u00f9 efficace per non pensare al passato. Ma a volte il passato ritorna, prepotente, e ti costringe ad affrontarlo anche se non vuoi, anche se non puoi. Ti spinge contro il muro e ti lascia addosso un solo quesito: vale la pena di credere ancora nell\u2019amore, nonostante tutto?<\/p>\n<p>*<b>Volume CONCLUSIVO della dilogia Biscotti al cacao*<\/b><\/p>\n<div>\n<div class=\"font_preload\" style=\"opacity: 0;\"><\/div>\n<\/div>\n","protected":false},"featured_media":2505560,"comment_status":"closed","ping_status":"closed","template":"","meta":[],"_links":{"self":[{"href":"https:\/\/cherry-publishing.com\/it\/wp-json\/wp\/v2\/product\/2505559"}],"collection":[{"href":"https:\/\/cherry-publishing.com\/it\/wp-json\/wp\/v2\/product"}],"about":[{"href":"https:\/\/cherry-publishing.com\/it\/wp-json\/wp\/v2\/types\/product"}],"replies":[{"embeddable":true,"href":"https:\/\/cherry-publishing.com\/it\/wp-json\/wp\/v2\/comments?post=2505559"}],"wp:featuredmedia":[{"embeddable":true,"href":"https:\/\/cherry-publishing.com\/it\/wp-json\/wp\/v2\/media\/2505560"}],"wp:attachment":[{"href":"https:\/\/cherry-publishing.com\/it\/wp-json\/wp\/v2\/media?parent=2505559"}],"curies":[{"name":"wp","href":"https:\/\/api.w.org\/{rel}","templated":true}]}}