{"id":2505695,"date":"2021-09-24T19:59:17","date_gmt":"2021-09-24T18:59:17","guid":{"rendered":"https:\/\/cherry-publishing.com\/?post_type=product&#038;p=2505695"},"modified":"2021-09-24T20:01:45","modified_gmt":"2021-09-24T19:01:45","slug":"un-mese-per-viversi","status":"publish","type":"product","link":"https:\/\/cherry-publishing.com\/it\/romanzo\/romanzi\/new-adult\/un-mese-per-viversi\/","title":{"rendered":"Un mese per viversi"},"content":{"rendered":"<div class=\"su-button-center\"><a href=\"https:\/\/www.amazon.it\/dp\/B09H39JS8K?&amp;linkCode=ll1&amp;tag=kdp2it-21&amp;linkId=12ab787a238748b67027c4c0ec38dc30&amp;language=it_IT&amp;ref_=as_li_ss_tl\" class=\"su-button su-button-style-flat su-button-wide\" style=\"color:#FFFFFF;background-color:#b00909;border-color:#8d0808;border-radius:0px;-moz-border-radius:0px;-webkit-border-radius:0px\" target=\"_blank\" rel=\"noopener noreferrer\"><span style=\"color:#FFFFFF;padding:7px 20px;font-size:16px;line-height:24px;border-color:#c85353;border-radius:0px;-moz-border-radius:0px;-webkit-border-radius:0px;text-shadow:none;-moz-text-shadow:none;-webkit-text-shadow:none\"><i class=\"sui sui-book\" style=\"font-size:16px;color:#FFFFFF\"><\/i> Leggi in e-book<\/span><\/a><\/div>\n<div class=\"su-button-center\"><a href=\"https:\/\/www.amazon.it\/dp\/1801161984?&amp;linkCode=ll1&amp;tag=kdp2it-21&amp;linkId=344bb57922fcd638a3302497dc6838e8&amp;language=it_IT&amp;ref_=as_li_ss_tl\" class=\"su-button su-button-style-flat su-button-wide\" style=\"color:#FFFFFF;background-color:#b00909;border-color:#8d0808;border-radius:0px;-moz-border-radius:0px;-webkit-border-radius:0px\" target=\"_blank\" rel=\"noopener noreferrer\"><span style=\"color:#FFFFFF;padding:7px 20px;font-size:16px;line-height:24px;border-color:#c85353;border-radius:0px;-moz-border-radius:0px;-webkit-border-radius:0px;text-shadow:none;-moz-text-shadow:none;-webkit-text-shadow:none\"><i class=\"sui sui-book\" style=\"font-size:16px;color:#FFFFFF\"><\/i> Copertina Felssibile<\/span><\/a><\/div>\n<div class=\"su-youtube su-u-responsive-media-yes\"><iframe width=\"500\" height=\"400\" src=\"https:\/\/www.youtube.com\/embed\/6vEF3G3AYjM?\" frameborder=\"0\" allowfullscreen allow=\"autoplay; encrypted-media; picture-in-picture\" title=\"\"><\/iframe><\/div>\n<p>&nbsp;<\/p>\n<p>&nbsp;<\/p>\n<div>\n<div class=\"font_preload\" style=\"opacity: 0;\"><\/div>\n<\/div>\n","protected":false},"excerpt":{"rendered":"<p><i>Quando si parla di sentimenti, io riesco solo a raccontare di quest\u2019amore malandato e forte che non vuole abbandonarmi mai, ma che, al contempo, si ostina a sfuggirmi dalle mani.<\/i><\/p>\n<p>April e Jaxon si sono lasciati su quel pontile con una promessa che, allora, credevano nulla potesse rompere. Eppure, il destino gli gioca di nuovo un duro colpo e una grande opportunit\u00e0 costringe Jaxon ad allontanarsi da casa, proprio quando April si \u00e8 finalmente trasferita a Jacksonville. Cos\u00ec, quell\u2019amore che aveva gi\u00e0 subito troppi scossoni, viene rimesso alla prova. Questa volta, per\u00f2, le decisioni personali saranno decisive per il loro rapporto.<\/p>\n<p>Jaxon \u00e8 sicuro del suo futuro e dei suoi sentimenti, ma non pu\u00f2 sopportare di vivere ancora quell\u2019uragano di emozioni che li ha fatti soffrire a pi\u00f9 riprese; April, d\u2019altro canto, \u00e8 maturata da quella notte sul pontile, tuttavia, l\u2019incertezza del futuro e di quello che vuole da se stessa la portano alla deriva. Come se ci\u00f2 non bastasse, una grossa tempesta si imbatte sull\u2019intero gruppo di amici e minaccia di separarli. Sar\u00e0 quando si ritrover\u00e0 sola e prender\u00e0 in considerazione l\u2019idea di vagliare altre possibilit\u00e0, che April far\u00e0 i conti con i suoi sentimenti una volta per tutte.<br \/>\nTra nuovi amori, cuori spezzati e decisioni difficili, continuano le avventure di un gruppo di ragazzi uniti nell\u2019amicizia e nell\u2019amore, per un mese o per la vita.<\/p>\n","protected":false},"featured_media":2505647,"comment_status":"closed","ping_status":"closed","template":"","meta":[],"_links":{"self":[{"href":"https:\/\/cherry-publishing.com\/it\/wp-json\/wp\/v2\/product\/2505695"}],"collection":[{"href":"https:\/\/cherry-publishing.com\/it\/wp-json\/wp\/v2\/product"}],"about":[{"href":"https:\/\/cherry-publishing.com\/it\/wp-json\/wp\/v2\/types\/product"}],"replies":[{"embeddable":true,"href":"https:\/\/cherry-publishing.com\/it\/wp-json\/wp\/v2\/comments?post=2505695"}],"wp:featuredmedia":[{"embeddable":true,"href":"https:\/\/cherry-publishing.com\/it\/wp-json\/wp\/v2\/media\/2505647"}],"wp:attachment":[{"href":"https:\/\/cherry-publishing.com\/it\/wp-json\/wp\/v2\/media?parent=2505695"}],"curies":[{"name":"wp","href":"https:\/\/api.w.org\/{rel}","templated":true}]}}