{"id":2505815,"date":"2021-10-07T15:01:03","date_gmt":"2021-10-07T14:01:03","guid":{"rendered":"https:\/\/cherry-publishing.com\/?post_type=product&#038;p=2505815"},"modified":"2021-10-08T12:59:09","modified_gmt":"2021-10-08T11:59:09","slug":"inafferabile","status":"publish","type":"product","link":"https:\/\/cherry-publishing.com\/it\/romanzo\/inafferabile\/","title":{"rendered":"Inafferabile"},"content":{"rendered":"<div class=\"su-button-center\"><a href=\"https:\/\/amzn.to\/3oJFEOE\" class=\"su-button su-button-style-flat su-button-wide\" style=\"color:#FFFFFF;background-color:#b00909;border-color:#8d0808;border-radius:0px;-moz-border-radius:0px;-webkit-border-radius:0px\" target=\"_blank\" rel=\"noopener noreferrer\"><span style=\"color:#FFFFFF;padding:7px 20px;font-size:16px;line-height:24px;border-color:#c85353;border-radius:0px;-moz-border-radius:0px;-webkit-border-radius:0px;text-shadow:none;-moz-text-shadow:none;-webkit-text-shadow:none\"><i class=\"sui sui-book\" style=\"font-size:16px;color:#FFFFFF\"><\/i> Leggi in e-book<\/span><\/a><\/div>\n<div class=\"su-button-center\"><a href=\"https:\/\/amzn.to\/3oJFEOE\" class=\"su-button su-button-style-flat su-button-wide\" style=\"color:#FFFFFF;background-color:#b00909;border-color:#8d0808;border-radius:0px;-moz-border-radius:0px;-webkit-border-radius:0px\" target=\"_blank\" rel=\"noopener noreferrer\"><span style=\"color:#FFFFFF;padding:7px 20px;font-size:16px;line-height:24px;border-color:#c85353;border-radius:0px;-moz-border-radius:0px;-webkit-border-radius:0px;text-shadow:none;-moz-text-shadow:none;-webkit-text-shadow:none\"><i class=\"sui sui-book\" style=\"font-size:16px;color:#FFFFFF\"><\/i> Copertina Felssibile<\/span><\/a><\/div>\n<div class=\"su-youtube su-u-responsive-media-yes\"><iframe width=\"500\" height=\"400\" src=\"https:\/\/www.youtube.com\/embed\/szBvOcO3xl8?\" frameborder=\"0\" allowfullscreen allow=\"autoplay; encrypted-media; picture-in-picture\" title=\"\"><\/iframe><\/div>\n<p>&nbsp;<\/p>\n<p>&nbsp;<\/p>\n","protected":false},"excerpt":{"rendered":"<p><span class=\"\">Con l\u2019animo in pezzi e nessun posto dove andare, Elise Blossom fa ritorno alla sua citt\u00e0 natale, Glenswood, che anni addietro aveva lasciato con grande sollievo. Si trascina all\u2019Old Sound per chiedere aiuto all\u2019unica persona a cui abbia mai voluto bene: Roxanne Lowell. Quando inizia a lavorare per lei nonostante gli anni di silenzio tra le due, Elise crede di poter davvero ricominciare lontana dalle persone che l\u2019hanno ferita. \u2060\u2060<\/span><\/p>\n<p><span class=\"\"><br \/>\nInvece, non aveva fatto i conti con i fantasmi del passato e Daniel Cunningham, di cui Elise dubita della sua onest\u00e0 ma che le fa battere il cuore di ghiaccio come nessun altro. Alle prese con una citt\u00e0 che sta cambiando, vecchie conoscenze e nuove amicizie, Elise dovr\u00e0 capire se potr\u00e0 fidarsi una volta per tutte o continuare a essere inafferrabile per paura di soffrire ancora. \u2060\u2060<br \/>\n\u2060\u2060<\/span><\/p>\n","protected":false},"featured_media":2505816,"comment_status":"closed","ping_status":"closed","template":"","meta":[],"_links":{"self":[{"href":"https:\/\/cherry-publishing.com\/it\/wp-json\/wp\/v2\/product\/2505815"}],"collection":[{"href":"https:\/\/cherry-publishing.com\/it\/wp-json\/wp\/v2\/product"}],"about":[{"href":"https:\/\/cherry-publishing.com\/it\/wp-json\/wp\/v2\/types\/product"}],"replies":[{"embeddable":true,"href":"https:\/\/cherry-publishing.com\/it\/wp-json\/wp\/v2\/comments?post=2505815"}],"wp:featuredmedia":[{"embeddable":true,"href":"https:\/\/cherry-publishing.com\/it\/wp-json\/wp\/v2\/media\/2505816"}],"wp:attachment":[{"href":"https:\/\/cherry-publishing.com\/it\/wp-json\/wp\/v2\/media?parent=2505815"}],"curies":[{"name":"wp","href":"https:\/\/api.w.org\/{rel}","templated":true}]}}