{"id":2505928,"date":"2021-10-12T10:10:06","date_gmt":"2021-10-12T09:10:06","guid":{"rendered":"https:\/\/cherry-publishing.com\/?post_type=product&#038;p=2505928"},"modified":"2022-04-08T13:56:43","modified_gmt":"2022-04-08T12:56:43","slug":"giada-barone","status":"publish","type":"product","link":"https:\/\/cherry-publishing.com\/it\/autori\/giada-barone\/","title":{"rendered":"Giada Barone"},"content":{"rendered":"<h2 style=\"text-align: center;\">I suoi romanzi<\/h2>\n<p style=\"text-align: center;\"><div class=\"woocommerce columns-4 \"><ul class=\"products columns-4\">\n<li class=\"sales-flash-overlay woocommerce-text-align-center woocommerce-image-align-center do-quantity-buttons product type-product post-2506437 status-publish first instock product_cat-romanzo product_cat-romanzo-distopico has-post-thumbnail shipping-taxable product-type-simple\">\n\t<\/li>\n<li class=\"sales-flash-overlay woocommerce-text-align-center woocommerce-image-align-center do-quantity-buttons product type-product post-2505930 status-publish instock product_cat-romanzo product_cat-romanzo-distopico has-post-thumbnail shipping-taxable product-type-simple\">\n\t<\/li>\n<\/ul>\n<\/div>\n<div>\n<div class=\"font_preload\" style=\"opacity: 0;\"><\/div>\n<\/div>\n","protected":false},"excerpt":{"rendered":"<p>Sogno di essere un\u2019anima errante, senza tempo, poi mi svegliano e scopro che sono qui dal 1994.<\/p>\n<p>Con un passato in ambito psicologico, e un presente speso tra mondi di carta e il mondo della sartoria, sto letteralmente vivendo il sogno di una vita. Amo fin troppo i gatti (spero ricambiata), mi rilasso solo nelle giornate uggiose d\u2019autunno e trascorro gran parte del tempo con la mente in altri mondi.<\/p>\n<p>Scrivo distopici perch\u00e9 mi piace pensare all\u2019inverosimile, ma sono incuriosita da diversi generi, chiss\u00e0 che non vi stupisca un giorno con qualcosa di nuovo. Ho iniziato a scrivere avendo un solo sogno, forse prevedibile, ma sincero: trasmettere qualcosa, far emozionare, strappare una risata, o far versare una lacrima. Tutto ci\u00f2 che ho sempre voluto era rendere il mondo pi\u00f9 autentico, pi\u00f9 vivo, e grazie a voi miei cari lettori, penso di esserci riuscita.<\/p>\n","protected":false},"featured_media":2508102,"comment_status":"closed","ping_status":"closed","template":"","meta":[],"_links":{"self":[{"href":"https:\/\/cherry-publishing.com\/it\/wp-json\/wp\/v2\/product\/2505928"}],"collection":[{"href":"https:\/\/cherry-publishing.com\/it\/wp-json\/wp\/v2\/product"}],"about":[{"href":"https:\/\/cherry-publishing.com\/it\/wp-json\/wp\/v2\/types\/product"}],"replies":[{"embeddable":true,"href":"https:\/\/cherry-publishing.com\/it\/wp-json\/wp\/v2\/comments?post=2505928"}],"wp:featuredmedia":[{"embeddable":true,"href":"https:\/\/cherry-publishing.com\/it\/wp-json\/wp\/v2\/media\/2508102"}],"wp:attachment":[{"href":"https:\/\/cherry-publishing.com\/it\/wp-json\/wp\/v2\/media?parent=2505928"}],"curies":[{"name":"wp","href":"https:\/\/api.w.org\/{rel}","templated":true}]}}