{"id":2505930,"date":"2021-10-12T10:20:35","date_gmt":"2021-10-12T09:20:35","guid":{"rendered":"https:\/\/cherry-publishing.com\/?post_type=product&#038;p=2505930"},"modified":"2021-10-22T14:53:34","modified_gmt":"2021-10-22T13:53:34","slug":"crisalide-cronache-del-tempo-della-fenice","status":"publish","type":"product","link":"https:\/\/cherry-publishing.com\/it\/romanzo\/romanzi\/romanzo-distopico\/crisalide-cronache-del-tempo-della-fenice\/","title":{"rendered":"Crisalide : Cronache del Tempo della Fenice"},"content":{"rendered":"<div class=\"su-button-center\"><a href=\"https:\/\/amzn.to\/3AJpcAm\" class=\"su-button su-button-style-flat su-button-wide\" style=\"color:#FFFFFF;background-color:#b00909;border-color:#8d0808;border-radius:0px;-moz-border-radius:0px;-webkit-border-radius:0px\" target=\"_blank\" rel=\"noopener noreferrer\"><span style=\"color:#FFFFFF;padding:7px 20px;font-size:16px;line-height:24px;border-color:#c85353;border-radius:0px;-moz-border-radius:0px;-webkit-border-radius:0px;text-shadow:none;-moz-text-shadow:none;-webkit-text-shadow:none\"><i class=\"sui sui-book\" style=\"font-size:16px;color:#FFFFFF\"><\/i> Leggi in e-book<\/span><\/a><\/div>\n<div class=\"su-button-center\"><a href=\"https:\/\/amzn.to\/3AJpcAm\" class=\"su-button su-button-style-flat su-button-wide\" style=\"color:#FFFFFF;background-color:#b00909;border-color:#8d0808;border-radius:0px;-moz-border-radius:0px;-webkit-border-radius:0px\" target=\"_blank\" rel=\"noopener noreferrer\"><span style=\"color:#FFFFFF;padding:7px 20px;font-size:16px;line-height:24px;border-color:#c85353;border-radius:0px;-moz-border-radius:0px;-webkit-border-radius:0px;text-shadow:none;-moz-text-shadow:none;-webkit-text-shadow:none\"><i class=\"sui sui-book\" style=\"font-size:16px;color:#FFFFFF\"><\/i> Copertina Felssibile<\/span><\/a><\/div>\n<div class=\"su-youtube su-u-responsive-media-yes\"><iframe width=\"500\" height=\"400\" src=\"https:\/\/www.youtube.com\/embed\/pHxiD1rpvak?\" frameborder=\"0\" allowfullscreen allow=\"autoplay; encrypted-media; picture-in-picture\" title=\"\"><\/iframe><\/div>\n<p>&nbsp;<\/p>\n<p>&nbsp;<\/p>\n","protected":false},"excerpt":{"rendered":"<p><i>\u00abFauve, ascoltami bene, non posso lasciarti andare completamente impreparata, nonostante non sia permesso. L\u00ec dentro \u00e8 tutto diverso: la realt\u00e0 che conosci perder\u00e0 di significato giorno dopo giorno. Dimenticherai le regole sociali, dimenticherai cosa \u00e8 la sicurezza e\u2026 dimenticherai noi. Il Programma \u00e8 attentamente pianificato per cambiare la natura delle persone, per metterle in difficolt\u00e0. Nessuno, e dico nessuno, ne esce vincitore.\u00bb<\/i><\/p>\n<p>Fauve ha 17 anni e come tutti i diciassettenni del Tempo della Fenice sta per entrare nel Programma. I tre anni trascorsi al suo interno determineranno il resto della sua vita, la sua classe sociale, il mestiere che far\u00e0. Il Programma \u00e8 nato per riportare l\u2019ordine dopo secoli di guerre, per riportare la meritocrazia in un mondo in cui regnava solo corruzione. Eppure c\u2019\u00e8 qualcosa di strano nel Programma, qualcosa di sinistro che stride sempre pi\u00f9, a mano a mano che si accumulano i giorni trascorsi al suo interno. Fauve lo scoprir\u00e0 sulla sua pelle, specialmente quando incontrer\u00e0 Rhys e il suo gruppo di ribelli. Come pu\u00f2 qualcosa nato per riportare l\u2019ordine essere completamente privo di leggi?<\/p>\n","protected":false},"featured_media":2505931,"comment_status":"closed","ping_status":"closed","template":"","meta":[],"_links":{"self":[{"href":"https:\/\/cherry-publishing.com\/it\/wp-json\/wp\/v2\/product\/2505930"}],"collection":[{"href":"https:\/\/cherry-publishing.com\/it\/wp-json\/wp\/v2\/product"}],"about":[{"href":"https:\/\/cherry-publishing.com\/it\/wp-json\/wp\/v2\/types\/product"}],"replies":[{"embeddable":true,"href":"https:\/\/cherry-publishing.com\/it\/wp-json\/wp\/v2\/comments?post=2505930"}],"wp:featuredmedia":[{"embeddable":true,"href":"https:\/\/cherry-publishing.com\/it\/wp-json\/wp\/v2\/media\/2505931"}],"wp:attachment":[{"href":"https:\/\/cherry-publishing.com\/it\/wp-json\/wp\/v2\/media?parent=2505930"}],"curies":[{"name":"wp","href":"https:\/\/api.w.org\/{rel}","templated":true}]}}