{"id":2506098,"date":"2021-10-26T20:59:14","date_gmt":"2021-10-26T19:59:14","guid":{"rendered":"https:\/\/cherry-publishing.com\/?post_type=product&#038;p=2506098"},"modified":"2021-11-04T15:26:49","modified_gmt":"2021-11-04T14:26:49","slug":"il-club-del-peccato","status":"publish","type":"product","link":"https:\/\/cherry-publishing.com\/it\/romanzo\/il-club-del-peccato\/","title":{"rendered":"Il club del peccato"},"content":{"rendered":"<div class=\"su-button-center\"><a href=\"https:\/\/www.amazon.it\/dp\/B09KNM11PD?&amp;linkCode=ll1&amp;tag=kdp2it-21&amp;linkId=3c3bbb87db13fa37b884a4fe2daed147&amp;language=it_IT&amp;ref_=as_li_ss_tl\" class=\"su-button su-button-style-flat su-button-wide\" style=\"color:#FFFFFF;background-color:#b00909;border-color:#8d0808;border-radius:0px;-moz-border-radius:0px;-webkit-border-radius:0px\" target=\"_self\"><span style=\"color:#FFFFFF;padding:7px 20px;font-size:16px;line-height:24px;border-color:#c85353;border-radius:0px;-moz-border-radius:0px;-webkit-border-radius:0px;text-shadow:none;-moz-text-shadow:none;-webkit-text-shadow:none\"><i class=\"sui sui-book\" style=\"font-size:16px;color:#FFFFFF\"><\/i> Leggi in e-book<\/span><\/a><\/div>\n<div class=\"su-button-center\"><a href=\"https:\/\/www.amazon.it\/dp\/1801161917?&amp;linkCode=ll1&amp;tag=kdp2it-21&amp;linkId=54d97c4acf135cbbeaf85313b9cb10b5&amp;language=it_IT&amp;ref_=as_li_ss_tl\" class=\"su-button su-button-style-flat su-button-wide\" style=\"color:#FFFFFF;background-color:#b00909;border-color:#8d0808;border-radius:0px;-moz-border-radius:0px;-webkit-border-radius:0px\" target=\"_blank\" rel=\"noopener noreferrer\"><span style=\"color:#FFFFFF;padding:7px 20px;font-size:16px;line-height:24px;border-color:#c85353;border-radius:0px;-moz-border-radius:0px;-webkit-border-radius:0px;text-shadow:none;-moz-text-shadow:none;-webkit-text-shadow:none\"><i class=\"sui sui-book\" style=\"font-size:16px;color:#FFFFFF\"><\/i> Copertina Felssibile<\/span><\/a><\/div>\n<div class=\"su-youtube su-u-responsive-media-yes\"><iframe width=\"500\" height=\"400\" src=\"https:\/\/www.youtube.com\/embed\/iVmLn8Px7r0?\" frameborder=\"0\" allowfullscreen allow=\"autoplay; encrypted-media; picture-in-picture\" title=\"\"><\/iframe><\/div>\n<p>&nbsp;<\/p>\n<p>&nbsp;<\/p>\n<p>&nbsp;<\/p>\n<div>\n<div class=\"font_preload\" style=\"opacity: 0;\"><\/div>\n<\/div>\n","protected":false},"excerpt":{"rendered":"[amazon box=\"<span class=\"a-list-item\">B09KNM11PD<\/span>\" template=\"horizontal\"]\n<p>Sono Marlene. O almeno lo sono quando mi spoglio davanti a uno schermo, con indosso solo una mascherina in tinta coi miei occhi grigi. Non lo faccio per soldi. Non ho dei genitori bisognosi di cure n\u00e9 vivo in una catapecchia con il soffitto invaso dalla muffa. Non devo neanche pagarmi gli studi, la mia famiglia li ha pagati per me fin dal mio primo vagito. Lo faccio perch\u00e9 odio la mentalit\u00e0 perbenista che mi circonda. Lo faccio perch\u00e9 mi piace.<\/p>\n<p>Tutto filava liscio fino a quando mia madre ha deciso di entrare in politica. Ricordo bene la prima volta che l\u2019ho incontrato, le piccole pieghe attorno agli occhi donavano intensit\u00e0 al suo sguardo scuro, il maglione azzurro che indossava non riusciva a nascondere il suo fisico allenato. Ricordo bene ogni dettaglio, perch\u00e9 da quel giorno \u00e8 cambiato tutto.<\/p>\n<div>\n<div class=\"font_preload\" style=\"opacity: 0;\"><\/div>\n<\/div>\n","protected":false},"featured_media":2506099,"comment_status":"closed","ping_status":"closed","template":"","meta":[],"_links":{"self":[{"href":"https:\/\/cherry-publishing.com\/it\/wp-json\/wp\/v2\/product\/2506098"}],"collection":[{"href":"https:\/\/cherry-publishing.com\/it\/wp-json\/wp\/v2\/product"}],"about":[{"href":"https:\/\/cherry-publishing.com\/it\/wp-json\/wp\/v2\/types\/product"}],"replies":[{"embeddable":true,"href":"https:\/\/cherry-publishing.com\/it\/wp-json\/wp\/v2\/comments?post=2506098"}],"wp:featuredmedia":[{"embeddable":true,"href":"https:\/\/cherry-publishing.com\/it\/wp-json\/wp\/v2\/media\/2506099"}],"wp:attachment":[{"href":"https:\/\/cherry-publishing.com\/it\/wp-json\/wp\/v2\/media?parent=2506098"}],"curies":[{"name":"wp","href":"https:\/\/api.w.org\/{rel}","templated":true}]}}