{"id":2506278,"date":"2021-11-04T15:30:22","date_gmt":"2021-11-04T14:30:22","guid":{"rendered":"https:\/\/cherry-publishing.com\/?post_type=product&#038;p=2506278"},"modified":"2021-11-05T11:16:37","modified_gmt":"2021-11-05T10:16:37","slug":"yuyin","status":"publish","type":"product","link":"https:\/\/cherry-publishing.com\/it\/romanzo\/romanzi\/romanzo-distopico\/yuyin\/","title":{"rendered":"Yuyin"},"content":{"rendered":"<div class=\"su-button-center\"><a href=\"https:\/\/amzn.to\/3kbqUov\" class=\"su-button su-button-style-flat su-button-wide\" style=\"color:#FFFFFF;background-color:#b00909;border-color:#8d0808;border-radius:0px;-moz-border-radius:0px;-webkit-border-radius:0px\" target=\"_self\"><span style=\"color:#FFFFFF;padding:7px 20px;font-size:16px;line-height:24px;border-color:#c85353;border-radius:0px;-moz-border-radius:0px;-webkit-border-radius:0px;text-shadow:none;-moz-text-shadow:none;-webkit-text-shadow:none\"><i class=\"sui sui-book\" style=\"font-size:16px;color:#FFFFFF\"><\/i> Leggi in e-book<\/span><\/a><\/div>\n<div class=\"su-button-center\"><a href=\"https:\/\/amzn.to\/2ZQi9sK\" class=\"su-button su-button-style-flat su-button-wide\" style=\"color:#FFFFFF;background-color:#b00909;border-color:#8d0808;border-radius:0px;-moz-border-radius:0px;-webkit-border-radius:0px\" target=\"_blank\" rel=\"noopener noreferrer\"><span style=\"color:#FFFFFF;padding:7px 20px;font-size:16px;line-height:24px;border-color:#c85353;border-radius:0px;-moz-border-radius:0px;-webkit-border-radius:0px;text-shadow:none;-moz-text-shadow:none;-webkit-text-shadow:none\"><i class=\"sui sui-book\" style=\"font-size:16px;color:#FFFFFF\"><\/i> Copertina Felssibile<\/span><\/a><\/div>\n<div class=\"su-youtube su-u-responsive-media-yes\"><iframe width=\"500\" height=\"400\" src=\"https:\/\/www.youtube.com\/embed\/mWaJ2kMT7DQ?\" frameborder=\"0\" allowfullscreen allow=\"autoplay; encrypted-media; picture-in-picture\" title=\"\"><\/iframe><\/div>\n<div>\n<div class=\"font_preload\" style=\"opacity: 0;\"><\/div>\n<\/div>\n","protected":false},"excerpt":{"rendered":"[amazon box=\"<span class=\"a-list-item\">B09L3FPRKP<\/span>\" template=\"horizontal\"]\n<p><span dir=\"ltr\" role=\"presentation\">Gli occhi sono davvero lo specchio dell\u2019anima?<\/span><br role=\"presentation\" \/><span dir=\"ltr\" role=\"presentation\">Nel mondo di Isabel Hunt non \u00e8 solo un modo di dire, ma una <\/span><span dir=\"ltr\" role=\"presentation\">possibilit\u00e0, perch\u00e9 \u00e8 proprio sull&#8217;iride che la Caleidon<\/span><span dir=\"ltr\" role=\"presentation\">\u00a0<\/span><span dir=\"ltr\" role=\"presentation\">Society, <\/span><span dir=\"ltr\" role=\"presentation\">azienda di fama mondiale, si \u00e8 concentrata per mettere a punto <\/span><span dir=\"ltr\" role=\"presentation\">un avveniristico sistema di riconoscimento<\/span><span dir=\"ltr\" role=\"presentation\">\u00a0<\/span><span dir=\"ltr\" role=\"presentation\">d&#8217;identit\u00e0,\u00a0 <\/span><span dir=\"ltr\" role=\"presentation\">nonch\u00e9<\/span><span dir=\"ltr\" role=\"presentation\">\u00a0<\/span><span dir=\"ltr\" role=\"presentation\">un&#8217;elaborata teoria che permetterebbe di trovare la <\/span><span dir=\"ltr\" role=\"presentation\">propria anima gemella. <\/span><\/p>\n<p><span dir=\"ltr\" role=\"presentation\">Hunt lavora come investigatrice privata nella caotica citt\u00e0 di Hong <\/span><span dir=\"ltr\" role=\"presentation\">Kong. Forte e determinata, \u00e8 una delle migliori nel suo campo. La <\/span><span dir=\"ltr\" role=\"presentation\">sua ferrea disciplina viene per\u00f2 messa a dura prova quando il <\/span><span dir=\"ltr\" role=\"presentation\">suo capo le assegna il caso di James Carter, un Gemini, che <\/span><span dir=\"ltr\" role=\"presentation\">chiede di indagare sul presunto tradimento della moglie. <\/span><span dir=\"ltr\" role=\"presentation\">L\u2019indagine parte subito con il piede sbagliato a causa di alcuni <\/span><span dir=\"ltr\" role=\"presentation\">trascorsi tra Hunt e Carter, ma altri ostacoli li attendono lungo il <\/span><span dir=\"ltr\" role=\"presentation\">percorso: inconsapevolmente i due si sono infatti immischiati in <\/span><span dir=\"ltr\" role=\"presentation\">un caso molto pi\u00f9 pericoloso di quello che sembra.<\/span><\/p>\n<div>\n<div class=\"font_preload\" style=\"opacity: 0;\"><\/div>\n<\/div>\n","protected":false},"featured_media":2506279,"comment_status":"closed","ping_status":"closed","template":"","meta":[],"_links":{"self":[{"href":"https:\/\/cherry-publishing.com\/it\/wp-json\/wp\/v2\/product\/2506278"}],"collection":[{"href":"https:\/\/cherry-publishing.com\/it\/wp-json\/wp\/v2\/product"}],"about":[{"href":"https:\/\/cherry-publishing.com\/it\/wp-json\/wp\/v2\/types\/product"}],"replies":[{"embeddable":true,"href":"https:\/\/cherry-publishing.com\/it\/wp-json\/wp\/v2\/comments?post=2506278"}],"wp:featuredmedia":[{"embeddable":true,"href":"https:\/\/cherry-publishing.com\/it\/wp-json\/wp\/v2\/media\/2506279"}],"wp:attachment":[{"href":"https:\/\/cherry-publishing.com\/it\/wp-json\/wp\/v2\/media?parent=2506278"}],"curies":[{"name":"wp","href":"https:\/\/api.w.org\/{rel}","templated":true}]}}