{"id":2506673,"date":"2021-12-02T17:00:06","date_gmt":"2021-12-02T16:00:06","guid":{"rendered":"https:\/\/cherry-publishing.com\/?post_type=product&#038;p=2506673"},"modified":"2021-12-06T12:34:21","modified_gmt":"2021-12-06T11:34:21","slug":"colpo-di-fulmine-allo-chalet","status":"publish","type":"product","link":"https:\/\/cherry-publishing.com\/it\/romanzo\/romanzi\/natale\/colpo-di-fulmine-allo-chalet\/","title":{"rendered":"Colpo di fulmine allo chalet"},"content":{"rendered":"<div class=\"su-button-center\"><a href=\"https:\/\/www.amazon.it\/dp\/B09N2VWXM7?&amp;linkCode=ll1&amp;tag=kdp2it-21&amp;linkId=6d64c1b05c8204b0c63e9c18be9a924c&amp;language=it_IT&amp;ref_=as_li_ss_tl\" class=\"su-button su-button-style-flat su-button-wide\" style=\"color:#FFFFFF;background-color:#b00909;border-color:#8d0808;border-radius:0px;-moz-border-radius:0px;-webkit-border-radius:0px\" target=\"_blank\" rel=\"noopener noreferrer\"><span style=\"color:#FFFFFF;padding:7px 20px;font-size:16px;line-height:24px;border-color:#c85353;border-radius:0px;-moz-border-radius:0px;-webkit-border-radius:0px;text-shadow:none;-moz-text-shadow:none;-webkit-text-shadow:none\"><i class=\"sui sui-book\" style=\"font-size:16px;color:#FFFFFF\"><\/i> Leggi in e-book<\/span><\/a><\/div>\n<div class=\"su-button-center\"><a href=\"https:\/\/www.amazon.it\/dp\/1801162328?&amp;linkCode=ll1&amp;tag=kdp2it-21&amp;linkId=461c95e1766d4aee34c6cd2f681cf7d9&amp;language=it_IT&amp;ref_=as_li_ss_tl\" class=\"su-button su-button-style-flat su-button-wide\" style=\"color:#FFFFFF;background-color:#b00909;border-color:#8d0808;border-radius:0px;-moz-border-radius:0px;-webkit-border-radius:0px\" target=\"_blank\" rel=\"noopener noreferrer\"><span style=\"color:#FFFFFF;padding:7px 20px;font-size:16px;line-height:24px;border-color:#c85353;border-radius:0px;-moz-border-radius:0px;-webkit-border-radius:0px;text-shadow:none;-moz-text-shadow:none;-webkit-text-shadow:none\"><i class=\"sui sui-book\" style=\"font-size:16px;color:#FFFFFF\"><\/i> Copertina Felssibile<\/span><\/a><\/div>\n<div class=\"su-youtube su-u-responsive-media-yes\"><iframe width=\"500\" height=\"400\" src=\"https:\/\/www.youtube.com\/embed\/2cxGqxhFbjg?\" frameborder=\"0\" allowfullscreen allow=\"autoplay; encrypted-media; picture-in-picture\" title=\"\"><\/iframe><\/div>\n<p>&nbsp;<\/p>\n<p>&nbsp;<\/p>\n","protected":false},"excerpt":{"rendered":"<p><span class=\"\">Lei:\u2060<br \/>\nJustine. Detesta il Natale ma ancora di pi\u00f9 detesta la neve. Quindi, quando il suo capo la manda in un paesino in mezzo alle Alpi per incontrare un nativo inflessibile che ostacola il loro progetto immobiliare, \u00e8 a un passo dall\u2019odiare tutti gli uomini del mondo.\u2060<br \/>\nLui:\u2060<br \/>\nAdrien. Anche lui detesta il Natale, ma ci\u00f2 che detesta ancora di pi\u00f9 \u00e8 che si venga a turbare la sua solitudine. Se solo quella piccola parigina non fosse cos\u00ec bella&#8230;\u2060<\/span><\/p>\n","protected":false},"featured_media":2506674,"comment_status":"closed","ping_status":"closed","template":"","meta":[],"_links":{"self":[{"href":"https:\/\/cherry-publishing.com\/it\/wp-json\/wp\/v2\/product\/2506673"}],"collection":[{"href":"https:\/\/cherry-publishing.com\/it\/wp-json\/wp\/v2\/product"}],"about":[{"href":"https:\/\/cherry-publishing.com\/it\/wp-json\/wp\/v2\/types\/product"}],"replies":[{"embeddable":true,"href":"https:\/\/cherry-publishing.com\/it\/wp-json\/wp\/v2\/comments?post=2506673"}],"wp:featuredmedia":[{"embeddable":true,"href":"https:\/\/cherry-publishing.com\/it\/wp-json\/wp\/v2\/media\/2506674"}],"wp:attachment":[{"href":"https:\/\/cherry-publishing.com\/it\/wp-json\/wp\/v2\/media?parent=2506673"}],"curies":[{"name":"wp","href":"https:\/\/api.w.org\/{rel}","templated":true}]}}