{"id":2506829,"date":"2021-12-13T10:46:19","date_gmt":"2021-12-13T09:46:19","guid":{"rendered":"https:\/\/cherry-publishing.com\/?post_type=product&#038;p=2506829"},"modified":"2021-12-13T10:55:42","modified_gmt":"2021-12-13T09:55:42","slug":"dark-students","status":"publish","type":"product","link":"https:\/\/cherry-publishing.com\/it\/romanzo\/romanzi\/fantasy\/dark-students\/","title":{"rendered":"Dark Students"},"content":{"rendered":"<div class=\"su-button-center\"><a href=\"https:\/\/amzn.to\/3s8Lr1E\" class=\"su-button su-button-style-flat su-button-wide\" style=\"color:#FFFFFF;background-color:#b00909;border-color:#8d0808;border-radius:0px;-moz-border-radius:0px;-webkit-border-radius:0px\" target=\"_blank\" rel=\"noopener noreferrer\"><span style=\"color:#FFFFFF;padding:7px 20px;font-size:16px;line-height:24px;border-color:#c85353;border-radius:0px;-moz-border-radius:0px;-webkit-border-radius:0px;text-shadow:none;-moz-text-shadow:none;-webkit-text-shadow:none\"><i class=\"sui sui-book\" style=\"font-size:16px;color:#FFFFFF\"><\/i> Leggi in e-book<\/span><\/a><\/div>\n<div class=\"su-button-center\"><a href=\"https:\/\/cherry-publishing.com\" class=\"su-button su-button-style-flat su-button-wide\" style=\"color:#FFFFFF;background-color:#b00909;border-color:#8d0808;border-radius:0px;-moz-border-radius:0px;-webkit-border-radius:0px\" target=\"_blank\" rel=\"noopener noreferrer\"><span style=\"color:#FFFFFF;padding:7px 20px;font-size:16px;line-height:24px;border-color:#c85353;border-radius:0px;-moz-border-radius:0px;-webkit-border-radius:0px;text-shadow:none;-moz-text-shadow:none;-webkit-text-shadow:none\"><i class=\"sui sui-book\" style=\"font-size:16px;color:#FFFFFF\"><\/i> Copertina Felssibile<\/span><\/a><\/div>\n<div class=\"su-youtube su-u-responsive-media-yes\"><iframe width=\"500\" height=\"400\" src=\"https:\/\/www.youtube.com\/embed\/XKYoy9P_7AE?\" frameborder=\"0\" allowfullscreen allow=\"autoplay; encrypted-media; picture-in-picture\" title=\"\"><\/iframe><\/div>\n<p>&nbsp;<\/p>\n<p>&nbsp;<\/p>\n","protected":false},"excerpt":{"rendered":"<p>Cassandra \u00e8 appena stata eletta caposcuola della Sunrise School. Pignola e ambiziosa, non c\u2019\u00e8 niente che possa frenarla dall\u2019ottenere tutti i crediti per l\u2019ammissione in un college prestigioso. Niente, tranne lo scoprire che la Night School, la scuola serale che il preside ha aperto per gli studenti in difficolt\u00e0, non \u00e8 affatto popolata da studenti in difficolt\u00e0, bens\u00ec da creature provenienti da una dimensione parallela. E Rahab, principe Lalartu e caposcuola della Night, non ha la minima intenzione di farsi mettere i piedi in testa e lasciare a Cassandra lo scettro del potere. Nessuno dei due \u00e8 abituato a competere con un avversario alla propria altezza e l\u2019odio reciproco emerge, prepotente, fin dalla loro prima conversazione. Ma potranno odio e amore essere due facce della stessa medaglia?<\/p>\n","protected":false},"featured_media":2506830,"comment_status":"closed","ping_status":"closed","template":"","meta":[],"_links":{"self":[{"href":"https:\/\/cherry-publishing.com\/it\/wp-json\/wp\/v2\/product\/2506829"}],"collection":[{"href":"https:\/\/cherry-publishing.com\/it\/wp-json\/wp\/v2\/product"}],"about":[{"href":"https:\/\/cherry-publishing.com\/it\/wp-json\/wp\/v2\/types\/product"}],"replies":[{"embeddable":true,"href":"https:\/\/cherry-publishing.com\/it\/wp-json\/wp\/v2\/comments?post=2506829"}],"wp:featuredmedia":[{"embeddable":true,"href":"https:\/\/cherry-publishing.com\/it\/wp-json\/wp\/v2\/media\/2506830"}],"wp:attachment":[{"href":"https:\/\/cherry-publishing.com\/it\/wp-json\/wp\/v2\/media?parent=2506829"}],"curies":[{"name":"wp","href":"https:\/\/api.w.org\/{rel}","templated":true}]}}