{"id":2506856,"date":"2021-12-15T17:47:04","date_gmt":"2021-12-15T16:47:04","guid":{"rendered":"https:\/\/cherry-publishing.com\/?post_type=product&#038;p=2506856"},"modified":"2021-12-17T22:28:31","modified_gmt":"2021-12-17T21:28:31","slug":"quando-meno-te-lo-aspetti","status":"publish","type":"product","link":"https:\/\/cherry-publishing.com\/it\/romanzo\/romanzi\/fantasy\/quando-meno-te-lo-aspetti\/","title":{"rendered":"Quando meno te lo aspetti"},"content":{"rendered":"<div class=\"su-button-center\"><a href=\"https:\/\/amzn.to\/3yzwQhb\" class=\"su-button su-button-style-flat su-button-wide\" style=\"color:#FFFFFF;background-color:#b00909;border-color:#8d0808;border-radius:0px;-moz-border-radius:0px;-webkit-border-radius:0px\" target=\"_blank\" rel=\"noopener noreferrer\"><span style=\"color:#FFFFFF;padding:7px 20px;font-size:16px;line-height:24px;border-color:#c85353;border-radius:0px;-moz-border-radius:0px;-webkit-border-radius:0px;text-shadow:none;-moz-text-shadow:none;-webkit-text-shadow:none\"><i class=\"sui sui-book\" style=\"font-size:16px;color:#FFFFFF\"><\/i> Leggi in e-book<\/span><\/a><\/div>\n<div class=\"su-button-center\"><a href=\"https:\/\/cherry-publishing.com\" class=\"su-button su-button-style-flat su-button-wide\" style=\"color:#FFFFFF;background-color:#b00909;border-color:#8d0808;border-radius:0px;-moz-border-radius:0px;-webkit-border-radius:0px\" target=\"_self\"><span style=\"color:#FFFFFF;padding:7px 20px;font-size:16px;line-height:24px;border-color:#c85353;border-radius:0px;-moz-border-radius:0px;-webkit-border-radius:0px;text-shadow:none;-moz-text-shadow:none;-webkit-text-shadow:none\"><i class=\"sui sui-mouse-pointer\" style=\"font-size:16px;color:#FFFFFF\"><\/i> Copertina Felssibile<\/span><\/a><\/div>\n<div class=\"su-youtube su-u-responsive-media-yes\"><iframe width=\"500\" height=\"400\" src=\"https:\/\/www.youtube.com\/embed\/SOgsB9_iNSE?\" frameborder=\"0\" allowfullscreen allow=\"autoplay; encrypted-media; picture-in-picture\" title=\"\"><\/iframe><\/div>\n<p>&nbsp;<\/p>\n<p>&nbsp;<\/p>\n","protected":false},"excerpt":{"rendered":"<p><span class=\"\" title=\"Modifi\u00e9\">Se c&#8217;\u00e8 una frase che Cecilia Contini odia \u00e8: arriva quando meno te lo aspetti. \u2060<br \/>\nCosa arriva? se lo domanda in continuazione. \u2060<br \/>\nVentottenne alle prese con il suo primo lavoro in una multinazionale, Cecilia trascorre un&#8217;esistenza particolarmente piatta, in cui tutti i giorni cominciano a somigliarsi. Perennemente alla ricerca dell&#8217;amore a prima vista, finisce sempre per fantasticare sulle persone sbagliate, rimanendo inevitabilmente delusa. \u2060<br \/>\nSembra ormai che nessuna novit\u00e0 si prospetti pi\u00f9 all&#8217;orizzonte per lei, quando all&#8217;improvviso un&#8217;occasione la porter\u00e0 nella Londra cosmopolita, dove incontrer\u00e0 Lorenzo De Tommasi, trasferitosi nella capitale inglese dopo una storia finita male.\u2060<br \/>\nSar\u00e0 finalmente lui quello che le dimostrer\u00e0 che, a volte, le cose belle arrivano davvero quando meno te lo aspetti?\u2060<br \/>\n\u2060<\/span><\/p>\n","protected":false},"featured_media":2506857,"comment_status":"closed","ping_status":"closed","template":"","meta":[],"_links":{"self":[{"href":"https:\/\/cherry-publishing.com\/it\/wp-json\/wp\/v2\/product\/2506856"}],"collection":[{"href":"https:\/\/cherry-publishing.com\/it\/wp-json\/wp\/v2\/product"}],"about":[{"href":"https:\/\/cherry-publishing.com\/it\/wp-json\/wp\/v2\/types\/product"}],"replies":[{"embeddable":true,"href":"https:\/\/cherry-publishing.com\/it\/wp-json\/wp\/v2\/comments?post=2506856"}],"wp:featuredmedia":[{"embeddable":true,"href":"https:\/\/cherry-publishing.com\/it\/wp-json\/wp\/v2\/media\/2506857"}],"wp:attachment":[{"href":"https:\/\/cherry-publishing.com\/it\/wp-json\/wp\/v2\/media?parent=2506856"}],"curies":[{"name":"wp","href":"https:\/\/api.w.org\/{rel}","templated":true}]}}