{"id":2507098,"date":"2022-01-13T11:02:44","date_gmt":"2022-01-13T10:02:44","guid":{"rendered":"https:\/\/cherry-publishing.com\/?post_type=product&#038;p=2507098"},"modified":"2022-01-14T11:44:35","modified_gmt":"2022-01-14T10:44:35","slug":"broken-heart-buona-la-seconda","status":"publish","type":"product","link":"https:\/\/cherry-publishing.com\/it\/romanzo\/broken-heart-buona-la-seconda\/","title":{"rendered":"Broken Heart : Buona la seconda"},"content":{"rendered":"<div class=\"su-button-center\"><a href=\"https:\/\/amzn.to\/33bjJHS\" class=\"su-button su-button-style-flat su-button-wide\" style=\"color:#FFFFFF;background-color:#b00909;border-color:#8d0808;border-radius:0px;-moz-border-radius:0px;-webkit-border-radius:0px\" target=\"_blank\" rel=\"noopener noreferrer\"><span style=\"color:#FFFFFF;padding:7px 20px;font-size:16px;line-height:24px;border-color:#c85353;border-radius:0px;-moz-border-radius:0px;-webkit-border-radius:0px;text-shadow:none;-moz-text-shadow:none;-webkit-text-shadow:none\"><i class=\"sui sui-book\" style=\"font-size:16px;color:#FFFFFF\"><\/i> Leggi in e-book<\/span><\/a><\/div>\n<div class=\"su-button-center\"><a href=\"https:\/\/amzn.to\/33bjJHS\" class=\"su-button su-button-style-flat su-button-wide\" style=\"color:#FFFFFF;background-color:#b00909;border-color:#8d0808;border-radius:0px;-moz-border-radius:0px;-webkit-border-radius:0px\" target=\"_self\"><span style=\"color:#FFFFFF;padding:7px 20px;font-size:16px;line-height:24px;border-color:#c85353;border-radius:0px;-moz-border-radius:0px;-webkit-border-radius:0px;text-shadow:none;-moz-text-shadow:none;-webkit-text-shadow:none\"><i class=\"sui sui-mouse-pointer\" style=\"font-size:16px;color:#FFFFFF\"><\/i> Copertina Felssibile<\/span><\/a><\/div>\n<div class=\"su-youtube su-u-responsive-media-yes\"><iframe width=\"500\" height=\"400\" src=\"https:\/\/www.youtube.com\/embed\/7DYXCw3N558?\" frameborder=\"0\" allowfullscreen allow=\"autoplay; encrypted-media; picture-in-picture\" title=\"\"><\/iframe><\/div>\n<p>&nbsp;<\/p>\n<p>&nbsp;<\/p>\n","protected":false},"excerpt":{"rendered":"<p><em><span class=\"\" title=\"Modifi\u00e9\"><span class=\"\">\u00abMi ricordi il film Pretty Woman. Le battute iniziali dicevano proprio questo, che qui a Hollywood si realizzano i sogni.\u00bb\u2060<\/span><\/span><\/em><\/p>\n<p><span class=\"\" title=\"Modifi\u00e9\"><span class=\"\"><br \/>\nCarol \u00e8 un\u2019affermata scrittrice il cui best-seller, scritto sotto pseudonimo, sta per diventare un film. Hollywood la attende e niente sembra poter andare storto, almeno fino a quando il produttore non decide di ingaggiare Benedict Devoe come attore protagonista del suo film, il suo ex marito. Ben non ha idea di chi si celi dietro la maschera del famoso scrittore e non riesce davvero a capire perch\u00e9 Carol sia sempre presente ad ogni provino e conferenza stampa. Quando stavano insieme, Carol era un\u2019editor con qualche difficolt\u00e0 a sbarcare il lunario e lui un aspirante attore con pi\u00f9 sogni che speranze. La vita ha sorriso a entrambi dal punto di vista lavorativo, ma non si pu\u00f2 dire altrettanto della loro disastrosa situazione sentimentale. Due cuori infranti che hanno ottenuto tutto dalla vita, tranne la cosa pi\u00f9 importante. Sapr\u00e0 la citt\u00e0 dei sogni dare loro una seconda opportunit\u00e0? \u2060<\/span><\/span><\/p>\n","protected":false},"featured_media":2507099,"comment_status":"closed","ping_status":"closed","template":"","meta":[],"_links":{"self":[{"href":"https:\/\/cherry-publishing.com\/it\/wp-json\/wp\/v2\/product\/2507098"}],"collection":[{"href":"https:\/\/cherry-publishing.com\/it\/wp-json\/wp\/v2\/product"}],"about":[{"href":"https:\/\/cherry-publishing.com\/it\/wp-json\/wp\/v2\/types\/product"}],"replies":[{"embeddable":true,"href":"https:\/\/cherry-publishing.com\/it\/wp-json\/wp\/v2\/comments?post=2507098"}],"wp:featuredmedia":[{"embeddable":true,"href":"https:\/\/cherry-publishing.com\/it\/wp-json\/wp\/v2\/media\/2507099"}],"wp:attachment":[{"href":"https:\/\/cherry-publishing.com\/it\/wp-json\/wp\/v2\/media?parent=2507098"}],"curies":[{"name":"wp","href":"https:\/\/api.w.org\/{rel}","templated":true}]}}