{"id":2507303,"date":"2022-01-26T16:14:21","date_gmt":"2022-01-26T15:14:21","guid":{"rendered":"https:\/\/cherry-publishing.com\/?post_type=product&#038;p=2507303"},"modified":"2022-01-28T16:43:54","modified_gmt":"2022-01-28T15:43:54","slug":"papavero-nero","status":"publish","type":"product","link":"https:\/\/cherry-publishing.com\/it\/romanzo\/romanzi\/fantasy\/papavero-nero\/","title":{"rendered":"Papavero Nero"},"content":{"rendered":"<div class=\"su-button-center\"><a href=\"https:\/\/amzn.to\/32DiWim\" class=\"su-button su-button-style-flat su-button-wide\" style=\"color:#FFFFFF;background-color:#b00909;border-color:#8d0808;border-radius:0px;-moz-border-radius:0px;-webkit-border-radius:0px\" target=\"_blank\" rel=\"noopener noreferrer\"><span style=\"color:#FFFFFF;padding:7px 20px;font-size:16px;line-height:24px;border-color:#c85353;border-radius:0px;-moz-border-radius:0px;-webkit-border-radius:0px;text-shadow:none;-moz-text-shadow:none;-webkit-text-shadow:none\"><i class=\"sui sui-book\" style=\"font-size:16px;color:#FFFFFF\"><\/i> Leggi in e-book<\/span><\/a><\/div>\n<div class=\"su-button-center\"><a href=\"https:\/\/amzn.to\/3g7PvZ8\" class=\"su-button su-button-style-flat su-button-wide\" style=\"color:#FFFFFF;background-color:#b00909;border-color:#8d0808;border-radius:0px;-moz-border-radius:0px;-webkit-border-radius:0px\" target=\"_self\"><span style=\"color:#FFFFFF;padding:7px 20px;font-size:16px;line-height:24px;border-color:#c85353;border-radius:0px;-moz-border-radius:0px;-webkit-border-radius:0px;text-shadow:none;-moz-text-shadow:none;-webkit-text-shadow:none\"><i class=\"sui sui-mouse-pointer\" style=\"font-size:16px;color:#FFFFFF\"><\/i> Copertina Felssibile<\/span><\/a><\/div>\n<div class=\"su-youtube su-u-responsive-media-yes\"><iframe width=\"500\" height=\"400\" src=\"https:\/\/www.youtube.com\/embed\/1OJJ27dtOTM?\" frameborder=\"0\" allowfullscreen allow=\"autoplay; encrypted-media; picture-in-picture\" title=\"\"><\/iframe><\/div>\n<p>&nbsp;<\/p>\n<p>&nbsp;<\/p>\n","protected":false},"excerpt":{"rendered":"<p><span class=\"\"><em>\u00abNon servir\u00e0 a nascondere il mostro.\u00bb\u2060<\/em><br \/>\nIn un mondo in cui gli istinti dei vampiri sono stati domati e umani e vampiri convivono tranquillamente fianco a fianco, un violento omicidio durante un party universitario sconvolge l\u2019equilibrio della citt\u00e0.\u2060<br \/>\nMeg \u00e8 una mezzosangue, umana da parte di padre, vampira da parte di madre. Le sue sclere bianche le consentono di nascondere la sua vera identit\u00e0 e solo pochissimi sono a conoscenza della sua vera natura. Uno di questi \u00e8 Nathan Ollieri, membro di una delle famiglie di vampiri pi\u00f9 antiche. Nathan sembra il solo a saperle leggere dentro e a capire qualcosa che sfugge a tutti gli altri. \u2060<br \/>\nQuando altri omicidi seguono il primo e il sospetto che a compierli sia stato un vampiro si fa sempre pi\u00f9 reale, l\u2019antico odio nei confronti di questa razza riemerge, assieme al terrore da tempo dimenticato.\u2060<br \/>\nMeg non riesce ad accettare che l\u2019assassino possa essere un vampiro e ancora meno riesce ad accettare la teoria secondo cui gli antichi istinti si siano risvegliati. Ma il motivo per cui non riesce ad accettarlo \u00e8 molto pi\u00f9 personale di quanto si possa credere. La sensazione che prova ogni volta che vede del sangue, infatti, \u00e8 qualcosa che farebbe accapponare la pelle a qualsiasi umano.\u2060<br \/>\n\u2060<\/span><\/p>\n","protected":false},"featured_media":2507304,"comment_status":"closed","ping_status":"closed","template":"","meta":[],"_links":{"self":[{"href":"https:\/\/cherry-publishing.com\/it\/wp-json\/wp\/v2\/product\/2507303"}],"collection":[{"href":"https:\/\/cherry-publishing.com\/it\/wp-json\/wp\/v2\/product"}],"about":[{"href":"https:\/\/cherry-publishing.com\/it\/wp-json\/wp\/v2\/types\/product"}],"replies":[{"embeddable":true,"href":"https:\/\/cherry-publishing.com\/it\/wp-json\/wp\/v2\/comments?post=2507303"}],"wp:featuredmedia":[{"embeddable":true,"href":"https:\/\/cherry-publishing.com\/it\/wp-json\/wp\/v2\/media\/2507304"}],"wp:attachment":[{"href":"https:\/\/cherry-publishing.com\/it\/wp-json\/wp\/v2\/media?parent=2507303"}],"curies":[{"name":"wp","href":"https:\/\/api.w.org\/{rel}","templated":true}]}}