{"id":2507608,"date":"2022-02-23T09:53:02","date_gmt":"2022-02-23T08:53:02","guid":{"rendered":"https:\/\/cherry-publishing.com\/?post_type=product&#038;p=2507608"},"modified":"2022-02-25T10:09:48","modified_gmt":"2022-02-25T09:09:48","slug":"cuori-imperfetti","status":"publish","type":"product","link":"https:\/\/cherry-publishing.com\/it\/romanzo\/cuori-imperfetti\/","title":{"rendered":"Cuori Imperfetti"},"content":{"rendered":"<div class=\"su-button-center\"><a href=\"https:\/\/amzn.to\/3Hj9pLM\" class=\"su-button su-button-style-flat su-button-wide\" style=\"color:#FFFFFF;background-color:#b00909;border-color:#8d0808;border-radius:0px;-moz-border-radius:0px;-webkit-border-radius:0px\" target=\"_blank\" rel=\"noopener noreferrer\"><span style=\"color:#FFFFFF;padding:7px 20px;font-size:16px;line-height:24px;border-color:#c85353;border-radius:0px;-moz-border-radius:0px;-webkit-border-radius:0px;text-shadow:none;-moz-text-shadow:none;-webkit-text-shadow:none\"><i class=\"sui sui-book\" style=\"font-size:16px;color:#FFFFFF\"><\/i> Leggi in e-book<\/span><\/a><\/div>\n<div class=\"su-button-center\"><a href=\"https:\/\/amzn.to\/3Hj9pLM\" class=\"su-button su-button-style-flat su-button-wide\" style=\"color:#FFFFFF;background-color:#b00909;border-color:#8d0808;border-radius:0px;-moz-border-radius:0px;-webkit-border-radius:0px\" target=\"_self\"><span style=\"color:#FFFFFF;padding:7px 20px;font-size:16px;line-height:24px;border-color:#c85353;border-radius:0px;-moz-border-radius:0px;-webkit-border-radius:0px;text-shadow:none;-moz-text-shadow:none;-webkit-text-shadow:none\"><i class=\"sui sui-mouse-pointer\" style=\"font-size:16px;color:#FFFFFF\"><\/i> Copertina Felssibile<\/span><\/a><\/div>\n<div class=\"su-youtube su-u-responsive-media-yes\"><iframe width=\"500\" height=\"400\" src=\"https:\/\/www.youtube.com\/embed\/yGrOQODvFF4?\" frameborder=\"0\" allowfullscreen allow=\"autoplay; encrypted-media; picture-in-picture\" title=\"\"><\/iframe><\/div>\n<p>&nbsp;<\/p>\n<p>&nbsp;<\/p>\n","protected":false},"excerpt":{"rendered":"<p>Harry Williams \u00e8 una superstar della musica che decide di tornare in patria, a Londra, per il lancio del suo quinto album e inaugurare il suo tour mondiale. Nonostante sia accompagnato dai suoi amici pi\u00f9 stretti, la citt\u00e0 porta con s\u00e9 ricordi dolci amari per il cantante, motivo per cui vi passa sempre meno tempo negli anni. Qui si incontra, o meglio si scontra, a Hyde Park con una misteriosa ragazza che sembra essere terrorizzata da lui: Giulia Montanari.<\/p>\n<p>Giulia \u00e8 una introversa ma determinata ventunenne italiana che si trova a Londra per realizzare il grande sogno di suo fratello Gianluca, scomparso due anni prima mentre tornava a casa proprio dopo un concerto di Harry Williams. Il fragile equilibrio psicologico di Giulia viene meno quando il destino decide di catapultare Harry nella sua quotidianit\u00e0, costringendola a fare i conti con la superstar che tanto la destabilizza.<\/p>\n<p>Due cuori feriti alla ricerca di un lieto fine. Che possano trovarlo solo ammettendo la loro imperfezione?<\/p>\n","protected":false},"featured_media":2507628,"comment_status":"closed","ping_status":"closed","template":"","meta":[],"_links":{"self":[{"href":"https:\/\/cherry-publishing.com\/it\/wp-json\/wp\/v2\/product\/2507608"}],"collection":[{"href":"https:\/\/cherry-publishing.com\/it\/wp-json\/wp\/v2\/product"}],"about":[{"href":"https:\/\/cherry-publishing.com\/it\/wp-json\/wp\/v2\/types\/product"}],"replies":[{"embeddable":true,"href":"https:\/\/cherry-publishing.com\/it\/wp-json\/wp\/v2\/comments?post=2507608"}],"wp:featuredmedia":[{"embeddable":true,"href":"https:\/\/cherry-publishing.com\/it\/wp-json\/wp\/v2\/media\/2507628"}],"wp:attachment":[{"href":"https:\/\/cherry-publishing.com\/it\/wp-json\/wp\/v2\/media?parent=2507608"}],"curies":[{"name":"wp","href":"https:\/\/api.w.org\/{rel}","templated":true}]}}