{"id":2508466,"date":"2022-04-25T08:42:36","date_gmt":"2022-04-25T07:42:36","guid":{"rendered":"https:\/\/cherry-publishing.com\/?post_type=product&#038;p=2508466"},"modified":"2022-04-29T08:54:06","modified_gmt":"2022-04-29T07:54:06","slug":"sotto-le-persone","status":"publish","type":"product","link":"https:\/\/cherry-publishing.com\/it\/romanzo\/romanzi\/new-adult\/sotto-le-persone\/","title":{"rendered":"Sotto le persone"},"content":{"rendered":"<div class=\"su-button-center\"><a href=\"https:\/\/amzn.to\/3ODR4Oi\" class=\"su-button su-button-style-flat su-button-wide\" style=\"color:#FFFFFF;background-color:#b00909;border-color:#8d0808;border-radius:0px;-moz-border-radius:0px;-webkit-border-radius:0px\" target=\"_blank\" rel=\"noopener noreferrer\"><span style=\"color:#FFFFFF;padding:7px 20px;font-size:16px;line-height:24px;border-color:#c85353;border-radius:0px;-moz-border-radius:0px;-webkit-border-radius:0px;text-shadow:none;-moz-text-shadow:none;-webkit-text-shadow:none\"><i class=\"sui sui-book\" style=\"font-size:16px;color:#FFFFFF\"><\/i> Leggi in e-book<\/span><\/a><\/div>\n<div class=\"su-button-center\"><a href=\"https:\/\/amzn.to\/3ODR4Oi\" class=\"su-button su-button-style-flat su-button-wide\" style=\"color:#FFFFFF;background-color:#b00909;border-color:#8d0808;border-radius:0px;-moz-border-radius:0px;-webkit-border-radius:0px\" target=\"_self\"><span style=\"color:#FFFFFF;padding:7px 20px;font-size:16px;line-height:24px;border-color:#c85353;border-radius:0px;-moz-border-radius:0px;-webkit-border-radius:0px;text-shadow:none;-moz-text-shadow:none;-webkit-text-shadow:none\"><i class=\"sui sui-mouse-pointer\" style=\"font-size:16px;color:#FFFFFF\"><\/i> Copertina Felssibile<\/span><\/a><\/div>\n<div class=\"su-youtube su-u-responsive-media-yes\"><iframe width=\"500\" height=\"400\" src=\"https:\/\/www.youtube.com\/embed\/4-gjX8AyxT8?\" frameborder=\"0\" allowfullscreen allow=\"autoplay; encrypted-media; picture-in-picture\" title=\"\"><\/iframe><\/div>\n<p>&nbsp;<\/p>\n<p>&nbsp;<\/p>\n","protected":false},"excerpt":{"rendered":"<p class=\"p1\">Una nuova citt\u00e0, una mansarda malconcia, l\u2019universit\u00e0 da incominciare e il desiderio di dimostrare al mondo di potersela cavare da sola. \u00c8 cos\u00ec che ha inizio la vita di Elena a Venezia. Ma tra i nuovi amici e le feste universitarie resta il peso di un passato ingombrante, che lascia ancora segni indelebili. Gli stessi segni che porta il ragazzo del 32, quel vicino di casa cos\u00ec misterioso e indisponente, con la finestra proprio davanti alla sua. In una citt\u00e0 affascinante ma decadente e giri tutt\u2019altro che legali, due anime chiuse si incontrano e si scontrano nel tentativo di carpire l\u2019essenza l\u2019una dell\u2019altra, di vedere cosa si nasconde dietro la superficie di due vite apparentemente perfette, di scoprire cosa c\u2019\u00e8 sotto le persone.<\/p>\n","protected":false},"featured_media":2508468,"comment_status":"closed","ping_status":"closed","template":"","meta":[],"_links":{"self":[{"href":"https:\/\/cherry-publishing.com\/it\/wp-json\/wp\/v2\/product\/2508466"}],"collection":[{"href":"https:\/\/cherry-publishing.com\/it\/wp-json\/wp\/v2\/product"}],"about":[{"href":"https:\/\/cherry-publishing.com\/it\/wp-json\/wp\/v2\/types\/product"}],"replies":[{"embeddable":true,"href":"https:\/\/cherry-publishing.com\/it\/wp-json\/wp\/v2\/comments?post=2508466"}],"wp:featuredmedia":[{"embeddable":true,"href":"https:\/\/cherry-publishing.com\/it\/wp-json\/wp\/v2\/media\/2508468"}],"wp:attachment":[{"href":"https:\/\/cherry-publishing.com\/it\/wp-json\/wp\/v2\/media?parent=2508466"}],"curies":[{"name":"wp","href":"https:\/\/api.w.org\/{rel}","templated":true}]}}