{"id":3008523,"date":"2022-05-02T14:02:09","date_gmt":"2022-05-02T13:02:09","guid":{"rendered":"https:\/\/cherry-publishing.com\/?post_type=product&#038;p=3008523"},"modified":"2022-05-06T19:39:12","modified_gmt":"2022-05-06T18:39:12","slug":"il-caso-cartesio","status":"publish","type":"product","link":"https:\/\/cherry-publishing.com\/it\/romanzo\/romanzi\/storico\/il-caso-cartesio\/","title":{"rendered":"Il caso Cartesio"},"content":{"rendered":"<div class=\"su-button-center\"><a href=\"https:\/\/amzn.to\/3KPf51N\" class=\"su-button su-button-style-flat su-button-wide\" style=\"color:#FFFFFF;background-color:#b00909;border-color:#8d0808;border-radius:0px;-moz-border-radius:0px;-webkit-border-radius:0px\" target=\"_blank\" rel=\"noopener noreferrer\"><span style=\"color:#FFFFFF;padding:7px 20px;font-size:16px;line-height:24px;border-color:#c85353;border-radius:0px;-moz-border-radius:0px;-webkit-border-radius:0px;text-shadow:none;-moz-text-shadow:none;-webkit-text-shadow:none\"><i class=\"sui sui-book\" style=\"font-size:16px;color:#FFFFFF\"><\/i> Leggi in e-book<\/span><\/a><\/div>\n<div class=\"su-button-center\"><a href=\"https:\/\/amzn.to\/3KPf51N\" class=\"su-button su-button-style-flat su-button-wide\" style=\"color:#FFFFFF;background-color:#b00909;border-color:#8d0808;border-radius:0px;-moz-border-radius:0px;-webkit-border-radius:0px\" target=\"_self\"><span style=\"color:#FFFFFF;padding:7px 20px;font-size:16px;line-height:24px;border-color:#c85353;border-radius:0px;-moz-border-radius:0px;-webkit-border-radius:0px;text-shadow:none;-moz-text-shadow:none;-webkit-text-shadow:none\"><i class=\"sui sui-mouse-pointer\" style=\"font-size:16px;color:#FFFFFF\"><\/i> Copertina Felssibile<\/span><\/a><\/div>\n<div class=\"su-youtube su-u-responsive-media-yes\"><iframe width=\"500\" height=\"400\" src=\"https:\/\/www.youtube.com\/embed\/gPe-aGqRvjI?\" frameborder=\"0\" allowfullscreen allow=\"autoplay; encrypted-media; picture-in-picture\" title=\"\"><\/iframe><\/div>\n<p>&nbsp;<\/p>\n<p>&nbsp;<\/p>\n","protected":false},"excerpt":{"rendered":"<p>Chi \u00e8 stato Renato Cartesio? Un filosofo, matematico ma, soprattutto, un pensatore scomodo, rivoluzionario, che ha finito per farsi molti nemici. La sua morte ha lasciato perplesse generazioni di storici. Il caso Cartesio \u00e8 il thriller storico che getta nuova luce su un mistero che per secoli \u00e8 stato archiviato come un decesso per polmonite.<\/p>\n<p>Alternandosi tra tre linee temporali, Daniele Bondi esegue un\u2019altra indagine. Ripercorre le strade di Stoccolma del 1649, nella quale Cartesio \u00e8 ospite presso la regina Cristina di Svezia, una visita temuta da molti perch\u00e9 potrebbe rivelarsi il preludio della conversione al cattolicesimo della sovrana. Pi\u00f9 persone hanno ragione di eliminare il filosofo, ma chi sar\u00e0 il fautore del delitto?<\/p>\n<p>Una domanda che trover\u00e0 risposta nelle indagini del generale asburgico Raimondo Montecuccoli, che nel 1654 viene a conoscenza di alcuni importanti dettagli sul decesso del filosofo, e dall\u2019impresa azzardata di una dottoranda dell\u2019Universit\u00e0 di Parma, Elisabetta Palatini, e il rinomato professore di Oxford, Thomas Doyle. I due, contemporanei del 2009, tenteranno il tutto per tutto per rendere pubblica la verit\u00e0 sulla morte di Cartesio, anche se questo richieder\u00e0 di violare la legge.<\/p>\n<p>Sar\u00e0 finalmente l\u2019epilogo di un mistero rimasto irrisolto per secoli?<\/p>\n","protected":false},"featured_media":3008524,"comment_status":"closed","ping_status":"closed","template":"","meta":[],"_links":{"self":[{"href":"https:\/\/cherry-publishing.com\/it\/wp-json\/wp\/v2\/product\/3008523"}],"collection":[{"href":"https:\/\/cherry-publishing.com\/it\/wp-json\/wp\/v2\/product"}],"about":[{"href":"https:\/\/cherry-publishing.com\/it\/wp-json\/wp\/v2\/types\/product"}],"replies":[{"embeddable":true,"href":"https:\/\/cherry-publishing.com\/it\/wp-json\/wp\/v2\/comments?post=3008523"}],"wp:featuredmedia":[{"embeddable":true,"href":"https:\/\/cherry-publishing.com\/it\/wp-json\/wp\/v2\/media\/3008524"}],"wp:attachment":[{"href":"https:\/\/cherry-publishing.com\/it\/wp-json\/wp\/v2\/media?parent=3008523"}],"curies":[{"name":"wp","href":"https:\/\/api.w.org\/{rel}","templated":true}]}}