{"id":3008563,"date":"2022-05-09T09:15:22","date_gmt":"2022-05-09T08:15:22","guid":{"rendered":"https:\/\/cherry-publishing.com\/?post_type=product&#038;p=3008563"},"modified":"2022-05-13T10:28:17","modified_gmt":"2022-05-13T09:28:17","slug":"the-jack-of-hearts","status":"publish","type":"product","link":"https:\/\/cherry-publishing.com\/it\/romanzo\/the-jack-of-hearts\/","title":{"rendered":"The Jack of Hearts"},"content":{"rendered":"<div class=\"su-button-center\"><a href=\"https:\/\/amzn.to\/3yDQsmf\" class=\"su-button su-button-style-flat su-button-wide\" style=\"color:#FFFFFF;background-color:#b00909;border-color:#8d0808;border-radius:0px;-moz-border-radius:0px;-webkit-border-radius:0px\" target=\"_blank\" rel=\"noopener noreferrer\"><span style=\"color:#FFFFFF;padding:7px 20px;font-size:16px;line-height:24px;border-color:#c85353;border-radius:0px;-moz-border-radius:0px;-webkit-border-radius:0px;text-shadow:none;-moz-text-shadow:none;-webkit-text-shadow:none\"><i class=\"sui sui-book\" style=\"font-size:16px;color:#FFFFFF\"><\/i> Leggi in e-book<\/span><\/a><\/div>\n<div class=\"su-button-center\"><a href=\"https:\/\/amzn.to\/3yDQsmf\" class=\"su-button su-button-style-flat su-button-wide\" style=\"color:#FFFFFF;background-color:#b00909;border-color:#8d0808;border-radius:0px;-moz-border-radius:0px;-webkit-border-radius:0px\" target=\"_self\"><span style=\"color:#FFFFFF;padding:7px 20px;font-size:16px;line-height:24px;border-color:#c85353;border-radius:0px;-moz-border-radius:0px;-webkit-border-radius:0px;text-shadow:none;-moz-text-shadow:none;-webkit-text-shadow:none\"><i class=\"sui sui-mouse-pointer\" style=\"font-size:16px;color:#FFFFFF\"><\/i> Copertina Felssibile<\/span><\/a><\/div>\n<div class=\"su-youtube su-u-responsive-media-yes\"><iframe width=\"500\" height=\"400\" src=\"https:\/\/www.youtube.com\/embed\/F0Uo3YdQdjU?\" frameborder=\"0\" allowfullscreen allow=\"autoplay; encrypted-media; picture-in-picture\" title=\"\"><\/iframe><\/div>\n<p>&nbsp;<\/p>\n<p>&nbsp;<\/p>\n","protected":false},"excerpt":{"rendered":"<p>Un padre mafioso, una madre appassionata di gioco d\u2019azzardo e quattro figli dai nomi bizzarri a causa del suo amore per le carte.<\/p>\n<p>Jack, il maggiore, \u00e8 un ex soldato che dirige ora un\u2019impresa edile itinerante. La sua vita semplice e onesta \u00e8 ben lontana dai loschi giri d\u2019affari della sua famiglia, eppure la sua quiete sta per essere sconvolta da una richiesta inaspettata.<\/p>\n<p>Jessie \u00e8 una rider, la sua vita scorre monotona e noiosa fino al giorno in cui, durante una consegna, si ritrova ad assistere a un omicidio compiuto dal pi\u00f9 famoso criminale di Wintrix. Per fortuna la sua coinquilina lavora per Jolly, la direttrice del pi\u00f9 grande casin\u00f2 della citt\u00e0. Jolly sa come farla sparire: ha un fratello che si sposta ogni giorno attraverso il Paese e potrebbe nascondere la ragazza in mezzo ai suoi operai. \u00c8 cos\u00ec che Jessie si ritrova a lavorare per Jack, quell\u2019uomo tanto introverso quanto bellissimo.<\/p>\n<p>Ma quando entri nella lista nera del Diavolo Italiano, la tua vita e quelle di chi ti circonda sono segnate per sempre.<\/p>\n<p>&nbsp;<\/p>\n","protected":false},"featured_media":3008564,"comment_status":"closed","ping_status":"closed","template":"","meta":[],"_links":{"self":[{"href":"https:\/\/cherry-publishing.com\/it\/wp-json\/wp\/v2\/product\/3008563"}],"collection":[{"href":"https:\/\/cherry-publishing.com\/it\/wp-json\/wp\/v2\/product"}],"about":[{"href":"https:\/\/cherry-publishing.com\/it\/wp-json\/wp\/v2\/types\/product"}],"replies":[{"embeddable":true,"href":"https:\/\/cherry-publishing.com\/it\/wp-json\/wp\/v2\/comments?post=3008563"}],"wp:featuredmedia":[{"embeddable":true,"href":"https:\/\/cherry-publishing.com\/it\/wp-json\/wp\/v2\/media\/3008564"}],"wp:attachment":[{"href":"https:\/\/cherry-publishing.com\/it\/wp-json\/wp\/v2\/media?parent=3008563"}],"curies":[{"name":"wp","href":"https:\/\/api.w.org\/{rel}","templated":true}]}}