{"id":3008663,"date":"2022-05-23T09:05:16","date_gmt":"2022-05-23T08:05:16","guid":{"rendered":"https:\/\/cherry-publishing.com\/?post_type=product&#038;p=3008663"},"modified":"2022-05-31T09:55:23","modified_gmt":"2022-05-31T08:55:23","slug":"demoni-delle-stelle","status":"publish","type":"product","link":"https:\/\/cherry-publishing.com\/it\/romanzo\/demoni-delle-stelle\/","title":{"rendered":"Demoni delle stelle"},"content":{"rendered":"<div class=\"su-button-center\"><a href=\"https:\/\/amzn.to\/3sYRyFq\" class=\"su-button su-button-style-flat su-button-wide\" style=\"color:#FFFFFF;background-color:#b00909;border-color:#8d0808;border-radius:0px;-moz-border-radius:0px;-webkit-border-radius:0px\" target=\"_blank\" rel=\"noopener noreferrer\"><span style=\"color:#FFFFFF;padding:7px 20px;font-size:16px;line-height:24px;border-color:#c85353;border-radius:0px;-moz-border-radius:0px;-webkit-border-radius:0px;text-shadow:none;-moz-text-shadow:none;-webkit-text-shadow:none\"><i class=\"sui sui-book\" style=\"font-size:16px;color:#FFFFFF\"><\/i> Leggi in e-book<\/span><\/a><\/div>\n<div class=\"su-button-center\"><a href=\"https:\/\/amzn.to\/3m0d214\" class=\"su-button su-button-style-flat su-button-wide\" style=\"color:#FFFFFF;background-color:#b00909;border-color:#8d0808;border-radius:0px;-moz-border-radius:0px;-webkit-border-radius:0px\" target=\"_self\"><span style=\"color:#FFFFFF;padding:7px 20px;font-size:16px;line-height:24px;border-color:#c85353;border-radius:0px;-moz-border-radius:0px;-webkit-border-radius:0px;text-shadow:none;-moz-text-shadow:none;-webkit-text-shadow:none\"><i class=\"sui sui-mouse-pointer\" style=\"font-size:16px;color:#FFFFFF\"><\/i> Copertina Felssibile<\/span><\/a><\/div>\n<p>&nbsp;<\/p>\n<p>&nbsp;<\/p>\n<p>&nbsp;<\/p>\n","protected":false},"excerpt":{"rendered":"<p class=\"p1\">In un giorno qualunque, durante una festa di paese, le amiche di Mina decidono di trascinarla a farsi leggere il futuro da una cartomante. La ragazza non crede minimamente in queste cose e nonostante quella donna sembri saperle leggere dentro, Mina non d\u00e0 troppo peso a quanto le dice. Eppure da quella notte un sogno ricorrente comincia a tormentarla, cos\u00ec reale e intenso da causarle seri problemi anche durante la veglia. Se non riuscir\u00e0 a trovare nella realt\u00e0 quell\u2019affascinante ragazzo con cui passa ogni singola notte<span class=\"s1\">,<\/span> la sua vita potrebbe precipitare nel baratro, fino al punto di non ritorno. Ma come si fa a trovare qualcuno basandosi solo su un sogno?<\/p>\n","protected":false},"featured_media":3008664,"comment_status":"closed","ping_status":"closed","template":"","meta":[],"_links":{"self":[{"href":"https:\/\/cherry-publishing.com\/it\/wp-json\/wp\/v2\/product\/3008663"}],"collection":[{"href":"https:\/\/cherry-publishing.com\/it\/wp-json\/wp\/v2\/product"}],"about":[{"href":"https:\/\/cherry-publishing.com\/it\/wp-json\/wp\/v2\/types\/product"}],"replies":[{"embeddable":true,"href":"https:\/\/cherry-publishing.com\/it\/wp-json\/wp\/v2\/comments?post=3008663"}],"wp:featuredmedia":[{"embeddable":true,"href":"https:\/\/cherry-publishing.com\/it\/wp-json\/wp\/v2\/media\/3008664"}],"wp:attachment":[{"href":"https:\/\/cherry-publishing.com\/it\/wp-json\/wp\/v2\/media?parent=3008663"}],"curies":[{"name":"wp","href":"https:\/\/api.w.org\/{rel}","templated":true}]}}