{"id":3008746,"date":"2022-06-08T12:33:15","date_gmt":"2022-06-08T11:33:15","guid":{"rendered":"https:\/\/cherry-publishing.com\/?post_type=product&#038;p=3008746"},"modified":"2022-06-10T09:48:27","modified_gmt":"2022-06-10T08:48:27","slug":"beatrice-the-sun-inside","status":"publish","type":"product","link":"https:\/\/cherry-publishing.com\/it\/romanzo\/beatrice-the-sun-inside\/","title":{"rendered":"Beatrice &#8211; The Sun Inside"},"content":{"rendered":"<div class=\"su-button-center\"><a href=\"https:\/\/amzn.to\/3mxXnX1\" class=\"su-button su-button-style-flat su-button-wide\" style=\"color:#FFFFFF;background-color:#b00909;border-color:#8d0808;border-radius:0px;-moz-border-radius:0px;-webkit-border-radius:0px\" target=\"_blank\" rel=\"noopener noreferrer\"><span style=\"color:#FFFFFF;padding:7px 20px;font-size:16px;line-height:24px;border-color:#c85353;border-radius:0px;-moz-border-radius:0px;-webkit-border-radius:0px;text-shadow:none;-moz-text-shadow:none;-webkit-text-shadow:none\"><i class=\"sui sui-book\" style=\"font-size:16px;color:#FFFFFF\"><\/i> Leggi in e-book<\/span><\/a><\/div>\n<div class=\"su-button-center\"><a href=\"https:\/\/amzn.to\/3mxXnX1\" class=\"su-button su-button-style-flat su-button-wide\" style=\"color:#FFFFFF;background-color:#b00909;border-color:#8d0808;border-radius:0px;-moz-border-radius:0px;-webkit-border-radius:0px\" target=\"_self\"><span style=\"color:#FFFFFF;padding:7px 20px;font-size:16px;line-height:24px;border-color:#c85353;border-radius:0px;-moz-border-radius:0px;-webkit-border-radius:0px;text-shadow:none;-moz-text-shadow:none;-webkit-text-shadow:none\"><i class=\"sui sui-mouse-pointer\" style=\"font-size:16px;color:#FFFFFF\"><\/i> Copertina Felssibile<\/span><\/a><\/div>\n<p>&nbsp;<\/p>\n<p>&nbsp;<\/p>\n","protected":false},"excerpt":{"rendered":"<p>\u201cIl primo amore non si scorda mai\u201d e Beatrice lo sa bene. Riccardo \u00e8 stato la sua sbandata adolescenziale, il solo vederlo era un motivo sufficiente per sopportare le schermaglie continue dei suoi compagni a scuola. Ma un messaggio crudele da parte sua l\u2019ha fatta crollare e ha rotto l\u2019idillio.<\/p>\n<p>A trentasei anni e venti chili in meno, Beatrice percorre di nuovo i corridoi della scuola che le ha portato tanti dolori, ma questa volta in veste di insegnante. Il fato la mette di nuovo alla prova facendole trovare nella sua classe il figlio indisciplinato di Riccardo, con cui, per quanto si ostini a negarlo, sogna ancora di perdere la verginit\u00e0. Perch\u00e9, s\u00ec, Beatrice \u00e8 single e ancora vergine, incapace di rinunciare a quel sogno d\u2019amore che l\u2019accompagna fin da piccola.<\/p>\n<p>Le sue amiche non fanno che ripeterle di buttarsi, ma in che direzione dovrebbe tentare la sorte? Verso l\u2019uomo che ha continuato segretamente ad amare e che sembra finalmente intenzionato a conquistarla, o allargare gli orizzonti verso mete pi\u00f9\u2026 meridionali?<\/p>\n","protected":false},"featured_media":3008747,"comment_status":"closed","ping_status":"closed","template":"","meta":[],"_links":{"self":[{"href":"https:\/\/cherry-publishing.com\/it\/wp-json\/wp\/v2\/product\/3008746"}],"collection":[{"href":"https:\/\/cherry-publishing.com\/it\/wp-json\/wp\/v2\/product"}],"about":[{"href":"https:\/\/cherry-publishing.com\/it\/wp-json\/wp\/v2\/types\/product"}],"replies":[{"embeddable":true,"href":"https:\/\/cherry-publishing.com\/it\/wp-json\/wp\/v2\/comments?post=3008746"}],"wp:featuredmedia":[{"embeddable":true,"href":"https:\/\/cherry-publishing.com\/it\/wp-json\/wp\/v2\/media\/3008747"}],"wp:attachment":[{"href":"https:\/\/cherry-publishing.com\/it\/wp-json\/wp\/v2\/media?parent=3008746"}],"curies":[{"name":"wp","href":"https:\/\/api.w.org\/{rel}","templated":true}]}}