{"id":3009012,"date":"2022-06-21T03:18:10","date_gmt":"2022-06-21T02:18:10","guid":{"rendered":"https:\/\/cherry-publishing.com\/?post_type=product&#038;p=3009012"},"modified":"2022-06-24T02:23:19","modified_gmt":"2022-06-24T01:23:19","slug":"carpe-diem-il-gioco-dell-amore","status":"publish","type":"product","link":"https:\/\/cherry-publishing.com\/it\/romanzo\/carpe-diem-il-gioco-dell-amore\/","title":{"rendered":"Carpe Diem : Il gioco dell&#8217;amore"},"content":{"rendered":"<div class=\"su-button-center\"><a href=\"https:\/\/amzn.to\/3HM0m83\" class=\"su-button su-button-style-flat su-button-wide\" style=\"color:#FFFFFF;background-color:#b00909;border-color:#8d0808;border-radius:0px;-moz-border-radius:0px;-webkit-border-radius:0px\" target=\"_blank\" rel=\"noopener noreferrer\"><span style=\"color:#FFFFFF;padding:7px 20px;font-size:16px;line-height:24px;border-color:#c85353;border-radius:0px;-moz-border-radius:0px;-webkit-border-radius:0px;text-shadow:none;-moz-text-shadow:none;-webkit-text-shadow:none\"><i class=\"sui sui-book\" style=\"font-size:16px;color:#FFFFFF\"><\/i> Leggi in e-book<\/span><\/a><\/div>\n<div class=\"su-button-center\"><a href=\"https:\/\/amzn.to\/3OtfKIy\" class=\"su-button su-button-style-flat su-button-wide\" style=\"color:#FFFFFF;background-color:#b00909;border-color:#8d0808;border-radius:0px;-moz-border-radius:0px;-webkit-border-radius:0px\" target=\"_self\"><span style=\"color:#FFFFFF;padding:7px 20px;font-size:16px;line-height:24px;border-color:#c85353;border-radius:0px;-moz-border-radius:0px;-webkit-border-radius:0px;text-shadow:none;-moz-text-shadow:none;-webkit-text-shadow:none\"><i class=\"sui sui-mouse-pointer\" style=\"font-size:16px;color:#FFFFFF\"><\/i> Copertina Felssibile<\/span><\/a><\/div>\n<p>&nbsp;<\/p>\n<p>&nbsp;<\/p>\n","protected":false},"excerpt":{"rendered":"<p>Luke Mason, dirigente di una multinazionale, ama le sfide, un atteggiamento vincente nel mondo del lavoro ma decisamente dannoso quando si confronta con un ufficiale di polizia. Risultato: la sospensione della patente e una condanna a prendere il treno per andare al lavoro.<\/p>\n<p>Eppure quando vede su quel treno una donna incredibilmente attraente con il laptop perennemente sulle gambe, ne rimane folgorato. Deve essere sua e non indugia un secondo a origliare una sua conversazione per rubare il suo indirizzo mail e proporle il suo gioco: obbligo e verit\u00e0.<\/p>\n<p>Uno svago per adolescenti direbbero molti. La stessa Mary Proust lo trova un gioco puerile, lei che \u00e8 sempre stata razionale soprattutto in amore. Si ricrede quando a proporglielo \u00e8 un affascinante sconosciuto che gli rallegra le tediose giornate da pendolare.<\/p>\n<p>L\u2019interesse l\u2019un per l\u2019altro \u00e8 palese e la necessit\u00e0 di vivere il momento \u00e8 impellente. Quindi, perch\u00e9 non giocare?<\/p>\n<p>Le regole del gioco, per\u00f2, impongono di omettere il loro lavoro dalle conversazioni, una verit\u00e0 che, se rivelata, cambierebbe radicalmente le carte in tavola\u2026<\/p>\n","protected":false},"featured_media":3009013,"comment_status":"closed","ping_status":"closed","template":"","meta":[],"_links":{"self":[{"href":"https:\/\/cherry-publishing.com\/it\/wp-json\/wp\/v2\/product\/3009012"}],"collection":[{"href":"https:\/\/cherry-publishing.com\/it\/wp-json\/wp\/v2\/product"}],"about":[{"href":"https:\/\/cherry-publishing.com\/it\/wp-json\/wp\/v2\/types\/product"}],"replies":[{"embeddable":true,"href":"https:\/\/cherry-publishing.com\/it\/wp-json\/wp\/v2\/comments?post=3009012"}],"wp:featuredmedia":[{"embeddable":true,"href":"https:\/\/cherry-publishing.com\/it\/wp-json\/wp\/v2\/media\/3009013"}],"wp:attachment":[{"href":"https:\/\/cherry-publishing.com\/it\/wp-json\/wp\/v2\/media?parent=3009012"}],"curies":[{"name":"wp","href":"https:\/\/api.w.org\/{rel}","templated":true}]}}