{"id":3009063,"date":"2022-06-27T03:45:26","date_gmt":"2022-06-27T02:45:26","guid":{"rendered":"https:\/\/cherry-publishing.com\/?post_type=product&#038;p=3009063"},"modified":"2022-08-08T09:11:38","modified_gmt":"2022-08-08T08:11:38","slug":"flaming-ice-2-fuoco","status":"publish","type":"product","link":"https:\/\/cherry-publishing.com\/it\/romanzo\/romanzi\/soft-dark\/flaming-ice-2-fuoco\/","title":{"rendered":"Flaming Ice 2: Fuoco"},"content":{"rendered":"<div class=\"su-button-center\"><a href=\"https:\/\/amzn.to\/3P9bw8R\" class=\"su-button su-button-style-flat su-button-wide\" style=\"color:#FFFFFF;background-color:#b00909;border-color:#8d0808;border-radius:0px;-moz-border-radius:0px;-webkit-border-radius:0px\" target=\"_blank\" rel=\"noopener noreferrer\"><span style=\"color:#FFFFFF;padding:7px 20px;font-size:16px;line-height:24px;border-color:#c85353;border-radius:0px;-moz-border-radius:0px;-webkit-border-radius:0px;text-shadow:none;-moz-text-shadow:none;-webkit-text-shadow:none\"><i class=\"sui sui-book\" style=\"font-size:16px;color:#FFFFFF\"><\/i> Leggi in e-book<\/span><\/a><\/div>\n<div class=\"su-button-center\"><a href=\"https:\/\/amzn.to\/3SyNsz5\" class=\"su-button su-button-style-flat su-button-wide\" style=\"color:#FFFFFF;background-color:#b00909;border-color:#8d0808;border-radius:0px;-moz-border-radius:0px;-webkit-border-radius:0px\" target=\"_self\"><span style=\"color:#FFFFFF;padding:7px 20px;font-size:16px;line-height:24px;border-color:#c85353;border-radius:0px;-moz-border-radius:0px;-webkit-border-radius:0px;text-shadow:none;-moz-text-shadow:none;-webkit-text-shadow:none\"><i class=\"sui sui-mouse-pointer\" style=\"font-size:16px;color:#FFFFFF\"><\/i> Copertina Felssibile<\/span><\/a><\/div>\n\n<p>&nbsp;<\/p>\n<p>&nbsp;<\/p>\n","protected":false},"excerpt":{"rendered":"<p>Il mondo di Catherine non \u00e8 pi\u00f9 lo stesso da quando Drake \u00e8 entrato a farne parte, ma nonostante tutto, per lei \u00e8 impossibile pentirsene. Il loro amore travolgente li ha spinti a combattere fianco a fianco contro i pericolosi nemici emersi dal passato, ma \u00e8 stato il pi\u00f9 spietato di tutti a sferrare un attacco che rischier\u00e0 di cambiare i loro destini per sempre.<\/p>\n<p>\u00c8 veramente possibile per Drake tagliare i ponti con il suo controverso passato, o questo continuer\u00e0 a sconvolgere la vita di tutti quelli che si avvicinano troppo alla sua orbita?<\/p>\n<p>Tra pericolosi faccia a faccia, inseguimenti, misteri, rivelazioni sconcertanti e nuovi sentimenti, Catherine si ritrover\u00e0 ancora una volta a mettere tutto in discussione, e questa volta a un livello pi\u00f9 profondo di quanto avrebbe mai immaginato&#8230;<\/p>\n","protected":false},"featured_media":3009064,"comment_status":"closed","ping_status":"closed","template":"","meta":[],"_links":{"self":[{"href":"https:\/\/cherry-publishing.com\/it\/wp-json\/wp\/v2\/product\/3009063"}],"collection":[{"href":"https:\/\/cherry-publishing.com\/it\/wp-json\/wp\/v2\/product"}],"about":[{"href":"https:\/\/cherry-publishing.com\/it\/wp-json\/wp\/v2\/types\/product"}],"replies":[{"embeddable":true,"href":"https:\/\/cherry-publishing.com\/it\/wp-json\/wp\/v2\/comments?post=3009063"}],"wp:featuredmedia":[{"embeddable":true,"href":"https:\/\/cherry-publishing.com\/it\/wp-json\/wp\/v2\/media\/3009064"}],"wp:attachment":[{"href":"https:\/\/cherry-publishing.com\/it\/wp-json\/wp\/v2\/media?parent=3009063"}],"curies":[{"name":"wp","href":"https:\/\/api.w.org\/{rel}","templated":true}]}}