{"id":3009102,"date":"2022-07-04T04:05:24","date_gmt":"2022-07-04T03:05:24","guid":{"rendered":"https:\/\/cherry-publishing.com\/?post_type=product&#038;p=3009102"},"modified":"2022-08-08T09:13:42","modified_gmt":"2022-08-08T08:13:42","slug":"il-mio-bacio-salato","status":"publish","type":"product","link":"https:\/\/cherry-publishing.com\/it\/romanzo\/romanzi\/new-adult\/il-mio-bacio-salato\/","title":{"rendered":"Il mio bacio salato"},"content":{"rendered":"<div class=\"su-button-center\"><a href=\"https:\/\/amzn.to\/3bDzds4\" class=\"su-button su-button-style-flat su-button-wide\" style=\"color:#FFFFFF;background-color:#b00909;border-color:#8d0808;border-radius:0px;-moz-border-radius:0px;-webkit-border-radius:0px\" target=\"_blank\" rel=\"noopener noreferrer\"><span style=\"color:#FFFFFF;padding:7px 20px;font-size:16px;line-height:24px;border-color:#c85353;border-radius:0px;-moz-border-radius:0px;-webkit-border-radius:0px;text-shadow:none;-moz-text-shadow:none;-webkit-text-shadow:none\"><i class=\"sui sui-book\" style=\"font-size:16px;color:#FFFFFF\"><\/i> Leggi in e-book<\/span><\/a><\/div>\n<div class=\"su-button-center\"><a href=\"https:\/\/amzn.to\/3BKOvWD\" class=\"su-button su-button-style-flat su-button-wide\" style=\"color:#FFFFFF;background-color:#b00909;border-color:#8d0808;border-radius:0px;-moz-border-radius:0px;-webkit-border-radius:0px\" target=\"_self\"><span style=\"color:#FFFFFF;padding:7px 20px;font-size:16px;line-height:24px;border-color:#c85353;border-radius:0px;-moz-border-radius:0px;-webkit-border-radius:0px;text-shadow:none;-moz-text-shadow:none;-webkit-text-shadow:none\"><i class=\"sui sui-mouse-pointer\" style=\"font-size:16px;color:#FFFFFF\"><\/i> Copertina Felssibile<\/span><\/a><\/div>\n<p>&nbsp;<\/p>\n<p>&nbsp;<\/p>\n","protected":false},"excerpt":{"rendered":"<p>Ricco, arrogante e presuntuoso. Brandon \u00e8 proprio cos\u00ec, abituato ad avere tutto ci\u00f2 che desidera, soprattutto grazie al lavoro garantito nell\u2019azienda di famiglia. Quando inizia a mostrare interesse solo per feste e divertimento, diventando scostante anche in ambito lavorativo, il padre lo obbliga a partire. Dovr\u00e0 lavorare in Italia, nella piccola azienda dello zio.<br \/>\nDi sicuro, abituarsi ai nuovi standard sar\u00e0 un\u2019impresa, cos\u00ec come capire quella ragazza dolce e riservata che si aggira per la residenza dello zio che lo ospita. Anna \u00e8 la figlia della governante, sempre disponibile ad aiutare la madre nel suo lavoro, tra una pausa e l\u2019altra dallo studio. Nonostante una vita in apparenza semplice e abitudinaria, sembra nascondere qualcosa dietro a quel comportamento schivo e sfuggente.<br \/>\nPerch\u00e9 ritagliarsi un posto nel suo cuore sembra essere cos\u00ec difficile?<\/p>\n","protected":false},"featured_media":3009103,"comment_status":"closed","ping_status":"closed","template":"","meta":[],"_links":{"self":[{"href":"https:\/\/cherry-publishing.com\/it\/wp-json\/wp\/v2\/product\/3009102"}],"collection":[{"href":"https:\/\/cherry-publishing.com\/it\/wp-json\/wp\/v2\/product"}],"about":[{"href":"https:\/\/cherry-publishing.com\/it\/wp-json\/wp\/v2\/types\/product"}],"replies":[{"embeddable":true,"href":"https:\/\/cherry-publishing.com\/it\/wp-json\/wp\/v2\/comments?post=3009102"}],"wp:featuredmedia":[{"embeddable":true,"href":"https:\/\/cherry-publishing.com\/it\/wp-json\/wp\/v2\/media\/3009103"}],"wp:attachment":[{"href":"https:\/\/cherry-publishing.com\/it\/wp-json\/wp\/v2\/media?parent=3009102"}],"curies":[{"name":"wp","href":"https:\/\/api.w.org\/{rel}","templated":true}]}}