{"id":3009141,"date":"2022-07-11T08:32:45","date_gmt":"2022-07-11T07:32:45","guid":{"rendered":"https:\/\/cherry-publishing.com\/?post_type=product&#038;p=3009141"},"modified":"2022-08-08T09:14:35","modified_gmt":"2022-08-08T08:14:35","slug":"dark-secrets","status":"publish","type":"product","link":"https:\/\/cherry-publishing.com\/it\/romanzo\/romanzi\/fantasy\/dark-secrets\/","title":{"rendered":"Dark Secrets"},"content":{"rendered":"<div class=\"su-button-center\"><a href=\"https:\/\/amzn.to\/3zEdCIe\" class=\"su-button su-button-style-flat su-button-wide\" style=\"color:#FFFFFF;background-color:#b00909;border-color:#8d0808;border-radius:0px;-moz-border-radius:0px;-webkit-border-radius:0px\" target=\"_blank\" rel=\"noopener noreferrer\"><span style=\"color:#FFFFFF;padding:7px 20px;font-size:16px;line-height:24px;border-color:#c85353;border-radius:0px;-moz-border-radius:0px;-webkit-border-radius:0px;text-shadow:none;-moz-text-shadow:none;-webkit-text-shadow:none\"><i class=\"sui sui-book\" style=\"font-size:16px;color:#FFFFFF\"><\/i> Leggi in e-book<\/span><\/a><\/div>\n<div class=\"su-button-center\"><a href=\"https:\/\/amzn.to\/3SxwIYW\" class=\"su-button su-button-style-flat su-button-wide\" style=\"color:#FFFFFF;background-color:#b00909;border-color:#8d0808;border-radius:0px;-moz-border-radius:0px;-webkit-border-radius:0px\" target=\"_blank\" rel=\"noopener noreferrer\"><span style=\"color:#FFFFFF;padding:7px 20px;font-size:16px;line-height:24px;border-color:#c85353;border-radius:0px;-moz-border-radius:0px;-webkit-border-radius:0px;text-shadow:none;-moz-text-shadow:none;-webkit-text-shadow:none\"><i class=\"sui sui-book\" style=\"font-size:16px;color:#FFFFFF\"><\/i> Copertina Felssibile<\/span><\/a><\/div>\n\n<p>&nbsp;<\/p>\n<p>&nbsp;<\/p>\n","protected":false},"excerpt":{"rendered":"<p class=\"p1\">Sono passati dieci anni da quando Cassandra e Rahab si sono diplomati e hanno aperto la loro agenzia per aiutare i diversamente vivi a farsi strada nel mondo degli umani. Dieci anni in cui il prestigio della Night School \u00e8 cresciuto, attirando sempre pi\u00f9 l\u2019ira di chi vorrebbe vedere fallire il progetto di integrazione. Nuove forze si aggirano nella Dimensione Oscura e degli infiltrati sono riusciti a farsi strada tra i banchi della scuola. Tra loro vi \u00e8 Azor, creatura immortale il cui unico desiderio \u00e8 quello di morire, ed \u00e8 esattamente questa la ricompensa che gli \u00e8 stata offerta in cambio del fallimento della Night School. Il preside, per\u00f2, non ha intenzione di cedere e decide di chiedere aiuto a qualcuno che alla scuola tiene quasi quanto lui. La piccola Priscilla \u00e8 ormai una donna ma non le resta molto da vivere: ha ereditato la malattia della madre e il suo destino \u00e8 segnato. Tuttavia, l\u2019idea che la Night possa venire chiusa per sempre e che Rahab e tutti i diversamente vivi sulla Terra debbano lasciarla \u00e8 intollerabile. Decide quindi di accettare la proposta del preside di diventare insegnante.<br \/>\nL\u2019anno scolastico ha inizio e tutto sembra filare liscio tranne che per un dettaglio: quell\u2019Azor, infatti, \u00e8 in grado di darle del vero filo da torcere e le sue energie stanno per esaurirsi. Priscilla riuscir\u00e0 a ribaltare le sorti della scuola prima che sia troppo tardi?<\/p>\n","protected":false},"featured_media":3009142,"comment_status":"closed","ping_status":"closed","template":"","meta":[],"_links":{"self":[{"href":"https:\/\/cherry-publishing.com\/it\/wp-json\/wp\/v2\/product\/3009141"}],"collection":[{"href":"https:\/\/cherry-publishing.com\/it\/wp-json\/wp\/v2\/product"}],"about":[{"href":"https:\/\/cherry-publishing.com\/it\/wp-json\/wp\/v2\/types\/product"}],"replies":[{"embeddable":true,"href":"https:\/\/cherry-publishing.com\/it\/wp-json\/wp\/v2\/comments?post=3009141"}],"wp:featuredmedia":[{"embeddable":true,"href":"https:\/\/cherry-publishing.com\/it\/wp-json\/wp\/v2\/media\/3009142"}],"wp:attachment":[{"href":"https:\/\/cherry-publishing.com\/it\/wp-json\/wp\/v2\/media?parent=3009141"}],"curies":[{"name":"wp","href":"https:\/\/api.w.org\/{rel}","templated":true}]}}